{"id":947,"date":"2023-08-08T13:26:44","date_gmt":"2023-08-08T13:26:44","guid":{"rendered":"https:\/\/www.hospitaldeclinicas.uba.ar\/?page_id=947"},"modified":"2023-08-08T13:26:44","modified_gmt":"2023-08-08T13:26:44","slug":"orgasmo-femenino-crece-el-interes-por-el-autoconocimiento","status":"publish","type":"page","link":"https:\/\/www.hospitaldeclinicas.uba.ar\/?page_id=947","title":{"rendered":"Orgasmo femenino: crece el inter\u00e9s por el autoconocimiento"},"content":{"rendered":"<div class=\"wp-block-image\">\n<figure class=\"alignright size-full is-resized\"><img loading=\"lazy\" decoding=\"async\" src=\"https:\/\/www.hospitaldeclinicas.uba.ar\/wp-content\/uploads\/2023\/08\/Dia-mundial-de-la-Voz-19.png\" alt=\"\" class=\"wp-image-948\" width=\"370\" height=\"185\"\/><\/figure><\/div>\n\n\n<p><strong>As\u00ed lo advierten especialistas en Sexolog\u00eda de la divisi\u00f3n Ginecolog\u00eda del Hospital de Cl\u00ednicas de la UBA. Sin embargo, afirman que el 30% de las mujeres no experimentan orgasmos y el 12% nunca tuvo uno al menos.<\/strong><\/p>\n\n\n\n<p><\/p>\n\n\n\n<p><\/p>\n\n\n\n<p>\u201cTodas tenemos la capacidad para tener un orgasmo, es cuesti\u00f3n de reconocimiento y aprendizaje. Es clave conocer sobre la propia respuesta sexual, permit\u00edrsela y no demandarla en otra persona, no traspasar esas expectativas acerca de alcanzar el placer gracias a lo que el otro haga. Es importante el aprendizaje de nosotras con nuestros cuerpos y observamos que aumenta el inter\u00e9s de las propias mujeres en el tema\u201d, sostiene la doctora Silvina Valente, de la Secci\u00f3n Sexolog\u00eda perteneciente a la Divisi\u00f3n Ginecolog\u00eda del Hospital de Cl\u00ednicas (MN: 87798).<\/p>\n\n\n\n<p>Seg\u00fan un estudio realizado en 2018 por el equipo de profesionales que integra basado en entrevistas a mujeres que concurrieron a los Consultorios Externos de Ginecolog\u00eda, \u201cel 30% no experimentan orgasmos y el 12% nunca tuvo uno, ni sola, ni con sus parejas\u201d. La investigaci\u00f3n se llev\u00f3 a cabo con el objetivo de conocer y evaluar algunas pautas en cuanto a la sexualidad.&nbsp;<\/p>\n\n\n\n<p>Ahora bien, \u00bfqu\u00e9 es un orgasmo? \u00bfC\u00f3mo podemos definir un momento de placer? De acuerdo con la especialista, \u201cel orgasmo es la consecuencia del encuentro entre dos o m\u00e1s personas dispuestas a abandonarse a sus sensaciones, a sentir placer, a encontrarse y a conocerse sin tab\u00faes, sin verg\u00fcenza y sin temores. En especial, sin miedo a hacer el rid\u00edculo. En el sexo, tenemos que estar dispuestos a pedir lo que nos gusta, a liberar nuestras fantas\u00edas y a vivir un momento agradable\u201d.<\/p>\n\n\n\n<p>Seg\u00fan puntualiza la especialista, \u201cAlgunas mujeres tienen m\u00e1s de un hijo y jam\u00e1s experimentaron un orgasmo, lo confunden con la excitaci\u00f3n o&nbsp; con la sensaci\u00f3n de intimidad con su pareja o tambi\u00e9n con el orgasmo. Y cada vez son m\u00e1s las mujeres que creen que el encuentro sexual finaliza cuando el hombre eyacula y que por m\u00faltiples razones no contin\u00faan en b\u00fasqueda de su placer. Es importante saber que una relaci\u00f3n sexual no es sin\u00f3nimo de coito vaginal o penetraci\u00f3n vaginal\u201d.&nbsp;<\/p>\n\n\n\n<p>Es por ello que Valente sostiene la importancia de efem\u00e9rides como el D\u00eda Mundial del Orgasmo Femenino. \u201cD\u00edas as\u00ed hacen que muchas logren experimentar un orgasmo, reconocerlo o incluso pedirlo. Logra que las mujeres sepan que sentir es un derecho divertido\u201d.&nbsp;<\/p>\n\n\n\n<p>Adem\u00e1s, destaca la importancia de la consulta profesional a tiempo, cuando una mujer siente que las cosas \u201cno van bien\u201d en lo sexual. \u201cSe trata de confiar en un espacio, como puede ser nuestra Secci\u00f3n, d\u00f3nde canalizar las dudas. Las consultas se trabajan con un equipo multidisciplinario de profesionales dedicadas especialmente a la sexualidad de la mujer\u201d, concluye la especialista.<\/p>\n","protected":false},"excerpt":{"rendered":"<p>As\u00ed lo advierten especialistas en Sexolog\u00eda de la divisi\u00f3n Ginecolog\u00eda del Hospital de Cl\u00ednicas de la UBA. Sin embargo, afirman que el 30% de las mujeres no experimentan orgasmos y el 12% nunca tuvo uno al menos. \u201cTodas tenemos la capacidad para tener un orgasmo, es cuesti\u00f3n de reconocimiento y aprendizaje. Es clave conocer sobre&hellip;<\/p>\n","protected":false},"author":6,"featured_media":0,"parent":0,"menu_order":0,"comment_status":"closed","ping_status":"closed","template":"","meta":{"footnotes":""},"class_list":["post-947","page","type-page","status-publish","hentry"],"aioseo_notices":[],"_links":{"self":[{"href":"https:\/\/www.hospitaldeclinicas.uba.ar\/index.php?rest_route=\/wp\/v2\/pages\/947","targetHints":{"allow":["GET"]}}],"collection":[{"href":"https:\/\/www.hospitaldeclinicas.uba.ar\/index.php?rest_route=\/wp\/v2\/pages"}],"about":[{"href":"https:\/\/www.hospitaldeclinicas.uba.ar\/index.php?rest_route=\/wp\/v2\/types\/page"}],"author":[{"embeddable":true,"href":"https:\/\/www.hospitaldeclinicas.uba.ar\/index.php?rest_route=\/wp\/v2\/users\/6"}],"replies":[{"embeddable":true,"href":"https:\/\/www.hospitaldeclinicas.uba.ar\/index.php?rest_route=%2Fwp%2Fv2%2Fcomments&post=947"}],"version-history":[{"count":1,"href":"https:\/\/www.hospitaldeclinicas.uba.ar\/index.php?rest_route=\/wp\/v2\/pages\/947\/revisions"}],"predecessor-version":[{"id":949,"href":"https:\/\/www.hospitaldeclinicas.uba.ar\/index.php?rest_route=\/wp\/v2\/pages\/947\/revisions\/949"}],"wp:attachment":[{"href":"https:\/\/www.hospitaldeclinicas.uba.ar\/index.php?rest_route=%2Fwp%2Fv2%2Fmedia&parent=947"}],"curies":[{"name":"wp","href":"https:\/\/api.w.org\/{rel}","templated":true}]}}