{"id":9465,"date":"2026-04-24T11:27:21","date_gmt":"2026-04-24T14:27:21","guid":{"rendered":"https:\/\/www.hospitaldeclinicas.uba.ar\/?page_id=9465"},"modified":"2026-04-24T11:27:21","modified_gmt":"2026-04-24T14:27:21","slug":"la-salud-de-los-rinones-y-sus-senales-de-alerta","status":"publish","type":"page","link":"https:\/\/www.hospitaldeclinicas.uba.ar\/?page_id=9465","title":{"rendered":"La salud de los ri\u00f1ones y sus se\u00f1ales de alerta"},"content":{"rendered":"\n<p>Nuestro cuerpo est\u00e1 compuesto por huesos, articulaciones, cart\u00edlagos y \u00f3rganos que cuidados de forma correcta, mantendr\u00e1n al mismo equilibrado y fuerte. En ese universo de \u00abpartes\u00bb que conforman el organismo se encuentra uno sumamente vital que es el ri\u00f1\u00f3n, el cual resulta fundamental para funciones vitales y que puede sufrir afecciones como la Enfermedad Renal Cr\u00f3nica.<br>Para conocer un poco m\u00e1s sobre esta dolencia, es que la doctora Gabriela Gonz\u00e1lez (M.N.<br>104.829 y m\u00e9dica de planta de la Divisi\u00f3n Nefrolog\u00eda del&nbsp;<strong>Hospital de Cl\u00ednicas<\/strong>&nbsp;de la&nbsp;<strong>UBA<\/strong>) sostuvo que \u00abla enfermedad renal cr\u00f3nica (ERC) es una afecci\u00f3n que puede dar s\u00edntomas precoces o en estadios avanzados, y eso es lo que favorece que se subestime o sub-diagnostique. Por eso, buscamos reforzar la prevenci\u00f3n y la consulta m\u00e9dica temprana\u00bb.<br>En n\u00fameros Por tal motivo, y seg\u00fan datos aportados por la Segunda Encuesta Nacional de Nutrici\u00f3n y Salud, se estima que la ERC en Argentina afecta al 12,7% de la poblaci\u00f3n.<br>No obstante, \u00abuna proporci\u00f3n de personas ingresan a di\u00e1lisis sin haber conocido que tienen esta patolog\u00eda, que puede presentarse a\u00fan en los pacientes j\u00f3venes\u00bb, relat\u00f3 la tambi\u00e9n directora de la carrera de M\u00e9dico Especialista en Nefrolog\u00eda y Medio Interno en la&nbsp;<strong>UBA<\/strong>.<br>En tanto, entre las se\u00f1ales tempranas que deber\u00edan \u00abprender una alarma\u00bb aparecen el aumento de peso y tener riesgo de enfermedades por obesidad, levantarse de noche a orinar, o que el color de la orina sea anormal, tener hinchaz\u00f3n o edema y\/o tener la presi\u00f3n alta, y es por eso, que ante este tipo de situaciones hay que acudir a un profesional para realizar un diagn\u00f3stico y un tratamiento si se requiere.<br>Relevamiento sanitario Se calcula que el 40% de los pacientes diab\u00e9ticos desarrollan la ERC, y otros factores de riesgo que pueden presentarse son la hipertensi\u00f3n arterial, la obesidad y aparecer con m\u00e1s frecuencia en personas con m\u00e1s de 55 a\u00f1os.<br>Por otra parte, y seg\u00fan un relevamiento hecho por el&nbsp;<strong>Hospital de Cl\u00ednicas<\/strong>, en el que participaron unas 608 personas (de una edad promedio de 54 a\u00f1os), uno de los hallazgos m\u00e1s relevantes fue que el 61,5% presentaba al menos un factor de riesgo para enfermedad renal.<br>Entre los m\u00e1s frecuentes se encontraron hipertensi\u00f3n arterial (39,3%), obesidad (36,8%), alteraciones del metabolismo de los hidratos de carbono (21,2%), diabetes (14,1%) y tabaquismo (12,3%).<br>La nefr\u00f3loga explic\u00f3 que \u00abentre las situaciones que permiten detectar problemas renales se encuentran, por ejemplo, el control m\u00e9dico durante el embarazo, donde se realizan estudios que pueden revelar alteraciones en los ri\u00f1ones. En otros casos, la enfermedad renal se descubre de manera incidental durante una ecograf\u00eda abdominal solicitada por otro motivo\u00bb.<br>Consulta a un profesional Finalmente, tambi\u00e9n existen enfermedades gen\u00e9ticas que afectan al ri\u00f1\u00f3n, por lo que, en el caso de identificarlas, es fundamental el seguimiento m\u00e9dico. \u00abLa realizaci\u00f3n de controles de salud antes de iniciar determinadas actividades laborales es un momento oportuno para el diagn\u00f3stico\u00bb, a\u00f1adi\u00f3 Gonz\u00e1lez.<\/p>\n\n\n\n<p>Estudio La enfermedad renal se descubre de forma incidental en una ecograf\u00eda abdominal solicitada por otro motivo<\/p>\n","protected":false},"excerpt":{"rendered":"<p>Nuestro cuerpo est\u00e1 compuesto por huesos, articulaciones, cart\u00edlagos y \u00f3rganos que cuidados de forma correcta, mantendr\u00e1n al mismo equilibrado y fuerte. En ese universo de \u00abpartes\u00bb que conforman el organismo se encuentra uno sumamente vital que es el ri\u00f1\u00f3n, el cual resulta fundamental para funciones vitales y que puede sufrir afecciones como la Enfermedad Renal&hellip;<\/p>\n","protected":false},"author":6,"featured_media":0,"parent":0,"menu_order":0,"comment_status":"closed","ping_status":"closed","template":"","meta":{"footnotes":""},"class_list":["post-9465","page","type-page","status-publish","hentry"],"aioseo_notices":[],"_links":{"self":[{"href":"https:\/\/www.hospitaldeclinicas.uba.ar\/index.php?rest_route=\/wp\/v2\/pages\/9465","targetHints":{"allow":["GET"]}}],"collection":[{"href":"https:\/\/www.hospitaldeclinicas.uba.ar\/index.php?rest_route=\/wp\/v2\/pages"}],"about":[{"href":"https:\/\/www.hospitaldeclinicas.uba.ar\/index.php?rest_route=\/wp\/v2\/types\/page"}],"author":[{"embeddable":true,"href":"https:\/\/www.hospitaldeclinicas.uba.ar\/index.php?rest_route=\/wp\/v2\/users\/6"}],"replies":[{"embeddable":true,"href":"https:\/\/www.hospitaldeclinicas.uba.ar\/index.php?rest_route=%2Fwp%2Fv2%2Fcomments&post=9465"}],"version-history":[{"count":1,"href":"https:\/\/www.hospitaldeclinicas.uba.ar\/index.php?rest_route=\/wp\/v2\/pages\/9465\/revisions"}],"predecessor-version":[{"id":9466,"href":"https:\/\/www.hospitaldeclinicas.uba.ar\/index.php?rest_route=\/wp\/v2\/pages\/9465\/revisions\/9466"}],"wp:attachment":[{"href":"https:\/\/www.hospitaldeclinicas.uba.ar\/index.php?rest_route=%2Fwp%2Fv2%2Fmedia&parent=9465"}],"curies":[{"name":"wp","href":"https:\/\/api.w.org\/{rel}","templated":true}]}}