{"id":9427,"date":"2026-04-14T09:57:59","date_gmt":"2026-04-14T12:57:59","guid":{"rendered":"https:\/\/www.hospitaldeclinicas.uba.ar\/?page_id=9427"},"modified":"2026-04-14T10:13:07","modified_gmt":"2026-04-14T13:13:07","slug":"mas-de-1-300-000-personas-tienen-chagas-en-argentina","status":"publish","type":"page","link":"https:\/\/www.hospitaldeclinicas.uba.ar\/?page_id=9427","title":{"rendered":"M\u00e1s de 1.300.000 personas tienen Chagas en Argentina"},"content":{"rendered":"\n<p><strong>La enfermedad de Chagas es end\u00e9mica en la Argentina y se calcula que m\u00e1s de 1.300.000 personas la padecen y que m\u00e1s de 6 millones est\u00e1n expuestos a ella. Un 30 a 40 % de los infectados van a desarrollar alguna afectaci\u00f3n card\u00edaca que en algunos casos avanzados tiene alta morbimortalidad.<\/strong><\/p>\n\n\n\n<p>Sol\u00eda asociarse esta enfermedad al hecho de vivir en zonas rurales del noroeste y nordeste del pa\u00eds y con la presencia de su vector: la vinchuca. Sin embargo, <strong>en la actualidad a nivel mundial, la principal causa de transmisi\u00f3n hoy<\/strong><strong> es vertical<\/strong>, es decir una madre que se la pasa a su beb\u00e9 en el embarazo o en el parto; o bien, a trav\u00e9s de transfusiones o transplantes de \u00f3rganos provenientes de pacientes infectados. En Argentina m\u00e1s de la mitad de las personas infectadas viven en la Ciudad de Buenos Aires y la Provincia de Buenos Aires, mientras que a nivel mundial afecta a 13 millones de personas con casos no solo en Latinoam\u00e9rica, sino tambi\u00e9n en Europa y lugares tan alejados como Jap\u00f3n o Australia, por lo que se ha transformado en un problema de salud p\u00fablica global.<\/p>\n\n\n\n<p><em>\u201cEn este momento una de las prioridades es tratar de reducir la transmisi\u00f3n vertical. Cuando una paciente con la enfermedad de Chagas queda embarazada se debe testear al beb\u00e9 cuando nace y darle tratamiento. Dentro del a\u00f1o de nacimiento el porcentaje de curaci\u00f3n es del 100% y va disminuyendo con los a\u00f1os. Por eso es la gran oportunidad de curar a esos bebes. Asimismo en el caso de mujeres en edad f\u00e9rtil que no est\u00e1 embarazada pero tiene Chagas, se le debe dar un tratamiento para bajar al m\u00ednimo la posibilidad de transmitir al beb\u00e9. En todos los casos la detecci\u00f3n temprana permite dar un tratamiento adecuado, por eso es fundamental la concientizaci\u00f3n sobre la enfermedad porque es la forma de controlar y disminuir la transmisi\u00f3n a nivel mundial.\u201d, s<\/em>ostiene el Dr. Roberto Nicol\u00e1s Ag\u00fcero, integrante de la Divisi\u00f3n Cardiolog\u00eda en el Hospital de Cl\u00ednicas de la UBA (MN 91.992).<\/p>\n\n\n\n<p><strong>En la actualidad solo hay dos medicamentos antiparasitarios efectivos en el tratamiento inmediato de la infecci\u00f3n (infecci\u00f3n aguda) o para tratar reactivaciones en individuos inmunosuprimidos:son el benznidazol y el nifurtimox<\/strong>. Investigadores argentinos demostraron que el tratamiento corto de mujeres en edad f\u00e9rtil (no embarazadas) con infecci\u00f3n cr\u00f3nica previene la transmisi\u00f3n cong\u00e9nita.<\/p>\n\n\n\n<p><strong>El camino hacia la vacuna<\/strong><\/p>\n\n\n\n<p><strong>Investigadores de la Facultad de Farmacia y Bioqu\u00edmica de la UBA y del CONICET desarrollaron un agente vacunal que permitir\u00eda la prevenci\u00f3n de la enfermedad de Chagas<\/strong>. En un modelo animal ha probado generar una respuesta inmune capaz de neutralizar la infecci\u00f3n in vitro y de conferir protecci\u00f3n in vivo, hecho que lo convierte en una estrategia promisoria.<\/p>\n\n\n\n<p><br>La idea de desarrollar una vacuna contra <em>Trypanosoma cruzi<\/em>, par\u00e1sito que causa la enfermedad, data de principios de la d\u00e9cada de 1910 y, desde entonces, se han probado a lo largo de los a\u00f1os numerosas estrategias con el objetivo de desarrollar una vacuna eficaz que evite la infecci\u00f3n. En parte, la gran dificultad para obtener una vacuna exitosa se debe a que el T.cruzi es un par\u00e1sito intracelular que ha desarrollado numerosos mecanismos para evadir la respuesta inmunol\u00f3gica del hospedador al que infecta.<\/p>\n\n\n\n<p>Los cient\u00edficos dise\u00f1aron una mol\u00e9cula quim\u00e9rica compuesta por un ant\u00edgeno de T.cruzi y un supernt\u00edgeno (SAg) modificado de toxicidad reducida pero con gran capacidad inmunoestimuladora. Esta mol\u00e9cula gener\u00f3, por un lado, una respuesta inmunol\u00f3gica espec\u00edfica inducida por el ant\u00edgeno de T. cruzi y, por otra parte, una respuesta inmune citot\u00f3xica adecuada, que disminuy\u00f3 la carga del par\u00e1sito alojado en el interior de las c\u00e9lulas. En estudios llevados a cabo en un modelo murino, esta quimera gener\u00f3 anticuerpos que neutralizaron la infecci\u00f3n in vitro y otorgaron protecci\u00f3n in vivo.<\/p>\n\n\n\n<p><strong>Estos promisorios resultados de la ciencia argentina significan un gran paso hacia la concreci\u00f3n de una vacuna para prevenir y tratar la enfermedad de Chagas y alientan a evaluar \u201cSAgs domesticados\u201d fusionados con ant\u00edgenos espec\u00edficos como inmunomoduladores no solo contra pat\u00f3genos, sino tambi\u00e9n para el tratamiento de procesos oncol\u00f3gicos<\/strong>.<\/p>\n","protected":false},"excerpt":{"rendered":"<p>La enfermedad de Chagas es end\u00e9mica en la Argentina y se calcula que m\u00e1s de 1.300.000 personas la padecen y que m\u00e1s de 6 millones est\u00e1n expuestos a ella. Un 30 a 40 % de los infectados van a desarrollar alguna afectaci\u00f3n card\u00edaca que en algunos casos avanzados tiene alta morbimortalidad. Sol\u00eda asociarse esta enfermedad&hellip;<\/p>\n","protected":false},"author":6,"featured_media":0,"parent":0,"menu_order":0,"comment_status":"closed","ping_status":"closed","template":"","meta":{"footnotes":""},"class_list":["post-9427","page","type-page","status-publish","hentry"],"aioseo_notices":[],"_links":{"self":[{"href":"https:\/\/www.hospitaldeclinicas.uba.ar\/index.php?rest_route=\/wp\/v2\/pages\/9427","targetHints":{"allow":["GET"]}}],"collection":[{"href":"https:\/\/www.hospitaldeclinicas.uba.ar\/index.php?rest_route=\/wp\/v2\/pages"}],"about":[{"href":"https:\/\/www.hospitaldeclinicas.uba.ar\/index.php?rest_route=\/wp\/v2\/types\/page"}],"author":[{"embeddable":true,"href":"https:\/\/www.hospitaldeclinicas.uba.ar\/index.php?rest_route=\/wp\/v2\/users\/6"}],"replies":[{"embeddable":true,"href":"https:\/\/www.hospitaldeclinicas.uba.ar\/index.php?rest_route=%2Fwp%2Fv2%2Fcomments&post=9427"}],"version-history":[{"count":1,"href":"https:\/\/www.hospitaldeclinicas.uba.ar\/index.php?rest_route=\/wp\/v2\/pages\/9427\/revisions"}],"predecessor-version":[{"id":9428,"href":"https:\/\/www.hospitaldeclinicas.uba.ar\/index.php?rest_route=\/wp\/v2\/pages\/9427\/revisions\/9428"}],"wp:attachment":[{"href":"https:\/\/www.hospitaldeclinicas.uba.ar\/index.php?rest_route=%2Fwp%2Fv2%2Fmedia&parent=9427"}],"curies":[{"name":"wp","href":"https:\/\/api.w.org\/{rel}","templated":true}]}}