{"id":931,"date":"2023-08-03T13:46:10","date_gmt":"2023-08-03T13:46:10","guid":{"rendered":"https:\/\/www.hospitaldeclinicas.uba.ar\/?page_id=931"},"modified":"2023-08-03T13:46:10","modified_gmt":"2023-08-03T13:46:10","slug":"tomar-la-teta-garantia-del-bienestar-fisico-y-emocional-desde-la-primera-etapa-de-la-vida","status":"publish","type":"page","link":"https:\/\/www.hospitaldeclinicas.uba.ar\/?page_id=931","title":{"rendered":"Tomar la teta: garant\u00eda del bienestar f\u00edsico y emocional desde la primera etapa de la vida"},"content":{"rendered":"\n<figure class=\"wp-block-image size-full is-resized\"><img loading=\"lazy\" decoding=\"async\" src=\"https:\/\/www.hospitaldeclinicas.uba.ar\/wp-content\/uploads\/2023\/08\/Dia-mundial-de-la-Voz-18.png\" alt=\"\" class=\"wp-image-932\" width=\"840\" height=\"420\"\/><\/figure>\n\n\n\n<ul class=\"wp-block-list\">\n<li><strong>Especialistas en Obstetricia del Hospital de Cl\u00ednicas de la UBA advierten que la mayor\u00eda de los lugares de trabajo no est\u00e1n preparados para amamantar<\/strong><\/li>\n\n\n\n<li><strong>Sostienen que s\u00f3lo 1 de cada 10 personas gestantes los consultan sobre la lactancia materna antes del parto<\/strong><\/li>\n\n\n\n<li><strong>Seg\u00fan la OMS, a escala global m\u00e1s de quinientos millones de mujeres trabajadoras no se benefician de prestaciones de maternidad b\u00e1sicas<\/strong><\/li>\n<\/ul>\n\n\n\n<p>\u201cLa leche materna es el mejor alimento para el reci\u00e9n nacido. Lo defiende contra las enfermedades infecciosas, le brinda nutrientes de forma natural, le permite recuperar peso, crecer m\u00e1s saludablemente, desarrollar una mejor relaci\u00f3n con su progenitora, tener un mejor rendimiento intelectual y emocional a futuro, al igual que una mayor salud f\u00edsica\u201d, sostiene el Dr. Dar\u00edo Didia, Jefe de la Divisi\u00f3n Obstetricia del Hospital de Cl\u00ednicas de la UBA (MN 69.333).&nbsp;&nbsp;<\/p>\n\n\n\n<p>Los especialistas sugieren que, durante los primeros 6 meses de vida, la leche materna sea el \u00fanico alimento del beb\u00e9 y la de f\u00f3rmula sea ingerida s\u00f3lo secundariamente y por indicaci\u00f3n m\u00e9dica. El amamantamiento otorga beneficios tambi\u00e9n a la persona progenitora, a\u00fan aquella que cuenta con pr\u00f3tesis mamarias, siempre que est\u00e9n sanas. \u201cAmamantar disminuye la molestia de tener las mamas cargadas, los riesgos de retenci\u00f3n de leche y de tener c\u00e1ncer\u201d, afirma Didia.<\/p>\n\n\n\n<p>Sin embargo, se presentan de forma frecuente ciertos obst\u00e1culos para amamantar. Uno de ellos est\u00e1 asociado con el trabajo. \u201cAh\u00ed est\u00e1 el mayor inconveniente. Lo ideal es que se pueda dar la teta en un ambiente tranquilo, c\u00f3modo y en soledad, pero la mayor\u00eda de los lugares no est\u00e1n preparados. Esto constituye la mayor causa de pasaje de la lactancia materna a la de mamadera\u00bb, reconoce el especialista.&nbsp;<\/p>\n\n\n\n<p>La misma preocupaci\u00f3n alcanza una escala internacional. El lema de la Semana Mundial de la Lactancia Materna 2023, <a href=\"https:\/\/www.who.int\/es\/news-room\/events\/detail\/2023\/08\/01\/default-calendar\/world-breastfeeding-week-2023#:~:text=Semana%20Mundial%20de%20la%20Lactancia,%3A%20%C2%A1hagamos%20que%20sea%20posible!&amp;text=Detalle%2F-,Semana%20Mundial%20de%20la%20Lactancia%20Materna%202023%20%2D%20Amamantar%20y,%3A%20%C2%A1hagamos%20que%20sea%20posible!\">seg\u00fan difunde la OMS<\/a>, tiene que ver con \u201chacer posible amamantar y trabajar\u201d. La organizaci\u00f3n difunde que \u201cm\u00e1s de quinientos millones de mujeres trabajadoras no se benefician de prestaciones de maternidad b\u00e1sicas y muchas se encuentran sin apoyos cuando se reincorporan al trabajo\u201d.&nbsp;<\/p>\n\n\n\n<p>En este contexto, el Dr. Didia afirma que \u201cla extracci\u00f3n previa a salir a trabajar es una buena opci\u00f3n para que la criatura pueda tomar la leche materna, teniendo en cuenta que durante la lactancia no hace falta siempre estar en contacto con quien le dio a luz\u201d.&nbsp;<\/p>\n\n\n\n<p>Otros motivos frecuentes por los que se deja de amamantar est\u00e1n asociados a la presencia de grietas de pez\u00f3n, infecciones y abscesos mamarios. \u201cDejar de dar la teta es peor. Cuando el pez\u00f3n no sobresale, se hace un masaje extendiendo la areola o se pueden usar pezoneras. Cuando la piel est\u00e1 herida, se puede aplicar una crema cicatrizante protectora (indicada en la consulta m\u00e9dica) o la leche misma luego de amamantar dado que act\u00faa como cicatrizante. La peor complicaci\u00f3n es el absceso de mama que es una infecci\u00f3n y en ocasiones es necesario el drenaje quir\u00fargico\u201d, explica Didia.&nbsp;&nbsp;<\/p>\n\n\n\n<p>A lo largo del 2022, del total de personas gestantes que se atendieron en el Cl\u00ednicas, solo el 14% consult\u00f3 sobre la lactancia materna antes de dar a luz. Es por eso que desde el servicio se busca intensificar la promoci\u00f3n de la lactancia para que sea precoz y la \u00fanica forma de alimentaci\u00f3n del reci\u00e9n nacido. Los especialistas brindan sugerencias para hacerlo:<\/p>\n\n\n\n<ul class=\"wp-block-list\">\n<li><strong>Posici\u00f3n<\/strong>: succionar la mama es un acto reflejo. Si no pasa puede ser porque la posici\u00f3n del beb\u00e9 no es la correcta. Lo ideal es tener la espalda recta al amamantar, que la mama caiga sobre el beb\u00e9 y que el pez\u00f3n est\u00e9 en contacto con el labio superior o la hendidura del labio superior del beb\u00e9. Se sugiere que el resto del cuerpo del beb\u00e9 pase por debajo del brazo de la madre.&nbsp;<\/li>\n\n\n\n<li><strong>Alternancia<\/strong>: se debe ir cambiando de una mama a otra. Comenzar por una teta y, en la siguiente toma, retomar con la \u00faltima que se utiliz\u00f3 o, en caso de no recordarlo, con la mama que est\u00e9 m\u00e1s dura.<\/li>\n\n\n\n<li><strong>Extracci\u00f3n<\/strong>: se hace de modo manual o con sacaleches manual o mec\u00e1nico. Primero conviene ablandar la mama, si es posible con pa\u00f1os tibios o en la ducha. Para calentar la leche hay que hacerlo a ba\u00f1o mar\u00eda, as\u00ed no pierde sus propiedades.&nbsp;<\/li>\n\n\n\n<li><strong>Alimentaci\u00f3n e hidrataci\u00f3n<\/strong>: es aconsejable que la persona que d\u00e9 la teta ingiera l\u00edquido frecuentemente a lo largo del d\u00eda. La ingesta de caf\u00e9 no es recomendable porque excita al beb\u00e9. Tambi\u00e9n deben evitarse el alcohol y el consumo de tabaco. Se cree que bebidas con gas dan c\u00f3licos al beb\u00e9 pero es solo un mito. El c\u00f3lico puede tener que ver con el desarrollo intestinal del chico o por reflujo.<\/li>\n\n\n\n<li><strong>Duraci\u00f3n<\/strong>: lo ideal es amamantar durante 2 a\u00f1os. La mama funciona en la medida que se estimula. Cuando se intercala con leche de f\u00f3rmula, disminuye la cantidad de producci\u00f3n de leche. De todas maneras, a veces no se produce la cantidad de leche suficiente en personas bien nutridas e hidratadas y no tiene que ver con el tama\u00f1o de las mamas ni la alimentaci\u00f3n.&nbsp;<\/li>\n<\/ul>\n","protected":false},"excerpt":{"rendered":"<p>\u201cLa leche materna es el mejor alimento para el reci\u00e9n nacido. Lo defiende contra las enfermedades infecciosas, le brinda nutrientes de forma natural, le permite recuperar peso, crecer m\u00e1s saludablemente, desarrollar una mejor relaci\u00f3n con su progenitora, tener un mejor rendimiento intelectual y emocional a futuro, al igual que una mayor salud f\u00edsica\u201d, sostiene el&hellip;<\/p>\n","protected":false},"author":6,"featured_media":0,"parent":0,"menu_order":0,"comment_status":"closed","ping_status":"closed","template":"","meta":{"footnotes":""},"class_list":["post-931","page","type-page","status-publish","hentry"],"aioseo_notices":[],"_links":{"self":[{"href":"https:\/\/www.hospitaldeclinicas.uba.ar\/index.php?rest_route=\/wp\/v2\/pages\/931","targetHints":{"allow":["GET"]}}],"collection":[{"href":"https:\/\/www.hospitaldeclinicas.uba.ar\/index.php?rest_route=\/wp\/v2\/pages"}],"about":[{"href":"https:\/\/www.hospitaldeclinicas.uba.ar\/index.php?rest_route=\/wp\/v2\/types\/page"}],"author":[{"embeddable":true,"href":"https:\/\/www.hospitaldeclinicas.uba.ar\/index.php?rest_route=\/wp\/v2\/users\/6"}],"replies":[{"embeddable":true,"href":"https:\/\/www.hospitaldeclinicas.uba.ar\/index.php?rest_route=%2Fwp%2Fv2%2Fcomments&post=931"}],"version-history":[{"count":1,"href":"https:\/\/www.hospitaldeclinicas.uba.ar\/index.php?rest_route=\/wp\/v2\/pages\/931\/revisions"}],"predecessor-version":[{"id":933,"href":"https:\/\/www.hospitaldeclinicas.uba.ar\/index.php?rest_route=\/wp\/v2\/pages\/931\/revisions\/933"}],"wp:attachment":[{"href":"https:\/\/www.hospitaldeclinicas.uba.ar\/index.php?rest_route=%2Fwp%2Fv2%2Fmedia&parent=931"}],"curies":[{"name":"wp","href":"https:\/\/api.w.org\/{rel}","templated":true}]}}