{"id":9293,"date":"2026-02-13T09:45:53","date_gmt":"2026-02-13T12:45:53","guid":{"rendered":"https:\/\/www.hospitaldeclinicas.uba.ar\/?page_id=9293"},"modified":"2026-02-13T09:45:53","modified_gmt":"2026-02-13T12:45:53","slug":"tan-solo-una-relacion-sexual-sin-preservativo-es-suficiente-para-contraer-una-its","status":"publish","type":"page","link":"https:\/\/www.hospitaldeclinicas.uba.ar\/?page_id=9293","title":{"rendered":"Tan solo una relaci\u00f3n sexual sin preservativo es suficiente para contraer una ITS"},"content":{"rendered":"\n<p><strong>En el Hospital de Cl\u00ednicas de la UBA encabezan una campa\u00f1a de concientizaci\u00f3n y promoci\u00f3n del uso del preservativo. Seg\u00fan sus registros, las personas mayores de 45 a\u00f1os son quienes presentan menor adherencia a este m\u00e9todo, aunque los especialistas remarcan la necesidad de reforzar la educaci\u00f3n sexual desde edades tempranas.<\/strong><\/p>\n\n\n\n<p>Un joven de 18 a\u00f1os inici\u00f3 su vida sexual con su pareja y, en sus primeras experiencias, decidi\u00f3 no utilizar protecci\u00f3n al asumir que ella estaba sana \u00abpor ser joven y de su misma edad\u00bb. A las pocas semanas, fue diagnosticado con gonorrea. El impacto emocional fue significativo, ya que asociaba el riesgo \u00fanicamente a encuentros m\u00faltiples o casuales, y no a una relaci\u00f3n que percib\u00eda como \u00absegura\u00bb.<\/p>\n\n\n\n<p>Esta es una de las tantas historias que llegan al Programa de Salud Sexual y Sexolog\u00eda Cl\u00ednica del Hospital de Cl\u00ednicas. All\u00ed la ginec\u00f3loga y sex\u00f3loga Silvina Valente (MN 87.798), directora de este espacio, sostiene que <strong>el problema central no es la falta de informaci\u00f3n b\u00e1sica, sino la baja aceptaci\u00f3n del m\u00e9todo y una resistencia persistente a su uso.<\/strong> En la mayor\u00eda de los casos, las personas saben de su funci\u00f3n preventiva frente a infecciones de transmisi\u00f3n sexual (ITS) y embarazos no intencionales, pero ese conocimiento no siempre se traduce en una conducta de cuidado sostenida.<\/p>\n\n\n\n<p><strong>Muchas personas cursan una ITS sin saberlo.<\/strong> <strong>Desde el hospital advierten que algunas son altamente transmisibles incluso con una sola exposici\u00f3n (como el VIH en fase aguda, la gonorrea, la clamidia o la s\u00edfilis), ya que los microorganismos pueden estar muy concentrados en fluidos genitales aun sin presentar s\u00edntomas.<\/strong> \u201cVagina, pene, ano y boca tienen mucosas muy permeables. Adem\u00e1s, durante el acto pueden producirse peque\u00f1as fisuras imperceptibles que facilitan el ingreso de microorganismos\u201d, explica la psic\u00f3loga y sex\u00f3loga Anal\u00eda Urretavizcaya (MN 21.778), integrante del programa.<\/p>\n\n\n\n<p><strong>\u201cIdentificamos una dificultad en la apropiaci\u00f3n del preservativo atravesada por mitos y factores culturales. Su uso suele asociarse simb\u00f3licamente con la desconfianza o la infidelidad, lo que dificulta su incorporaci\u00f3n en v\u00ednculos estables\u201d<\/strong>, afirma Urretavizcaya. A esto se suma la percepci\u00f3n de una disminuci\u00f3n del placer y el mito de la dificultad para mantener la erecci\u00f3n, un problema que los varones j\u00f3venes suelen atribuir al l\u00e1tex y no a factores como la ansiedad o la inexperiencia.<\/p>\n\n\n\n<p>Aunque en redes sociales circulan contenidos que promueven el sexo \u201ca pelo\u201d, esta presi\u00f3n social no es nueva. La pornograf\u00eda y ciertos consumos culturales refuerzan la idea de que el preservativo es innecesario, instalando expectativas irreales especialmente en adolescentes.<\/p>\n\n\n\n<p>Sin embargo, <strong>el preservativo sigue siendo la herramienta fundamental de prevenci\u00f3n.<\/strong> Los argumentos sobre la p\u00e9rdida de sensibilidad se basan m\u00e1s en mitos que en efectos inevitables. \u201cCon un preservativo bien elegido y usado, el orgasmo se alcanza sin cambios relevantes\u201d, asegura la experta. Mientras que un preservativo est\u00e1ndar de l\u00e1tex mide unos 0,07 mm, los de poliuretano pueden llegar a los 0,019 mm. Para evitar que el uso \u00abcorte el momento\u00bb, se recomienda \u201ctenerlo siempre a mano, practicar su colocaci\u00f3n incluso durante la masturbaci\u00f3n e incorporarlo al juego previo con lubricantes al agua\u201d, como sugiere la doctora Valente.<\/p>\n\n\n\n<p>En definitiva, el placer depende de la confianza y la seguridad. Entenderlo de manera integral permite derribar prejuicios y promover una sexualidad m\u00e1s consciente y saludable.<\/p>\n","protected":false},"excerpt":{"rendered":"<p>En el Hospital de Cl\u00ednicas de la UBA encabezan una campa\u00f1a de concientizaci\u00f3n y promoci\u00f3n del uso del preservativo. Seg\u00fan sus registros, las personas mayores de 45 a\u00f1os son quienes presentan menor adherencia a este m\u00e9todo, aunque los especialistas remarcan la necesidad de reforzar la educaci\u00f3n sexual desde edades tempranas. Un joven de 18 a\u00f1os&hellip;<\/p>\n","protected":false},"author":6,"featured_media":0,"parent":0,"menu_order":0,"comment_status":"closed","ping_status":"closed","template":"","meta":{"footnotes":""},"class_list":["post-9293","page","type-page","status-publish","hentry"],"aioseo_notices":[],"_links":{"self":[{"href":"https:\/\/www.hospitaldeclinicas.uba.ar\/index.php?rest_route=\/wp\/v2\/pages\/9293","targetHints":{"allow":["GET"]}}],"collection":[{"href":"https:\/\/www.hospitaldeclinicas.uba.ar\/index.php?rest_route=\/wp\/v2\/pages"}],"about":[{"href":"https:\/\/www.hospitaldeclinicas.uba.ar\/index.php?rest_route=\/wp\/v2\/types\/page"}],"author":[{"embeddable":true,"href":"https:\/\/www.hospitaldeclinicas.uba.ar\/index.php?rest_route=\/wp\/v2\/users\/6"}],"replies":[{"embeddable":true,"href":"https:\/\/www.hospitaldeclinicas.uba.ar\/index.php?rest_route=%2Fwp%2Fv2%2Fcomments&post=9293"}],"version-history":[{"count":1,"href":"https:\/\/www.hospitaldeclinicas.uba.ar\/index.php?rest_route=\/wp\/v2\/pages\/9293\/revisions"}],"predecessor-version":[{"id":9294,"href":"https:\/\/www.hospitaldeclinicas.uba.ar\/index.php?rest_route=\/wp\/v2\/pages\/9293\/revisions\/9294"}],"wp:attachment":[{"href":"https:\/\/www.hospitaldeclinicas.uba.ar\/index.php?rest_route=%2Fwp%2Fv2%2Fmedia&parent=9293"}],"curies":[{"name":"wp","href":"https:\/\/api.w.org\/{rel}","templated":true}]}}