{"id":9280,"date":"2026-02-09T12:22:38","date_gmt":"2026-02-09T15:22:38","guid":{"rendered":"https:\/\/www.hospitaldeclinicas.uba.ar\/?page_id=9280"},"modified":"2026-02-09T12:24:31","modified_gmt":"2026-02-09T15:24:31","slug":"el-banco-de-sangre-del-hospital-de-clinicas-en-situacion-critica","status":"publish","type":"page","link":"https:\/\/www.hospitaldeclinicas.uba.ar\/?page_id=9280","title":{"rendered":"El banco de sangre del Hospital de Cl\u00ednicas en situaci\u00f3n cr\u00edtica"},"content":{"rendered":"\n<ul class=\"wp-block-list\">\n<li>Registran una ca\u00edda en las donaciones de sangre en \u00e9poca de verano.\u00a0<\/li>\n\n\n\n<li>Convocan a participar de una colecta del 11 al 13\/2 por la ma\u00f1ana en Av. C\u00f3rdoba 2351 3\u00b0piso.<\/li>\n\n\n\n<li>Se estima que el 90% de las personas va a necesitar recibir sangre alguna vez por lo que es necesario tener disponible permanentemente este recurso.<\/li>\n\n\n\n<li>Una \u00fanica donaci\u00f3n de sangre puede beneficiar hasta a tres personas.<\/li>\n<\/ul>\n\n\n\n<p>\u201cLa donaci\u00f3n de sangre puede ser la diferencia entre la vida y la muerte. Es un recurso fundamental para pacientes con diversas enfermedades, para personas que han sufrido accidentes, han pasado por cirug\u00edas complejas o enfrentan complicaciones durante el embarazo\u201d, explica la Dra. Alejandra Vellicce (MN: 96.668), jefa del Departamento de Hemoterapia del Hospital de Cl\u00ednicas de la UBA.<br><\/p>\n\n\n\n<figure class=\"wp-block-table\"><table class=\"has-fixed-layout\"><tbody><tr><td><strong>\u00bfQui\u00e9nes pueden donar sangre?<\/strong>&#8211; Mayores de 18 a\u00f1os y menores de 65 a\u00f1os.- Deben gozar de buena salud y pesar m\u00e1s de 50 kilos.- No haber tenido tatuajes o cirug\u00edas recientes (en caso de tenerlos, deber\u00e1n esperar 6 meses).<\/td><\/tr><\/tbody><\/table><\/figure>\n\n\n\n<p>\u201cAntes de donar se recomienda dormir al menos 8 horas, desayunar con normalidad evitando consumir grasas saturadas y tomar la medicaci\u00f3n habitual. Despu\u00e9s de la donaci\u00f3n, es importante evitar la actividad f\u00edsica intensa, mantenerse hidratado, no fumar ni beber alcohol y no cargar peso con el brazo de la extracci\u00f3n\u201d, comenta la especialista.<\/p>\n\n\n\n<p>El proceso de donaci\u00f3n est\u00e1 rigurosamente controlado para asegurar la seguridad tanto del donante como del receptor. Se utiliza material est\u00e9ril, se realiza un estricto control m\u00e9dico y se llevan a cabo estudios de calidad de la sangre, incluyendo pruebas para detectar enfermedades como VIH, hepatitis, Chagas, entre otras.<\/p>\n\n\n\n<p><br>El proceso total dura 45 minutos entre que la persona llega al hospital, llena el formulario, se le extrae la sangre y se retira. Aunque el procedimiento puede causar alguna molestia, los insumos para extraer la sangre y los profesionales que se ocupan de hacerlo est\u00e1n preparados para que este proceso sea un momento agradable.<\/p>\n\n\n\n<p>Las personas interesadas en donar pueden acercarse al Banco de Sangre del Hospital de Cl\u00ednicas (Av. C\u00f3rdoba 2351), ubicado en el 3er piso &#8211; Sala 5. El horario de atenci\u00f3n es de lunes a s\u00e1bados de 8:00hs a 12:30hs. Es necesario llevar DNI. Para m\u00e1s informaci\u00f3n <a href=\"https:\/\/www.instagram.com\/promocionuba?igsh=aHpjdjlhc2Q1Nm5i\">visitar las redes sociales<\/a> del servicio de Hemoterapia o acercarse personalmente en el horario indicado.<\/p>\n","protected":false},"excerpt":{"rendered":"<p>\u201cLa donaci\u00f3n de sangre puede ser la diferencia entre la vida y la muerte. Es un recurso fundamental para pacientes con diversas enfermedades, para personas que han sufrido accidentes, han pasado por cirug\u00edas complejas o enfrentan complicaciones durante el embarazo\u201d, explica la Dra. Alejandra Vellicce (MN: 96.668), jefa del Departamento de Hemoterapia del Hospital de&hellip;<\/p>\n","protected":false},"author":6,"featured_media":0,"parent":0,"menu_order":0,"comment_status":"closed","ping_status":"closed","template":"","meta":{"footnotes":""},"class_list":["post-9280","page","type-page","status-publish","hentry"],"aioseo_notices":[],"_links":{"self":[{"href":"https:\/\/www.hospitaldeclinicas.uba.ar\/index.php?rest_route=\/wp\/v2\/pages\/9280","targetHints":{"allow":["GET"]}}],"collection":[{"href":"https:\/\/www.hospitaldeclinicas.uba.ar\/index.php?rest_route=\/wp\/v2\/pages"}],"about":[{"href":"https:\/\/www.hospitaldeclinicas.uba.ar\/index.php?rest_route=\/wp\/v2\/types\/page"}],"author":[{"embeddable":true,"href":"https:\/\/www.hospitaldeclinicas.uba.ar\/index.php?rest_route=\/wp\/v2\/users\/6"}],"replies":[{"embeddable":true,"href":"https:\/\/www.hospitaldeclinicas.uba.ar\/index.php?rest_route=%2Fwp%2Fv2%2Fcomments&post=9280"}],"version-history":[{"count":1,"href":"https:\/\/www.hospitaldeclinicas.uba.ar\/index.php?rest_route=\/wp\/v2\/pages\/9280\/revisions"}],"predecessor-version":[{"id":9281,"href":"https:\/\/www.hospitaldeclinicas.uba.ar\/index.php?rest_route=\/wp\/v2\/pages\/9280\/revisions\/9281"}],"wp:attachment":[{"href":"https:\/\/www.hospitaldeclinicas.uba.ar\/index.php?rest_route=%2Fwp%2Fv2%2Fmedia&parent=9280"}],"curies":[{"name":"wp","href":"https:\/\/api.w.org\/{rel}","templated":true}]}}