{"id":9193,"date":"2025-12-10T09:44:30","date_gmt":"2025-12-10T12:44:30","guid":{"rendered":"https:\/\/www.hospitaldeclinicas.uba.ar\/?page_id=9193"},"modified":"2025-12-10T09:44:30","modified_gmt":"2025-12-10T12:44:30","slug":"aneurisma-de-aorta-la-patologia-asintomatica-que-causa-muertes-evitables","status":"publish","type":"page","link":"https:\/\/www.hospitaldeclinicas.uba.ar\/?page_id=9193","title":{"rendered":"Aneurisma de aorta: la patolog\u00eda asintom\u00e1tica que causa muertes evitables\u00a0"},"content":{"rendered":"\n<ul class=\"wp-block-list\">\n<li><strong>Una condici\u00f3n que representa un gran desaf\u00edo m\u00e9dico debido a su naturaleza silenciosa en etapas tempranas y que puede ser detectada con una simple ecograf\u00eda abdominal.<\/strong><\/li>\n<\/ul>\n\n\n\n<ul class=\"wp-block-list\">\n<li><strong>La rotura de un aneurisma de aorta sigue siendo una causa importante de muerte s\u00fabita con una mortalidad de 80% &#8211; 90%.<\/strong><\/li>\n<\/ul>\n\n\n\n<ul class=\"wp-block-list\">\n<li><strong>A nivel mundial, la prevalencia de aneurisma de aorta abdominal en varones mayores de 65 a\u00f1os es del 4 al 8%; en Argentina, se estima cerca del 3%.<\/strong><\/li>\n<\/ul>\n\n\n\n<p>El Dr. Nicol\u00e1s Heredia, Jefe de la Divisi\u00f3n Cirug\u00eda Vascular del Hospital de Cl\u00ednicas \u201cJos\u00e9 de San Mart\u00edn\u201d de la UBA, advierte sobre la importancia de la detecci\u00f3n precoz del aneurisma de aorta, una patolog\u00eda frecuente en adultos mayores que, en la mayor\u00eda de los casos, no presenta s\u00edntomas hasta que se produce su complicaci\u00f3n m\u00e1s grave: la rotura.<\/p>\n\n\n\n<p>El aneurisma de aorta es una dilataci\u00f3n anormal y permanente de la pared de la principal arteria del cuerpo. Cuando su di\u00e1metro supera en m\u00e1s de un 50% el tama\u00f1o normal, la integridad del vaso se compromete y el riesgo de rotura aumenta significativamente.<\/p>\n\n\n\n<p>Los hombres mayores de 65 a\u00f1os, especialmente fumadores o exfumadores, constituyen el grupo de mayor riesgo. En mujeres, aunque menos frecuentes, los aneurismas pueden romperse a di\u00e1metros menores, lo que los vuelve a\u00fan m\u00e1s peligrosos. A nivel mundial, la prevalencia de aneurisma de aorta abdominal en varones mayores de 65 a\u00f1os es del 4 al 8%; en Argentina, se estima cerca del 3%.<\/p>\n\n\n\n<p>\u201cEl diagn\u00f3stico suele ser incidental. Muchas veces se detecta durante estudios realizados por otras causas\u201d, explica el Dr. Heredia. <strong>La mayor\u00eda de los aneurismas no producen s\u00edntomas hasta que se rompen, evento en el que la mortalidad supera el 80%.<\/strong>&nbsp;<\/p>\n\n\n\n<p>Se puede diagnosticar de las siguientes formas:<\/p>\n\n\n\n<ul class=\"wp-block-list\">\n<li><strong>Ecograf\u00eda abdominal:<\/strong> m\u00e9todo ideal para el tamizaje, simple y no invasivo.<\/li>\n\n\n\n<li><strong>Tomograf\u00eda computada (angio-TAC):<\/strong> examen de referencia para planificar tratamientos.<\/li>\n\n\n\n<li><strong>Resonancia magn\u00e9tica:<\/strong> opci\u00f3n v\u00e1lida para pacientes con alergias a contrastes o problemas renales.<\/li>\n<\/ul>\n\n\n\n<p>El rastreo ecogr\u00e1fico se recomienda en hombres de 65 a 75 a\u00f1os con antecedente de tabaquismo y en personas con antecedentes familiares de aneurisma. La conducta m\u00e9dica depende del tama\u00f1o del aneurisma y del riesgo individual del paciente:<\/p>\n\n\n\n<ul class=\"wp-block-list\">\n<li><strong>Vigilancia controlada<\/strong> cada 6 a 12 meses en aneurismas peque\u00f1os.<\/li>\n\n\n\n<li><strong>Reparaci\u00f3n endovascular (EVAR\/TEVAR):<\/strong> tratamiento m\u00ednimamente invasivo mediante un stent introducido por la arteria femoral. Presenta menor morbimortalidad y r\u00e1pida recuperaci\u00f3n.<\/li>\n\n\n\n<li><strong>Cirug\u00eda abierta convencional:<\/strong> indicada en pacientes j\u00f3venes, anatom\u00edas complejas o aneurismas infectados.<\/li>\n<\/ul>\n\n\n\n<p>La mortalidad operatoria en cirug\u00edas programadas es baja: 1\u20133% en tratamientos endovasculares y 3\u20135% en cirug\u00eda abierta.<\/p>\n\n\n\n<p>Actualmente, se destacan innovaciones que permiten intervenciones m\u00e1s seguras y personalizadas como la endopr\u00f3tesis de \u00faltima generaci\u00f3n (fenestradas y ramificadas), cirug\u00edas h\u00edbridas, navegaci\u00f3n por imagen 3D y planificaci\u00f3n virtual. Adem\u00e1s, se investigan pr\u00f3tesis bioabsorbibles, impresi\u00f3n 3D de injertos, terapias g\u00e9nicas y el uso de inteligencia artificial para mejorar la detecci\u00f3n.<\/p>\n\n\n\n<p>Si bien no todos los aneurismas pueden prevenirse, s\u00ed es posible reducir su desarrollo y evitar complicaciones graves. Las recomendaciones principales son mantener h\u00e1bitos saludables, no fumar, controlar la presi\u00f3n arterial y el colesterol<\/p>\n\n\n\n<p>\u201cEl aneurisma de aorta no es una sentencia, es una advertencia. Detectado a tiempo, se puede controlar y tratar con excelentes resultados. Lo importante es no ignorarlo. Hacerse los controles salva vidas\u201d, concluy\u00f3 el Dr. Heredia<\/p>\n","protected":false},"excerpt":{"rendered":"<p>El Dr. Nicol\u00e1s Heredia, Jefe de la Divisi\u00f3n Cirug\u00eda Vascular del Hospital de Cl\u00ednicas \u201cJos\u00e9 de San Mart\u00edn\u201d de la UBA, advierte sobre la importancia de la detecci\u00f3n precoz del aneurisma de aorta, una patolog\u00eda frecuente en adultos mayores que, en la mayor\u00eda de los casos, no presenta s\u00edntomas hasta que se produce su complicaci\u00f3n&hellip;<\/p>\n","protected":false},"author":6,"featured_media":0,"parent":0,"menu_order":0,"comment_status":"closed","ping_status":"closed","template":"","meta":{"footnotes":""},"class_list":["post-9193","page","type-page","status-publish","hentry"],"aioseo_notices":[],"_links":{"self":[{"href":"https:\/\/www.hospitaldeclinicas.uba.ar\/index.php?rest_route=\/wp\/v2\/pages\/9193","targetHints":{"allow":["GET"]}}],"collection":[{"href":"https:\/\/www.hospitaldeclinicas.uba.ar\/index.php?rest_route=\/wp\/v2\/pages"}],"about":[{"href":"https:\/\/www.hospitaldeclinicas.uba.ar\/index.php?rest_route=\/wp\/v2\/types\/page"}],"author":[{"embeddable":true,"href":"https:\/\/www.hospitaldeclinicas.uba.ar\/index.php?rest_route=\/wp\/v2\/users\/6"}],"replies":[{"embeddable":true,"href":"https:\/\/www.hospitaldeclinicas.uba.ar\/index.php?rest_route=%2Fwp%2Fv2%2Fcomments&post=9193"}],"version-history":[{"count":1,"href":"https:\/\/www.hospitaldeclinicas.uba.ar\/index.php?rest_route=\/wp\/v2\/pages\/9193\/revisions"}],"predecessor-version":[{"id":9194,"href":"https:\/\/www.hospitaldeclinicas.uba.ar\/index.php?rest_route=\/wp\/v2\/pages\/9193\/revisions\/9194"}],"wp:attachment":[{"href":"https:\/\/www.hospitaldeclinicas.uba.ar\/index.php?rest_route=%2Fwp%2Fv2%2Fmedia&parent=9193"}],"curies":[{"name":"wp","href":"https:\/\/api.w.org\/{rel}","templated":true}]}}