{"id":9094,"date":"2025-10-30T09:46:58","date_gmt":"2025-10-30T12:46:58","guid":{"rendered":"https:\/\/www.hospitaldeclinicas.uba.ar\/?page_id=9094"},"modified":"2025-10-30T09:47:52","modified_gmt":"2025-10-30T12:47:52","slug":"psoriasis-mucho-mas-que-un-problema-en-la-piel-para-miles-de-argentinos","status":"publish","type":"page","link":"https:\/\/www.hospitaldeclinicas.uba.ar\/?page_id=9094","title":{"rendered":"Psoriasis: mucho m\u00e1s que un problema en la piel para miles de argentinos\u00a0"},"content":{"rendered":"\n<p><\/p>\n\n\n\n<p>\u201cLa psoriasis afecta a entre el&nbsp;<strong>2 y el 3% de la poblaci\u00f3n argentina<\/strong>&nbsp;y, aunque tiene una base gen\u00e9tica, su evoluci\u00f3n est\u00e1 fuertemente influenciada por factores emocionales como el&nbsp;<strong>estr\u00e9s<\/strong>, la&nbsp;<strong>ansiedad<\/strong>&nbsp;y otros problemas de salud mental\u201d, sostiene la Dra. Graciela Manzur (MN 63.141), Jefa de la Divisi\u00f3n de Dermatolog\u00eda de la instituci\u00f3n, directora de su Centro de Investigaci\u00f3n en Genodermatosis y Epiderm\u00f3lisis Ampollar (CEDIGEA) .&nbsp;<\/p>\n\n\n\n<p>Los s\u00edntomas de psoriasis pueden aparecer a cualquier edad, pero predomina con dos picos a los 20 y a los 60 a\u00f1os. La&nbsp;<strong>calidad de vida de una persona con psoriasis se ve com\u00fanmente afectada no solo por las manifestaciones cut\u00e1neas<\/strong>, sino que tambi\u00e9n puede haber compromiso articular (artritis psori\u00e1tica), ocular (uve\u00edtis) y&nbsp; est\u00e1 asociada a otras comorbilidades.<\/p>\n\n\n\n<p>Seg\u00fan la m\u00e9dica, hasta un 30% de las consultas dermatol\u00f3gicas en el servicio que dirige \u2014incluidas las relacionadas con psoriasis\u2014 est\u00e1n influenciadas por factores emocionales como el estr\u00e9s o la ansiedad. \u201cEl&nbsp;<strong>estr\u00e9s puede actuar como desencadenante o agravante<\/strong>, y muchas veces complica la adherencia al tratamiento o empeora la percepci\u00f3n del dolor\u201d, se\u00f1ala la especialista.&nbsp;<\/p>\n\n\n\n<p>El&nbsp;<strong>diagn\u00f3stico en la mayor\u00eda de los casos es cl\u00ednico<\/strong>: se eval\u00faan antecedentes familiares, caracter\u00edsticas cl\u00ednicas de las lesiones, junto con la localizaci\u00f3n t\u00edpica. En casos dudosos el estudio histopatol\u00f3gico lo confirma.<\/p>\n\n\n\n<p>Aunque no se ha encontrado la cura de la psoriasis, las&nbsp;<strong>terapias&nbsp;<\/strong>son cada vez m\u00e1s espec\u00edficas, con&nbsp;<strong>mayor eficacia y menos efectos adversos<\/strong>. Las mismas var\u00eda seg\u00fan el tipo de psoriasis: \u201cEn las formas leves se pueden utilizar queratol\u00edticos, derivados de la vitamina D como el calcipotriol, solo o en combinaci\u00f3n con corticoides, fototerapia, inhibidores de la calcineurina, y en los casos m\u00e1s severos medicaci\u00f3n sist\u00e9mica. La calidad de vida de los pacientes con formas severas ha mejorado espectacularmente, con el uso de medicaci\u00f3n biol\u00f3gica que bloquea los mecanismos exacerbados que se encuentran en la psoriasis\u201d, dice la Dra. Manzur.<\/p>\n\n\n\n<p>En un contexto de sobreinformaci\u00f3n y proliferaci\u00f3n de \u201ctips\u201d no verificados en redes sociales, desde el Cl\u00ednicas llaman a la poblaci\u00f3n a&nbsp;<strong>no automedicarse<\/strong>&nbsp;ni buscar tratamientos en farmacias sin prescripci\u00f3n o por recomendaciones informales. \u201cMuchas personas usan medicaciones viejas o sugeridas por otros, sin diagn\u00f3stico. Eso no solo retrasa el tratamiento adecuado, sino que puede agravar la situaci\u00f3n\u201d, advierte la m\u00e9dica.<\/p>\n\n\n\n<p>El hospital tambi\u00e9n recuerda la importancia de mantener cuidados b\u00e1sicos como la&nbsp;<strong>fotoprotecci\u00f3n diaria<\/strong>, una&nbsp;<strong>higiene suave<\/strong>,&nbsp;<strong>hidrataci\u00f3n adecuada<\/strong>, alimentaci\u00f3n saludable y control del estr\u00e9s, factores clave para proteger la piel y prevenir la aparici\u00f3n o el empeoramiento de muchas afecciones dermatol\u00f3gicas.<\/p>\n\n\n\n<p>\u201cEste D\u00eda Mundial de la Psoriasis queremos transmitir que esta no es una enfermedad contagiosa; que, a\u00fan teniendo las formas m\u00e1s severas, con la medicaci\u00f3n correcta se puede remitir la afecci\u00f3n; y que es fundamental hacer el seguimiento dermatol\u00f3gico y cl\u00ednico para tambi\u00e9n controlar y evitar las comorbilidades, mejorando sin duda la calidad de vida de quienes la padecen\u201d, cierra Manzur.<\/p>\n","protected":false},"excerpt":{"rendered":"<p>\u201cLa psoriasis afecta a entre el&nbsp;2 y el 3% de la poblaci\u00f3n argentina&nbsp;y, aunque tiene una base gen\u00e9tica, su evoluci\u00f3n est\u00e1 fuertemente influenciada por factores emocionales como el&nbsp;estr\u00e9s, la&nbsp;ansiedad&nbsp;y otros problemas de salud mental\u201d, sostiene la Dra. Graciela Manzur (MN 63.141), Jefa de la Divisi\u00f3n de Dermatolog\u00eda de la instituci\u00f3n, directora de su Centro de&hellip;<\/p>\n","protected":false},"author":6,"featured_media":0,"parent":0,"menu_order":0,"comment_status":"closed","ping_status":"closed","template":"","meta":{"footnotes":""},"class_list":["post-9094","page","type-page","status-publish","hentry"],"aioseo_notices":[],"_links":{"self":[{"href":"https:\/\/www.hospitaldeclinicas.uba.ar\/index.php?rest_route=\/wp\/v2\/pages\/9094","targetHints":{"allow":["GET"]}}],"collection":[{"href":"https:\/\/www.hospitaldeclinicas.uba.ar\/index.php?rest_route=\/wp\/v2\/pages"}],"about":[{"href":"https:\/\/www.hospitaldeclinicas.uba.ar\/index.php?rest_route=\/wp\/v2\/types\/page"}],"author":[{"embeddable":true,"href":"https:\/\/www.hospitaldeclinicas.uba.ar\/index.php?rest_route=\/wp\/v2\/users\/6"}],"replies":[{"embeddable":true,"href":"https:\/\/www.hospitaldeclinicas.uba.ar\/index.php?rest_route=%2Fwp%2Fv2%2Fcomments&post=9094"}],"version-history":[{"count":3,"href":"https:\/\/www.hospitaldeclinicas.uba.ar\/index.php?rest_route=\/wp\/v2\/pages\/9094\/revisions"}],"predecessor-version":[{"id":9097,"href":"https:\/\/www.hospitaldeclinicas.uba.ar\/index.php?rest_route=\/wp\/v2\/pages\/9094\/revisions\/9097"}],"wp:attachment":[{"href":"https:\/\/www.hospitaldeclinicas.uba.ar\/index.php?rest_route=%2Fwp%2Fv2%2Fmedia&parent=9094"}],"curies":[{"name":"wp","href":"https:\/\/api.w.org\/{rel}","templated":true}]}}