{"id":8994,"date":"2025-10-06T12:26:34","date_gmt":"2025-10-06T15:26:34","guid":{"rendered":"https:\/\/www.hospitaldeclinicas.uba.ar\/?page_id=8994"},"modified":"2025-10-06T12:26:34","modified_gmt":"2025-10-06T15:26:34","slug":"leucemia-mieloide-cronica-consultar-a-tiempo-es-clave-para-una-buena-calidad-de-vida","status":"publish","type":"page","link":"https:\/\/www.hospitaldeclinicas.uba.ar\/?page_id=8994","title":{"rendered":"Leucemia Mieloide Cr\u00f3nica: consultar a tiempo es clave para una buena calidad de vida"},"content":{"rendered":"\n<p>\u201cLa LMC es <strong>un tipo de c\u00e1ncer de la sangre y de la m\u00e9dula \u00f3sea caracterizado por la proliferaci\u00f3n excesiva de gl\u00f3bulos blancos<\/strong>. Representa alrededor del 15% de todas las leucemias en adultos y suele diagnosticarse en personas de mediana edad, aunque puede aparecer a cualquier edad\u201d, sostiene la Dra. Francisca Rojas, Jefa de la divisi\u00f3n Hematolog\u00eda del Hospital de Cl\u00ednicas de la UBA (MN 90.648).<\/p>\n\n\n\n<p>En la mayor\u00eda de los casos <strong>no se conocen causas directas que expliquen este evento<\/strong>, que<strong> se detecta en un hemograma de rutina<\/strong>, al observar un aumento de gl\u00f3bulos blancos. Un examen de PCR permite no solo confirmar el diagn\u00f3stico sino tambi\u00e9n monitorear la respuesta al tratamiento con gran precisi\u00f3n en caso de presentar esta enfermedad.<\/p>\n\n\n\n<p>Ahora bien, <strong>\u00bfc\u00f3mo se manifiesta?<\/strong> \u201cCuando aparecen s\u00edntomas, los m\u00e1s comunes son: fatiga, sudoraci\u00f3n nocturna, p\u00e9rdida de peso, sensaci\u00f3n de plenitud o dolor abdominal por agrandamiento del bazo, e infecciones o sangrados poco habituales\u201d, dice la m\u00e9dica.<\/p>\n\n\n\n<p><strong>La consulta temprana a un hemat\u00f3logo permite confirmar el diagn\u00f3stico y comenzar un tratamiento que cambia radicalmente la evoluci\u00f3n de la enfermedad<\/strong>. \u201cGracias a la investigaci\u00f3n cient\u00edfica y al acceso a tratamientos dirigidos como los inhibidores de tirosina quinasa,<strong> hoy la mayor\u00eda de las personas con LMC puede llevar una vida plena<\/strong>, con buena calidad de vida y una expectativa de vida cercana a la de la poblaci\u00f3n general. Estos avances han transformado el panorama acerca de esta enfermedad que hace apenas dos d\u00e9cadas era considerada de mal pron\u00f3stico\u201d, agrega la especialista.<\/p>\n\n\n\n<p><strong>Cuanto antes se inicia la terapia, mejor es el pron\u00f3stico<\/strong>. El tratamiento precoz permite alcanzar respuestas moleculares profundas, reduce el riesgo de progresi\u00f3n a fases m\u00e1s agresivas de la enfermedad y aumenta la expectativa de vida, que hoy en d\u00eda puede igualar a la poblaci\u00f3n general gracias a los inhibidores de tirosina quinasa.<\/p>\n\n\n\n<p>Por este motivo, el D\u00eda Mundial de la LMC \u201ces una oportunidad para concientizar sobre la importancia de los controles m\u00e9dicos y el diagn\u00f3stico precoz, visibilizar la experiencia de los pacientes y sus familias y reconocer el rol fundamental de los equipos de salud, investigadores y organizaciones de pacientes que trabajan cada d\u00eda para mejorar la calidad de vida de quienes conviven con esta enfermedad. Muchos de nuestros pacientes llevan m\u00e1s de 15 o 20 a\u00f1os en tratamiento, con historias de vida que reflejan los avances extraordinarios que se han logrado en esta enfermedad\u201d, concluye la doctora.<\/p>\n","protected":false},"excerpt":{"rendered":"<p>\u201cLa LMC es un tipo de c\u00e1ncer de la sangre y de la m\u00e9dula \u00f3sea caracterizado por la proliferaci\u00f3n excesiva de gl\u00f3bulos blancos. Representa alrededor del 15% de todas las leucemias en adultos y suele diagnosticarse en personas de mediana edad, aunque puede aparecer a cualquier edad\u201d, sostiene la Dra. Francisca Rojas, Jefa de la&hellip;<\/p>\n","protected":false},"author":6,"featured_media":0,"parent":0,"menu_order":0,"comment_status":"closed","ping_status":"closed","template":"","meta":{"footnotes":""},"class_list":["post-8994","page","type-page","status-publish","hentry"],"aioseo_notices":[],"_links":{"self":[{"href":"https:\/\/www.hospitaldeclinicas.uba.ar\/index.php?rest_route=\/wp\/v2\/pages\/8994","targetHints":{"allow":["GET"]}}],"collection":[{"href":"https:\/\/www.hospitaldeclinicas.uba.ar\/index.php?rest_route=\/wp\/v2\/pages"}],"about":[{"href":"https:\/\/www.hospitaldeclinicas.uba.ar\/index.php?rest_route=\/wp\/v2\/types\/page"}],"author":[{"embeddable":true,"href":"https:\/\/www.hospitaldeclinicas.uba.ar\/index.php?rest_route=\/wp\/v2\/users\/6"}],"replies":[{"embeddable":true,"href":"https:\/\/www.hospitaldeclinicas.uba.ar\/index.php?rest_route=%2Fwp%2Fv2%2Fcomments&post=8994"}],"version-history":[{"count":1,"href":"https:\/\/www.hospitaldeclinicas.uba.ar\/index.php?rest_route=\/wp\/v2\/pages\/8994\/revisions"}],"predecessor-version":[{"id":8995,"href":"https:\/\/www.hospitaldeclinicas.uba.ar\/index.php?rest_route=\/wp\/v2\/pages\/8994\/revisions\/8995"}],"wp:attachment":[{"href":"https:\/\/www.hospitaldeclinicas.uba.ar\/index.php?rest_route=%2Fwp%2Fv2%2Fmedia&parent=8994"}],"curies":[{"name":"wp","href":"https:\/\/api.w.org\/{rel}","templated":true}]}}