{"id":8971,"date":"2025-09-30T10:09:19","date_gmt":"2025-09-30T13:09:19","guid":{"rendered":"https:\/\/www.hospitaldeclinicas.uba.ar\/?page_id=8971"},"modified":"2025-09-30T10:09:19","modified_gmt":"2025-09-30T13:09:19","slug":"cursos-de-urologia","status":"publish","type":"page","link":"https:\/\/www.hospitaldeclinicas.uba.ar\/?page_id=8971","title":{"rendered":"CURSOS DE UROLOG\u00cdA"},"content":{"rendered":"\n<p>El Servicio se prepara para un octubre lleno de actividades para m\u00e9dicos ur\u00f3logos y residentes de este y otros hospitales.<\/p>\n\n\n\n<p>Algunos de ellos combinar\u00e1n clases te\u00f3ricas con cirug\u00edas en vivo.<\/p>\n\n\n\n<p>2 y 3 de octubre, de 8 a 16 horas: Curso de Laparoscopia Urol\u00f3gica para Residentes, organizado por el Cap\u00edtulo de Laparoscopia de la SAU. Estar\u00e1 a cargo del Dr. Patricio \u00c1lvarez, jefe de la secci\u00f3n de Laparoscopia.<\/p>\n\n\n\n<p>4 de octubre, 45horas: 2\u00b0 Jornada de ASAR \u201cLa Sexolog\u00eda en la Medicina y la Psicolog\u00eda. La Medicaci\u00f3n en la terapia Sexual\u201d en el Aula Magna de la Facultad de Medicina.<\/p>\n\n\n\n<p>8 de octubre, de 9 a 13 horas: Curso Nextgen Androlog\u00eda &#8211; T\u00e9cnicas avanzadas y L\u00e1ser Holmium. En este curso intensivo de cirug\u00eda androl\u00f3gica de vanguardia se transmitir\u00e1n en vivo una posteoplastia con sutura mec\u00e1nica, posteoplastia con l\u00e1ser de Holmium, frenulectomia con l\u00e1ser de Holmium e hidrocelectom\u00eda con l\u00e1ser de Holmium. Este curso estar\u00e1 a cargo del doctor Mariano Cohen, jefe de secci\u00f3n de Androlog\u00eda.<\/p>\n\n\n\n<p>23 de octubre, de 8 a 14 horas: Curso de Simulaci\u00f3n de Entrenamiento Endourol\u00f3gico, a cargo del doctor Horacio Sanguinetti, jefe de secci\u00f3n de Endourolog\u00eda.<\/p>\n\n\n\n<p>Para m\u00e1s informaci\u00f3n: <a href=\"mailto:urologia@hospitaldeclinicas.uba.ar\">urologia@hospitaldeclinicas.uba.ar<\/a><\/p>\n","protected":false},"excerpt":{"rendered":"<p>El Servicio se prepara para un octubre lleno de actividades para m\u00e9dicos ur\u00f3logos y residentes de este y otros hospitales. Algunos de ellos combinar\u00e1n clases te\u00f3ricas con cirug\u00edas en vivo. 2 y 3 de octubre, de 8 a 16 horas: Curso de Laparoscopia Urol\u00f3gica para Residentes, organizado por el Cap\u00edtulo de Laparoscopia de la SAU.&hellip;<\/p>\n","protected":false},"author":6,"featured_media":0,"parent":0,"menu_order":0,"comment_status":"closed","ping_status":"closed","template":"","meta":{"footnotes":""},"class_list":["post-8971","page","type-page","status-publish","hentry"],"aioseo_notices":[],"_links":{"self":[{"href":"https:\/\/www.hospitaldeclinicas.uba.ar\/index.php?rest_route=\/wp\/v2\/pages\/8971","targetHints":{"allow":["GET"]}}],"collection":[{"href":"https:\/\/www.hospitaldeclinicas.uba.ar\/index.php?rest_route=\/wp\/v2\/pages"}],"about":[{"href":"https:\/\/www.hospitaldeclinicas.uba.ar\/index.php?rest_route=\/wp\/v2\/types\/page"}],"author":[{"embeddable":true,"href":"https:\/\/www.hospitaldeclinicas.uba.ar\/index.php?rest_route=\/wp\/v2\/users\/6"}],"replies":[{"embeddable":true,"href":"https:\/\/www.hospitaldeclinicas.uba.ar\/index.php?rest_route=%2Fwp%2Fv2%2Fcomments&post=8971"}],"version-history":[{"count":1,"href":"https:\/\/www.hospitaldeclinicas.uba.ar\/index.php?rest_route=\/wp\/v2\/pages\/8971\/revisions"}],"predecessor-version":[{"id":8972,"href":"https:\/\/www.hospitaldeclinicas.uba.ar\/index.php?rest_route=\/wp\/v2\/pages\/8971\/revisions\/8972"}],"wp:attachment":[{"href":"https:\/\/www.hospitaldeclinicas.uba.ar\/index.php?rest_route=%2Fwp%2Fv2%2Fmedia&parent=8971"}],"curies":[{"name":"wp","href":"https:\/\/api.w.org\/{rel}","templated":true}]}}