{"id":8857,"date":"2025-09-02T12:46:41","date_gmt":"2025-09-02T15:46:41","guid":{"rendered":"https:\/\/www.hospitaldeclinicas.uba.ar\/?page_id=8857"},"modified":"2025-09-02T12:46:41","modified_gmt":"2025-09-02T15:46:41","slug":"preservacion-de-la-fertilidad-un-enfoque-multidisciplinario","status":"publish","type":"page","link":"https:\/\/www.hospitaldeclinicas.uba.ar\/?page_id=8857","title":{"rendered":"PRESERVACI\u00d3N DE LA FERTILIDAD: UN ENFOQUE MULTIDISCIPLINARIO"},"content":{"rendered":"\n<p>Fecha: 15 de septiembre al 10 de noviembre.<br>Dirigido a: m\u00e9dicos interesados en el tema.<br>Modalidad: virtual asincr\u00f3nica, te\u00f3rico-pr\u00e1ctica.<\/p>\n\n\n\n<p>De qu\u00e9 se tratar\u00e1: este curso de posgrado estar\u00e1 a cargo de los doctores Elena Zeitler y Javier Ortiz. La coordinaci\u00f3n est\u00e1 a cargo de la doctora Valeria Monsalvo. Cuenta con certificado de la UBA y adem\u00e1s otorga 3 cr\u00e9ditos acad\u00e9micos.<\/p>\n\n\n\n<p>Informes: institutodefertilidaduni@gmail.com<\/p>\n\n\n\n<p>Organizan: Divisi\u00f3n Ginecolog\u00eda e Instituto Universitario de Fertilidad y Reproducci\u00f3n Humana (IUFRH).<\/p>\n","protected":false},"excerpt":{"rendered":"<p>Fecha: 15 de septiembre al 10 de noviembre.Dirigido a: m\u00e9dicos interesados en el tema.Modalidad: virtual asincr\u00f3nica, te\u00f3rico-pr\u00e1ctica. De qu\u00e9 se tratar\u00e1: este curso de posgrado estar\u00e1 a cargo de los doctores Elena Zeitler y Javier Ortiz. La coordinaci\u00f3n est\u00e1 a cargo de la doctora Valeria Monsalvo. Cuenta con certificado de la UBA y adem\u00e1s otorga&hellip;<\/p>\n","protected":false},"author":6,"featured_media":0,"parent":0,"menu_order":0,"comment_status":"closed","ping_status":"closed","template":"","meta":{"footnotes":""},"class_list":["post-8857","page","type-page","status-publish","hentry"],"aioseo_notices":[],"_links":{"self":[{"href":"https:\/\/www.hospitaldeclinicas.uba.ar\/index.php?rest_route=\/wp\/v2\/pages\/8857","targetHints":{"allow":["GET"]}}],"collection":[{"href":"https:\/\/www.hospitaldeclinicas.uba.ar\/index.php?rest_route=\/wp\/v2\/pages"}],"about":[{"href":"https:\/\/www.hospitaldeclinicas.uba.ar\/index.php?rest_route=\/wp\/v2\/types\/page"}],"author":[{"embeddable":true,"href":"https:\/\/www.hospitaldeclinicas.uba.ar\/index.php?rest_route=\/wp\/v2\/users\/6"}],"replies":[{"embeddable":true,"href":"https:\/\/www.hospitaldeclinicas.uba.ar\/index.php?rest_route=%2Fwp%2Fv2%2Fcomments&post=8857"}],"version-history":[{"count":1,"href":"https:\/\/www.hospitaldeclinicas.uba.ar\/index.php?rest_route=\/wp\/v2\/pages\/8857\/revisions"}],"predecessor-version":[{"id":8858,"href":"https:\/\/www.hospitaldeclinicas.uba.ar\/index.php?rest_route=\/wp\/v2\/pages\/8857\/revisions\/8858"}],"wp:attachment":[{"href":"https:\/\/www.hospitaldeclinicas.uba.ar\/index.php?rest_route=%2Fwp%2Fv2%2Fmedia&parent=8857"}],"curies":[{"name":"wp","href":"https:\/\/api.w.org\/{rel}","templated":true}]}}