{"id":8855,"date":"2025-09-02T12:46:15","date_gmt":"2025-09-02T15:46:15","guid":{"rendered":"https:\/\/www.hospitaldeclinicas.uba.ar\/?page_id=8855"},"modified":"2025-09-02T12:46:15","modified_gmt":"2025-09-02T15:46:15","slug":"congreso-internacional-de-genodermatosis","status":"publish","type":"page","link":"https:\/\/www.hospitaldeclinicas.uba.ar\/?page_id=8855","title":{"rendered":"CONGRESO INTERNACIONAL DE GENODERMATOSIS"},"content":{"rendered":"\n<p>Fecha: 11 al 13 de septiembre<br>Dirigido a: m\u00e9dicos.<\/p>\n\n\n\n<p>Modalidad: virtual por plataforma Zoom. Arancelado. Se requiere inscripci\u00f3n previa haciendo clic aqu\u00ed.<br>De qu\u00e9 se tratar\u00e1: de tres jornadas intensivas enfocadas en el abordaje diagn\u00f3stico, terap\u00e9utico y gen\u00e9tico de las enfermedades gen\u00e9ticas de la piel, con la participaci\u00f3n de oradores internacionales de primer nivel. Se entregar\u00e1 certificado de asistencia. Tambi\u00e9n, se ofrecer\u00e1n becas a trav\u00e9s de laboratorios.<\/p>\n\n\n\n<p>M\u00e1s informaci\u00f3n: https:\/\/sites.google.com\/fmed.uba.ar\/cedigea\/actividades\/congreso-internacional-de-genodermatosis<\/p>\n\n\n\n<p>Organiza: Centro de Investigaci\u00f3n de Genodermatosis y Epiderm\u00f3lisis Ampollar (CEDIGEA-UBA) Divisi\u00f3n y C\u00e1tedra de Dermatolog\u00eda.<\/p>\n","protected":false},"excerpt":{"rendered":"<p>Fecha: 11 al 13 de septiembreDirigido a: m\u00e9dicos. Modalidad: virtual por plataforma Zoom. Arancelado. Se requiere inscripci\u00f3n previa haciendo clic aqu\u00ed.De qu\u00e9 se tratar\u00e1: de tres jornadas intensivas enfocadas en el abordaje diagn\u00f3stico, terap\u00e9utico y gen\u00e9tico de las enfermedades gen\u00e9ticas de la piel, con la participaci\u00f3n de oradores internacionales de primer nivel. Se entregar\u00e1 certificado&hellip;<\/p>\n","protected":false},"author":6,"featured_media":0,"parent":0,"menu_order":0,"comment_status":"closed","ping_status":"closed","template":"","meta":{"footnotes":""},"class_list":["post-8855","page","type-page","status-publish","hentry"],"aioseo_notices":[],"_links":{"self":[{"href":"https:\/\/www.hospitaldeclinicas.uba.ar\/index.php?rest_route=\/wp\/v2\/pages\/8855","targetHints":{"allow":["GET"]}}],"collection":[{"href":"https:\/\/www.hospitaldeclinicas.uba.ar\/index.php?rest_route=\/wp\/v2\/pages"}],"about":[{"href":"https:\/\/www.hospitaldeclinicas.uba.ar\/index.php?rest_route=\/wp\/v2\/types\/page"}],"author":[{"embeddable":true,"href":"https:\/\/www.hospitaldeclinicas.uba.ar\/index.php?rest_route=\/wp\/v2\/users\/6"}],"replies":[{"embeddable":true,"href":"https:\/\/www.hospitaldeclinicas.uba.ar\/index.php?rest_route=%2Fwp%2Fv2%2Fcomments&post=8855"}],"version-history":[{"count":1,"href":"https:\/\/www.hospitaldeclinicas.uba.ar\/index.php?rest_route=\/wp\/v2\/pages\/8855\/revisions"}],"predecessor-version":[{"id":8856,"href":"https:\/\/www.hospitaldeclinicas.uba.ar\/index.php?rest_route=\/wp\/v2\/pages\/8855\/revisions\/8856"}],"wp:attachment":[{"href":"https:\/\/www.hospitaldeclinicas.uba.ar\/index.php?rest_route=%2Fwp%2Fv2%2Fmedia&parent=8855"}],"curies":[{"name":"wp","href":"https:\/\/api.w.org\/{rel}","templated":true}]}}