{"id":8850,"date":"2025-09-01T11:18:21","date_gmt":"2025-09-01T14:18:21","guid":{"rendered":"https:\/\/www.hospitaldeclinicas.uba.ar\/?page_id=8850"},"modified":"2025-09-01T11:18:21","modified_gmt":"2025-09-01T14:18:21","slug":"vasectomia-y-segunda-oportunidad-como-funciona-la-cirugia-para-revertirla-2","status":"publish","type":"page","link":"https:\/\/www.hospitaldeclinicas.uba.ar\/?page_id=8850","title":{"rendered":"Vasectom\u00eda y segunda oportunidad: c\u00f3mo funciona la cirug\u00eda para revertirla"},"content":{"rendered":"\n<p>En Argentina aumentan las vasectom\u00edas, y tambi\u00e9n las consultas para deshacerlas. Entre un 80 y un 90% de quienes buscan la operaci\u00f3n lo hacen con la intenci\u00f3n de tener hijos.<\/p>\n\n\n\n<p>Vasectom\u00eda y segunda oportunidad: c\u00f3mo funciona la cirug\u00eda para revertirla . Foto: ilustraci\u00f3n Shutterstock.<br>En Argentina se realizan cada vez m\u00e1s vasectom\u00edas , pero tambi\u00e9n aumentan las consultas para revertirlas . Entre un 80 y un 90% de quienes buscan la operaci\u00f3n lo hacen con la intenci\u00f3n de tener hijos .<br>La reversi\u00f3n es posible en un 75 a 80% de los casos cuando se practica dentro de los primeros diez a\u00f1os posteriores a la vasectom\u00eda.<br>Desde el&nbsp;<strong>Hospital de Cl\u00ednicas<\/strong>&nbsp;de la&nbsp;<strong>UBA<\/strong>&nbsp;destacan que la orientaci\u00f3n adecuada es clave para quienes eval\u00faan esta opci\u00f3n.<br>La vasectom\u00eda es uno de los m\u00e9todos anticonceptivos masculinos m\u00e1s efectivos . Su uso se expandi\u00f3 en las \u00faltimas d\u00e9cadas gracias a la Ley 26.130, que garantiza el acceso gratuito a la anticoncepci\u00f3n quir\u00fargica. Pero al mismo tiempo, especialistas en androlog\u00eda observan un aumento en los pedidos de reversi\u00f3n , especialmente en pacientes que han experimentado cambios en su situaci\u00f3n familiar .<br>La vasectom\u00eda es uno de los m\u00e9todos anticonceptivos masculinos m\u00e1s efectivos. Foto: ilustraci\u00f3n Shutterstock.<br>El&nbsp;<strong>Hospital de Cl\u00ednicas<\/strong>&nbsp;inform\u00f3 que entre 2019 y 2022 las vasectom\u00edas pasaron de 22 a 145 por a\u00f1 o. Esa curva ascendente tambi\u00e9n se replica en las vasovasostom\u00edas , la cirug\u00eda que reconecta los conductos deferentes.<br>\u201cEl arrepentimiento ronda entre el 2 y el 6% seg\u00fan la literatura m\u00e9dica, pero en nuestro pa\u00eds el n\u00famero de vasectom\u00edas creci\u00f3 tanto que hoy atendemos m\u00e1s casos. De menos de cuatro por a\u00f1o, en 2025 ya hicimos siete\u201d, explic\u00f3 el doctor Mariano Cohen, jefe de la secci\u00f3n Androlog\u00eda en el&nbsp;<strong>Hospital de Cl\u00ednicas<\/strong>&nbsp;de la&nbsp;<strong>UBA<\/strong>.<br>Seg\u00fan Cohen, la mayor\u00eda de los pacientes son hombres que desean ampliar la familia (80 a 90% de los casos) o varones j\u00f3venes, con pocos hijos, que se separaron despu\u00e9s de la operaci\u00f3n.<br>La tasa de \u00e9xito depende del tiempo transcurrido: alcanza entre 75 y 80% si la cirug\u00eda se realiza en la primera d\u00e9cada y cae al 20% despu\u00e9s de ese per\u00edodo.<br>La vasectom\u00eda consiste en seccionar y ligar los conductos deferentes , lo que bloquea el paso de espermatozoides. Se realiza con anestesia local, no altera la funci\u00f3n sexual y asegura una alta eficacia anticonceptiva.<br>La reversi\u00f3n, o vasovasostom\u00eda, implica volver a unir esos conductos. La operaci\u00f3n dura alrededor de tres horas, se hace con microscopio quir\u00fargico y anestesia local con sedaci\u00f3n. El an\u00e1lisis del semen mejora con el tiempo y se recomienda esperar entre 12 y 15 meses para buscar un embarazo natural.<br>La decisi\u00f3n de revertir una vasectom\u00eda no depende solo del ur\u00f3logo. Intervienen factores como la edad y la fertilidad de la pareja, la calidad del semen y el tiempo desde la cirug\u00eda original .<br>\u201cEs importante la visi\u00f3n del ginec\u00f3logo para saber si la mujer tiene al menos un a\u00f1o de tiempo para la b\u00fasqueda de familia. Si la reserva ov\u00e1rica est\u00e1 disminuida, no ser\u00eda aconsejable la reversi\u00f3n. En el hombre, en casos seleccionados, se realiza biopsia testicular intraoperatoria para criopreservar espermatozoides, permitiendo el uso de t\u00e9cnicas de reproducci\u00f3n asistida en caso de falla de la reversi\u00f3n\u201d, se\u00f1al\u00f3 Cohen.<br>El especialista concluy\u00f3: \u201cLa vasectom\u00eda y su reversi\u00f3n son pr\u00e1cticas consolidadas en nuestro pa\u00eds. Con la experiencia acumulada en instituciones como el&nbsp;<strong>Hospital de Cl\u00ednicas<\/strong>&nbsp;y el Centro Argentino de Urolog\u00eda, hoy podemos ofrecer un abordaje seguro y adaptado a cada paciente\u201d.<\/p>\n","protected":false},"excerpt":{"rendered":"<p>En Argentina aumentan las vasectom\u00edas, y tambi\u00e9n las consultas para deshacerlas. Entre un 80 y un 90% de quienes buscan la operaci\u00f3n lo hacen con la intenci\u00f3n de tener hijos. Vasectom\u00eda y segunda oportunidad: c\u00f3mo funciona la cirug\u00eda para revertirla . Foto: ilustraci\u00f3n Shutterstock.En Argentina se realizan cada vez m\u00e1s vasectom\u00edas , pero tambi\u00e9n aumentan&hellip;<\/p>\n","protected":false},"author":6,"featured_media":0,"parent":0,"menu_order":0,"comment_status":"closed","ping_status":"closed","template":"","meta":{"footnotes":""},"class_list":["post-8850","page","type-page","status-publish","hentry"],"aioseo_notices":[],"_links":{"self":[{"href":"https:\/\/www.hospitaldeclinicas.uba.ar\/index.php?rest_route=\/wp\/v2\/pages\/8850","targetHints":{"allow":["GET"]}}],"collection":[{"href":"https:\/\/www.hospitaldeclinicas.uba.ar\/index.php?rest_route=\/wp\/v2\/pages"}],"about":[{"href":"https:\/\/www.hospitaldeclinicas.uba.ar\/index.php?rest_route=\/wp\/v2\/types\/page"}],"author":[{"embeddable":true,"href":"https:\/\/www.hospitaldeclinicas.uba.ar\/index.php?rest_route=\/wp\/v2\/users\/6"}],"replies":[{"embeddable":true,"href":"https:\/\/www.hospitaldeclinicas.uba.ar\/index.php?rest_route=%2Fwp%2Fv2%2Fcomments&post=8850"}],"version-history":[{"count":1,"href":"https:\/\/www.hospitaldeclinicas.uba.ar\/index.php?rest_route=\/wp\/v2\/pages\/8850\/revisions"}],"predecessor-version":[{"id":8851,"href":"https:\/\/www.hospitaldeclinicas.uba.ar\/index.php?rest_route=\/wp\/v2\/pages\/8850\/revisions\/8851"}],"wp:attachment":[{"href":"https:\/\/www.hospitaldeclinicas.uba.ar\/index.php?rest_route=%2Fwp%2Fv2%2Fmedia&parent=8850"}],"curies":[{"name":"wp","href":"https:\/\/api.w.org\/{rel}","templated":true}]}}