{"id":8726,"date":"2025-07-16T09:22:55","date_gmt":"2025-07-16T12:22:55","guid":{"rendered":"https:\/\/www.hospitaldeclinicas.uba.ar\/?page_id=8726"},"modified":"2025-07-16T09:22:55","modified_gmt":"2025-07-16T12:22:55","slug":"acv-una-enfermedad-que-es-prevenible-pero-afecta-a-cada-vez-mas-personas-y-de-menor-edad","status":"publish","type":"page","link":"https:\/\/www.hospitaldeclinicas.uba.ar\/?page_id=8726","title":{"rendered":"ACV: una enfermedad que es prevenible pero afecta a cada vez m\u00e1s personas y de menor edad"},"content":{"rendered":"<div class=\"wp-block-image\">\n<figure class=\"aligncenter size-full is-resized\"><img loading=\"lazy\" decoding=\"async\" width=\"1080\" height=\"1080\" src=\"https:\/\/www.hospitaldeclinicas.uba.ar\/wp-content\/uploads\/2025\/07\/dia-mundial-alergia-5.png\" alt=\"\" class=\"wp-image-8727\" style=\"width:371px;height:auto\"\/><figcaption class=\"wp-element-caption\">Es la segunda causa de muerte y la primera de discapacidad en el pa\u00eds y en el mundo<\/figcaption><\/figure><\/div>\n\n\n<p><strong>Desde el Hospital de Cl\u00ednicas de la UBA llaman a la concientizaci\u00f3n sobre la falta de control de los factores de riesgo e instan a acudir con rapidez a los servicios de emergencia ante cualquier signo o s\u00edntoma que sugiera un Accidente Cerebro Vascular.<\/strong><\/p>\n\n\n\n<p>\u201cEl Accidente Cerebro Vascular (ACV) es un conjunto de signos y s\u00edntomas que genera un d\u00e9ficit neurol\u00f3gico. El aumento de los casos de ACV en el pa\u00eds y su presentaci\u00f3n en edades m\u00e1s tempranas, es debido a la falta de control en los factores de riesgo. Los principales factores de riesgo son la edad,&nbsp;<strong>la presi\u00f3n arterial, el colesterol, la glucemia, la actividad f\u00edsica, la alimentaci\u00f3n y el tabaquismo\u201d<\/strong>, sostiene el Dr. Jos\u00e9 Stringa, M\u00e9dico de Planta de la V C\u00e1tedra &#8211; Departamento Medicina Interna del Hospital de Cl\u00ednicas (MN 137.606).&nbsp;<\/p>\n\n\n\n<p>El especialista afirma que la prevenci\u00f3n debe ser un objetivo fundamental del sistema de salud para evitar este tipo de patolog\u00edas y muchas otras m\u00e1s que est\u00e1n relacionadas y agrega que \u201cel ACV que no es tratado en tiempo y forma tiene una alt\u00edsima mortalidad y un gran impacto en la persona y en el grupo familiar debido a las secuelas que puede dejar tanto motoras como de deterioro cognitivo\u201d.<\/p>\n\n\n\n<p>De acuerdo con un&nbsp;<a href=\"https:\/\/www4.hcdn.gob.ar\/archivos\/observatorio-ocal\/informes\/Informe_ACV.pdf\" target=\"_blank\" rel=\"noreferrer noopener\">informe emitido desde la C\u00e1mara de Diputados de la Naci\u00f3n<\/a>&nbsp;en 2023, el ACV es la segunda causa de muerte y la primera de discapacidad a nivel mundial, una tendencia que se replica en Argentina. El reporte indica que \u201ca escala nacional, seg\u00fan estudios estad\u00edsticos en poblaciones puntuales, ocurren aproximadamente 120.000 casos anuales, los cuales representan 40.000 muertes y 40.000 nuevas personas con discapacidad cada a\u00f1o\u201d.&nbsp;<\/p>\n\n\n\n<p><strong>\u00bfCu\u00e1les son los s\u00edntomas de un ACV?&nbsp;<\/strong><\/p>\n\n\n\n<ul class=\"wp-block-list\">\n<li>Debilidad o sensaci\u00f3n de que se duerme un lado de la cara, un brazo o una pierna, especialmente del mismo lado.\u00a0<\/li>\n\n\n\n<li>Problemas para hablar o entender lo que otra persona dice.\u00a0<\/li>\n\n\n\n<li>Problemas para caminar.\u00a0<\/li>\n\n\n\n<li>Mareos.\u00a0<\/li>\n\n\n\n<li>P\u00e9rdida de equilibrio o falta de coordinaci\u00f3n del cuerpo (por ejemplo, querer agarrar algo y no poder).\u00a0<\/li>\n\n\n\n<li>Dolor de cabeza muy fuerte y repentino.<\/li>\n<\/ul>\n\n\n\n<p>Lo primero que hay que hacer cuando ocurre el ACV es contactar a los servicios de emergencia. No hay que tener miedo a nombrar la sospecha de esta enfermedad a quien atiende el tel\u00e9fono en emergencias. \u201cCualquier signo o s\u00edntoma que sugiera un ACV tiene que r\u00e1pidamente generar alarma en la persona y en el grupo familiar para ser derivado. Un diagn\u00f3stico precoz mejora much\u00edsimo los \u00edndices de mortalidad y secuelas de esta enfermedad. Entonces es muy importante que el paciente, el acompa\u00f1ante o el grupo familiar, cuando advierta estas se\u00f1ales, activen el canal de emergencias para acceder a una guardia\u201d.<\/p>\n\n\n\n<p>Idealmente, una vez que ingresa el paciente a una guardia con sospecha de ACV, dentro de la hora tiene que haber sido evaluado correctamente, tener una neuroimagen, es decir, una tomograf\u00eda o una resonancia, para definir con rapidez si tiene las posibilidades de recibir un tratamiento trombol\u00edtico y estabilizarlo.&nbsp;<\/p>\n\n\n\n<p>\u201cEl Hospital de Cl\u00ednicas ha realizado un trabajo exhaustivo en esta patolog\u00eda. El Dr. Saguier Padilla identific\u00f3 a los pacientes que ingresaron a nuestra instituci\u00f3n en los \u00faltimos a\u00f1os y a trav\u00e9s de esa investigaci\u00f3n, el Servicio de Neurolog\u00eda propuso un protocolo de evaluaci\u00f3n para los pacientes con sospechas de ACV en Urgencias. Esto quiere decir que hay todo un sistema organizado en donde, para aquel paciente que ingrese con sospecha de ACV, un equipo va a estar destinado a su atenci\u00f3n para tener un r\u00e1pido diagn\u00f3stico y ofrecerle un tratamiento oportuno\u201d, concluye Stringa.<\/p>\n\n\n\n<p><\/p>\n","protected":false},"excerpt":{"rendered":"<p>Desde el Hospital de Cl\u00ednicas de la UBA llaman a la concientizaci\u00f3n sobre la falta de control de los factores de riesgo e instan a acudir con rapidez a los servicios de emergencia ante cualquier signo o s\u00edntoma que sugiera un Accidente Cerebro Vascular. \u201cEl Accidente Cerebro Vascular (ACV) es un conjunto de signos y&hellip;<\/p>\n","protected":false},"author":6,"featured_media":0,"parent":0,"menu_order":0,"comment_status":"closed","ping_status":"closed","template":"","meta":{"footnotes":""},"class_list":["post-8726","page","type-page","status-publish","hentry"],"aioseo_notices":[],"_links":{"self":[{"href":"https:\/\/www.hospitaldeclinicas.uba.ar\/index.php?rest_route=\/wp\/v2\/pages\/8726","targetHints":{"allow":["GET"]}}],"collection":[{"href":"https:\/\/www.hospitaldeclinicas.uba.ar\/index.php?rest_route=\/wp\/v2\/pages"}],"about":[{"href":"https:\/\/www.hospitaldeclinicas.uba.ar\/index.php?rest_route=\/wp\/v2\/types\/page"}],"author":[{"embeddable":true,"href":"https:\/\/www.hospitaldeclinicas.uba.ar\/index.php?rest_route=\/wp\/v2\/users\/6"}],"replies":[{"embeddable":true,"href":"https:\/\/www.hospitaldeclinicas.uba.ar\/index.php?rest_route=%2Fwp%2Fv2%2Fcomments&post=8726"}],"version-history":[{"count":1,"href":"https:\/\/www.hospitaldeclinicas.uba.ar\/index.php?rest_route=\/wp\/v2\/pages\/8726\/revisions"}],"predecessor-version":[{"id":8728,"href":"https:\/\/www.hospitaldeclinicas.uba.ar\/index.php?rest_route=\/wp\/v2\/pages\/8726\/revisions\/8728"}],"wp:attachment":[{"href":"https:\/\/www.hospitaldeclinicas.uba.ar\/index.php?rest_route=%2Fwp%2Fv2%2Fmedia&parent=8726"}],"curies":[{"name":"wp","href":"https:\/\/api.w.org\/{rel}","templated":true}]}}