{"id":8595,"date":"2025-05-16T12:31:12","date_gmt":"2025-05-16T15:31:12","guid":{"rendered":"https:\/\/www.hospitaldeclinicas.uba.ar\/?page_id=8595"},"modified":"2025-05-16T12:31:12","modified_gmt":"2025-05-16T15:31:12","slug":"division-farmacologia-e-investigacion-clinica-difaric","status":"publish","type":"page","link":"https:\/\/www.hospitaldeclinicas.uba.ar\/?page_id=8595","title":{"rendered":"DIVISI\u00d3N FARMACOLOG\u00cdA E INVESTIGACI\u00d3N CL\u00cdNICA (DIFARIC)"},"content":{"rendered":"\n<p class=\"has-text-align-center\">Jefe: Dr. Gustavo Daniel Risso\u00a0<br>m\u00e9dica consultora: Dra. Claudia Graciela Saidman<\/p>\n\n\n\n<p class=\"has-text-align-center\"><strong>DIVISI\u00d3N FARMACOLOG\u00cdA E INVESTIGACI\u00d3N CL\u00cdNICA<\/strong> <strong>(DIFARIC) Autoridades\u00a0<br><\/strong><br>Jefe: Dr. Gustavo Daniel Risso\u00a0<br>M\u00e9dica consultor\u00eda: Dra. Claudia Graciela Saidman\u00a0<\/p>\n\n\n\n<p><strong>Evaluaci\u00f3n proyectos de investigaci\u00f3n\u00a0<br><\/strong>Dra. Claudia Saidman\u00a0<br>Dr. Gustavo Risso\u00a0<br>Dr. Marcelo Regueiro\u00a0<br><strong>Unidad Desarrollo e Innovaci\u00f3n en Investigaci\u00f3n Cl\u00ednica\u00a0<br><\/strong>Dr. Mario Dvorkin\u00a0<br>Dr. Gustavo Risso\u00a0<br>Dra. Claudia Saidman\u00a0<br><strong>Unidad ciencia de datos en salud (REDCap)\u00a0<br><\/strong>Dr. Mario Dvorkin\u00a0<br>Lic. Virginia Kulik\u00a0<br>Dr. Gustavo Risso\u00a0<br><strong>Unidad gesti\u00f3n educativa\u00a0<br><\/strong>Dr. Mario Dvorkin\u00a0<br>Dr. Marcelo Regueiro\u00a0<br>Dra. Claudia Saidman\u00a0<br>Lic. Virginia Kulik\u00a0<br><strong>Secretar\u00eda\u00a0<br><\/strong>Sra. Andrea Reyna\u00a0<\/p>\n\n\n\n<p>Sr. Franco Yba\u00f1ez Miqueo&nbsp;<\/p>\n\n\n\n<p><strong>ANTECEDENTES\u00a0<br><\/strong>La Divisi\u00f3n Farmacolog\u00eda e Investigaci\u00f3n Cl\u00ednica (DIFARIC) fue creada en 2018 como\u00a0parte de<br>la Direcci\u00f3n Asociada de Docencia e Investigaci\u00f3n del Hospital de Cl\u00ednicas \u201cJos\u00e9\u00a0de San Mart\u00edn\u201d,<br>Facultad de Medicina, UBA. Su origen se remonta a 1990, cuando se\u00a0estableci\u00f3 el Programa de<br>Farmacolog\u00eda Cl\u00ednica con el objetivo de regular y promover la\u00a0investigaci\u00f3n cl\u00ednica en el \u00e1mbito<br>hospitalario. Desde entonces, la DIFARIC ha sido un pilar\u00a0fundamental en el desarrollo de la<br>investigaci\u00f3n cient\u00edfica, garantizando el cumplimiento de\u00a0est\u00e1ndares metodol\u00f3gicos y \u00e9ticos.\u00a0<\/p>\n\n\n\n<p><strong>MISI\u00d3N\u00a0<br><\/strong>La DIFARIC tiene como misi\u00f3n promover, coordinar y supervisar la investigaci\u00f3n cl\u00ednica en\u00a0 el<br>Hospital de Cl\u00ednicas, asegurando que los proyectos cumplan con los m\u00e1s altos\u00a0 est\u00e1ndares<br>cient\u00edficos, \u00e9ticos y regulatorios. Adem\u00e1s, busca fomentar la formaci\u00f3n de\u00a0 profesionales en<br>metodolog\u00eda de la investigaci\u00f3n y farmacolog\u00eda cl\u00ednica, contribuyendo al\u00a0 avance de la<br>medicina basada en la evidencia.\u00a0<\/p>\n\n\n\n<p><strong>FUNCIONES\u00a0<\/strong><\/p>\n\n\n\n<ol class=\"wp-block-list\">\n<li><strong>Investigaci\u00f3n Cl\u00ednica\u00a0<br><\/strong>La DIFARIC es el \u00f3rgano encargado de evaluar los aspectos cient\u00edficos y\u00a0metodol\u00f3gicos de<br>los protocolos de investigaci\u00f3n presentados por los profesionales del\u00a0Hospital de Cl\u00ednicas<br>\u201cJos\u00e9 de San Mart\u00edn\u201d. Esta evaluaci\u00f3n se realiza bajo las normas\u00a0nacionales e<br>internacionales de Buenas Pr\u00e1cticas Cl\u00ednicas (BPC) y Procedimientos\u00a0Operativos Est\u00e1ndar<br>(POES), asegurando que los estudios cumplan con los m\u00e1s altos\u00a0est\u00e1ndares de calidad y<br>rigor cient\u00edfico.\u00a0<br>o Evaluaci\u00f3n de protocolos: La DIFARIC eval\u00faa protocolos de investigaci\u00f3n\u00a0 patrocinados<br>por la industria farmac\u00e9utica, con el objetivo de garantizar que\u00a0 estos estudios se<br>ajusten a los requisitos cient\u00edficos, \u00e9ticos y regulatorios, y que\u00a0 contribuyan al avance<br>de la medicina basada en la evidencia.\u00a0<br>o Orientaci\u00f3n y apoyo: La Divisi\u00f3n est\u00e1 a disposici\u00f3n de los investigadores para\u00a0 brindar<br>orientaci\u00f3n y apoyo en la elaboraci\u00f3n y presentaci\u00f3n de protocolos,\u00a0 garantizando<br>que cumplan con los requisitos necesarios antes de ser sometidos\u00a0 a evaluaci\u00f3n.\u00a0<br>o Formaci\u00f3n y capacitaci\u00f3n: La DIFARIC ofrece orientaci\u00f3n metodol\u00f3gica a\u00a0<br>investigadores, residentes, becarios, m\u00e9dicos de planta y aspirantes a maestr\u00eda\u00a0<br>y doctorado, facilitando el dise\u00f1o y ejecuci\u00f3n de estudios cl\u00ednicos con el objetivo\u00a0<br>que sean robustos y \u00e9ticamente s\u00f3lidos.\u00a0<\/li>\n\n\n\n<li><strong>Interacci\u00f3n con el Comit\u00e9 de \u00c9tica\u00a0<\/strong><\/li>\n<\/ol>\n\n\n\n<p>Colaboraci\u00f3n con el Comit\u00e9 de \u00c9tica del Hospital para garantizar que los&nbsp; proyectos<br>cumplan con los est\u00e1ndares \u00e9ticos y regulatorios, basados en&nbsp; la Declaraci\u00f3n de<br>Helsinki y la Resoluci\u00f3n 1480 del Ministerio de Salud de&nbsp; la Naci\u00f3n.&nbsp;<\/p>\n\n\n\n<ol start=\"3\" class=\"wp-block-list\">\n<li><strong>Farmacovigilancia\u00a0<br><\/strong>o Monitoreo de reacciones adversas a medicamentos (RAM) en el \u00e1mbito\u00a0 hospitalario.\u00a0<br>o Promoci\u00f3n del uso seguro y racional de medicamentos.\u00a0<\/li>\n\n\n\n<li><strong>Actividades Docentes\u00a0<br><\/strong>La Unidad de Gesti\u00f3n Educativa, dependiente de la DIFARIC, organiza actividades\u00a0de<br>formaci\u00f3n y capacitaci\u00f3n para profesionales de la salud, con el objetivo de fortalecer\u00a0sus<br>habilidades en investigaci\u00f3n cl\u00ednica y medicina basada en la evidencia. Se brinda<br>capacitaci\u00f3n en investigaci\u00f3n cl\u00ednica farmacol\u00f3gica, con un enfoque en el uso\u00a0racional de<br>medicamentos, farmacovigilancia y metodolog\u00edas robustas. Adem\u00e1s, se\u00a0ofrecen<br>actividades formativas para facilitar la comprensi\u00f3n de art\u00edculos cient\u00edficos en ingl\u00e9s,<br>dirigidas especialmente a profesionales que inician su trayectoria en\u00a0investigaci\u00f3n.\u00a0<br>La Unidad de Gesti\u00f3n Educativa tambi\u00e9n coordina la ense\u00f1anza de<br>herramientas\u00a0esenciales para la investigaci\u00f3n, como el software REDCap, utilizado para la<br>captura y\u00a0gesti\u00f3n de datos en estudios cl\u00ednicos. Estas actividades est\u00e1n destinadas<br>a\u00a0investigadores, fellows, residentes, becarios y profesionales en formaci\u00f3n,<br>promoviendo\u00a0la excelencia en la investigaci\u00f3n cl\u00ednica.\u00a0<br>Formaci\u00f3n continua: Estas actividades est\u00e1n dirigidas a investigadores,<br>residentes,\u00a0becarios, m\u00e9dicos de planta y aspirantes a maestr\u00eda y doctorado, con el<br>objetivo de\u00a0fortalecer sus habilidades metodol\u00f3gicas y promover la investigaci\u00f3n de alta<br>calidad en\u00a0el \u00e1mbito hospitalario.\u00a0<\/li>\n\n\n\n<li><strong>Software REDCap:\u00a0<br><\/strong>o REDCap (Research Electronic Data Capture) es una plataforma de captura\u00a0 electr\u00f3nica de<br>datos dise\u00f1ada para facilitar la gesti\u00f3n de estudios cl\u00ednicos y\u00a0 proyectos de<br>investigaci\u00f3n.\u00a0<br>o La Direcci\u00f3n Asociada de Docencia e Investigaci\u00f3n (DDI) estableci\u00f3 un\u00a0 convenio con la<br>Universidad de Vanderbilt (Estados Unidos), para integrar al\u00a0 Hospital de Cl\u00ednicas en el<br>Consorcio REDCap. Este acuerdo permite el acceso\u00a0 a una red global de instituciones<br>que utilizan esta herramienta.<br>o La Unidad Ciencia de Datos en Salud dependiente de la DIFARIC, junto a la\u00a0 Direcci\u00f3n de<br>inform\u00e1tica, es responsable de la implementaci\u00f3n, capacitaci\u00f3n y\u00a0 soporte t\u00e9cnico de<br>REDCap en el hospital. Esta unidad organiza talleres, cursos\u00a0y jornadas de capacitaci\u00f3n<br>para investigadores y profesionales interesados en\u00a0utilizar REDCap como herramienta<br>para la recopilaci\u00f3n y an\u00e1lisis de datos.\u00a0 Adem\u00e1s, brinda tutor\u00edas personalizadas para el<br>dise\u00f1o y ejecuci\u00f3n de proyectos\u00a0de investigaci\u00f3n.\u00a0<\/li>\n<\/ol>\n\n\n\n<p><strong>COMPROMISO INSTITUCIONAL\u00a0<br><\/strong>La DIFARIC se compromete a mantener los m\u00e1s altos est\u00e1ndares de calidad en\u00a0investigaci\u00f3n<br>cl\u00ednica, promoviendo la innovaci\u00f3n, la formaci\u00f3n continua y la protecci\u00f3n de\u00a0los derechos de<br>los pacientes. Su labor se enmarca en los principios de \u00e9tica, excelencia\u00a0cient\u00edfica y<br>colaboraci\u00f3n interdisciplinaria.\u00a0<\/p>\n\n\n\n<p><strong>CONTACTO\u00a0<\/strong><br>Para m\u00e1s informaci\u00f3n, puede contactarse con la Divisi\u00f3n Farmacolog\u00eda e Investigaci\u00f3n\u00a0Cl\u00ednica<br>(DIFARIC) a trav\u00e9s del correo electr\u00f3nico:\u00a0<br>difaric@hospitaldeclinicas.uba.ar<\/p>\n","protected":false},"excerpt":{"rendered":"<p>Jefe: Dr. Gustavo Daniel Risso\u00a0m\u00e9dica consultora: Dra. Claudia Graciela Saidman DIVISI\u00d3N FARMACOLOG\u00cdA E INVESTIGACI\u00d3N CL\u00cdNICA (DIFARIC) Autoridades\u00a0Jefe: Dr. Gustavo Daniel Risso\u00a0M\u00e9dica consultor\u00eda: Dra. Claudia Graciela Saidman\u00a0 Evaluaci\u00f3n proyectos de investigaci\u00f3n\u00a0Dra. Claudia Saidman\u00a0Dr. Gustavo Risso\u00a0Dr. Marcelo Regueiro\u00a0Unidad Desarrollo e Innovaci\u00f3n en Investigaci\u00f3n Cl\u00ednica\u00a0Dr. Mario Dvorkin\u00a0Dr. Gustavo Risso\u00a0Dra. Claudia Saidman\u00a0Unidad ciencia de datos en salud (REDCap)\u00a0Dr. Mario&hellip;<\/p>\n","protected":false},"author":6,"featured_media":0,"parent":0,"menu_order":0,"comment_status":"closed","ping_status":"closed","template":"","meta":{"footnotes":""},"class_list":["post-8595","page","type-page","status-publish","hentry"],"aioseo_notices":[],"_links":{"self":[{"href":"https:\/\/www.hospitaldeclinicas.uba.ar\/index.php?rest_route=\/wp\/v2\/pages\/8595","targetHints":{"allow":["GET"]}}],"collection":[{"href":"https:\/\/www.hospitaldeclinicas.uba.ar\/index.php?rest_route=\/wp\/v2\/pages"}],"about":[{"href":"https:\/\/www.hospitaldeclinicas.uba.ar\/index.php?rest_route=\/wp\/v2\/types\/page"}],"author":[{"embeddable":true,"href":"https:\/\/www.hospitaldeclinicas.uba.ar\/index.php?rest_route=\/wp\/v2\/users\/6"}],"replies":[{"embeddable":true,"href":"https:\/\/www.hospitaldeclinicas.uba.ar\/index.php?rest_route=%2Fwp%2Fv2%2Fcomments&post=8595"}],"version-history":[{"count":1,"href":"https:\/\/www.hospitaldeclinicas.uba.ar\/index.php?rest_route=\/wp\/v2\/pages\/8595\/revisions"}],"predecessor-version":[{"id":8596,"href":"https:\/\/www.hospitaldeclinicas.uba.ar\/index.php?rest_route=\/wp\/v2\/pages\/8595\/revisions\/8596"}],"wp:attachment":[{"href":"https:\/\/www.hospitaldeclinicas.uba.ar\/index.php?rest_route=%2Fwp%2Fv2%2Fmedia&parent=8595"}],"curies":[{"name":"wp","href":"https:\/\/api.w.org\/{rel}","templated":true}]}}