{"id":8592,"date":"2025-05-16T12:27:02","date_gmt":"2025-05-16T15:27:02","guid":{"rendered":"https:\/\/www.hospitaldeclinicas.uba.ar\/?page_id=8592"},"modified":"2025-05-16T12:27:02","modified_gmt":"2025-05-16T15:27:02","slug":"division-de-asesoria-cientica","status":"publish","type":"page","link":"https:\/\/www.hospitaldeclinicas.uba.ar\/?page_id=8592","title":{"rendered":"DIVISI\u00d3N DE ASESOR\u00cdA CIENT\u00cdCA"},"content":{"rendered":"\n<p>La Divisi\u00f3n Asesor\u00eda Cient\u00edfica de la Direcci\u00f3n Asociada de Docencia e Investigaci\u00f3n del<br>Hospital de Cl\u00ednicas \u201cJos\u00e9 de San Mart\u00edn\u201d comenz\u00f3 a funcionar el 1\u00ba de septiembre de 1985 y<br>fue dise\u00f1ada como un programa de asistencia, docencia e investigaci\u00f3n para fortalecer, en<br>cantidad y calidad, el desarrollo de actividades cient\u00edficas.<br>La Divisi\u00f3n busca lograr una masa cr\u00edtica de profesionales formados en epidemiologia,<br>metodolog\u00eda de la investigaci\u00f3n y estad\u00edstica quienes conozcan y cumplan normas \u00e9ticas en<br>investigaci\u00f3n internacionales, nacionales e institucionales para formar parte de equipos de<br>investigaci\u00f3n cl\u00ednica y quir\u00fargica en cada Divisi\u00f3n o Servicio de la instituci\u00f3n.<br><strong>Objetivos<\/strong><\/p>\n\n\n\n<ul class=\"wp-block-list\">\n<li>Capacitar a profesionales de la instituci\u00f3n en temas relacionados con epidemiolog\u00eda,<br>lectura cr\u00edtica, b\u00fasqueda bibliogr\u00e1fica, metodolog\u00eda de la investigaci\u00f3n, redacci\u00f3n cient\u00edfica<br>y estad\u00edstica.<\/li>\n\n\n\n<li>Asesorar a profesionales de la instituci\u00f3n en actividades relacionadas con investigaci\u00f3n en<br>salud.<\/li>\n\n\n\n<li>Colaborar con las \u00e1reas que realizan actividades relacionadas con investigaci\u00f3n (Comit\u00e9 de<br>docencia e investigaci\u00f3n, Comit\u00e9 de \u00e9tica en investigaci\u00f3n).<\/li>\n\n\n\n<li>Colaborar con \u00e1reas relacionadas con vigilancia epidemiol\u00f3gica (mortalidad hospitalaria,<br>control de infecciones, seguridad del paciente, seguridad de los trabajadores, calidad de<br>atenci\u00f3n).<\/li>\n\n\n\n<li>Promover actividades de investigaci\u00f3n y de educaci\u00f3n m\u00e9dica continua con \u00e9nfasis en<br>nuevos conocimientos cient\u00edficos y tecnol\u00f3gicos para la prevenci\u00f3n, diagn\u00f3stico y<br>tratamiento de las enfermedades.<\/li>\n\n\n\n<li>Realizar investigaciones y participar en actividades cient\u00edficas nacionales e internacionales.<br>Actividades<\/li>\n<\/ul>\n\n\n\n<p><\/p>\n\n\n\n<p>Para cumplir con los objetivos, la Divisi\u00f3n de Asesor\u00eda Cient\u00edfica desarrolla actividades<br>docentes, cient\u00edficas, de consultor\u00eda e investigaci\u00f3n.<br>Las actividades de consultor\u00eda se realizan de manera personalizada, acorde a las<br>necesidades y experiencia del profesional consultante.<br>Puede realizar consultas sobre metodolog\u00eda de la investigaci\u00f3n, para presentar<br>proyectos de investigaci\u00f3n, realizar an\u00e1lisis estad\u00edstico, presentar resultados, informes y temas<br>afines.<br>Si desea contactarse puede hacerlo a la direcci\u00f3n de correo electr\u00f3nico de la Divisi\u00f3n<br>asesoriacientificahc@gmail.com o acercarse de lunes a viernes por la ma\u00f1ana al 7mo piso, frente al aula 70<\/p>\n","protected":false},"excerpt":{"rendered":"<p>La Divisi\u00f3n Asesor\u00eda Cient\u00edfica de la Direcci\u00f3n Asociada de Docencia e Investigaci\u00f3n delHospital de Cl\u00ednicas \u201cJos\u00e9 de San Mart\u00edn\u201d comenz\u00f3 a funcionar el 1\u00ba de septiembre de 1985 yfue dise\u00f1ada como un programa de asistencia, docencia e investigaci\u00f3n para fortalecer, encantidad y calidad, el desarrollo de actividades cient\u00edficas.La Divisi\u00f3n busca lograr una masa cr\u00edtica de&hellip;<\/p>\n","protected":false},"author":6,"featured_media":0,"parent":0,"menu_order":0,"comment_status":"closed","ping_status":"closed","template":"","meta":{"footnotes":""},"class_list":["post-8592","page","type-page","status-publish","hentry"],"aioseo_notices":[],"_links":{"self":[{"href":"https:\/\/www.hospitaldeclinicas.uba.ar\/index.php?rest_route=\/wp\/v2\/pages\/8592","targetHints":{"allow":["GET"]}}],"collection":[{"href":"https:\/\/www.hospitaldeclinicas.uba.ar\/index.php?rest_route=\/wp\/v2\/pages"}],"about":[{"href":"https:\/\/www.hospitaldeclinicas.uba.ar\/index.php?rest_route=\/wp\/v2\/types\/page"}],"author":[{"embeddable":true,"href":"https:\/\/www.hospitaldeclinicas.uba.ar\/index.php?rest_route=\/wp\/v2\/users\/6"}],"replies":[{"embeddable":true,"href":"https:\/\/www.hospitaldeclinicas.uba.ar\/index.php?rest_route=%2Fwp%2Fv2%2Fcomments&post=8592"}],"version-history":[{"count":1,"href":"https:\/\/www.hospitaldeclinicas.uba.ar\/index.php?rest_route=\/wp\/v2\/pages\/8592\/revisions"}],"predecessor-version":[{"id":8594,"href":"https:\/\/www.hospitaldeclinicas.uba.ar\/index.php?rest_route=\/wp\/v2\/pages\/8592\/revisions\/8594"}],"wp:attachment":[{"href":"https:\/\/www.hospitaldeclinicas.uba.ar\/index.php?rest_route=%2Fwp%2Fv2%2Fmedia&parent=8592"}],"curies":[{"name":"wp","href":"https:\/\/api.w.org\/{rel}","templated":true}]}}