{"id":8590,"date":"2025-05-16T12:24:27","date_gmt":"2025-05-16T15:24:27","guid":{"rendered":"https:\/\/www.hospitaldeclinicas.uba.ar\/?page_id=8590"},"modified":"2025-06-12T11:34:28","modified_gmt":"2025-06-12T14:34:28","slug":"division-docencia","status":"publish","type":"page","link":"https:\/\/www.hospitaldeclinicas.uba.ar\/?page_id=8590","title":{"rendered":"DIVISI\u00d3N DOCENCIA"},"content":{"rendered":"\n<p>La Divisi\u00f3n de Docencia coordina y gestiona las actividades de formaci\u00f3n continua y capacitaci\u00f3n de posgrado para los profesionales de la salud que asisten al Hospital de Cl\u00ednicas.<\/p>\n\n\n\n<p>Act\u00faa como contralor administrativo de residencias, programas de<em> fellowship<\/em>, rotaciones y visitancias nacionales e internacionales.<\/p>\n\n\n\n<p>Adem\u00e1s, colabora con los distintos servicios del hospital en la selecci\u00f3n y admisi\u00f3n de profesionales docentes, asistenciales y consultores.<\/p>\n\n\n\n<p>En resumen, la Divisi\u00f3n de Docencia cumple un rol fundamental en la formaci\u00f3n de los profesionales de la salud, asegurando que reciban una educaci\u00f3n de calidad para desempe\u00f1arse eficazmente en sus \u00e1reas de especializaci\u00f3n y contribuyendo a la mejora continua del hospital.<\/p>\n\n\n\n<p><strong>Secciones de la Divisi\u00f3n Docencia:<\/strong><\/p>\n\n\n\n<ul class=\"wp-block-list\">\n<li>Residencias<\/li>\n\n\n\n<li>Fellowship<\/li>\n\n\n\n<li>Visitancias<\/li>\n\n\n\n<li>Profesionales Asociados Docentes-Asistenciales<\/li>\n\n\n\n<li>Profesionales Consultores<\/li>\n<\/ul>\n\n\n\n<hr class=\"wp-block-separator has-alpha-channel-opacity\"\/>\n\n\n\n<h1 class=\"wp-block-heading has-text-align-center\"><strong>Residencias<\/strong><\/h1>\n\n\n\n<p>Las residencias son un sistema de formaci\u00f3n de posgrado en servicio, remunerado, cuyo objetivo principal es capacitar a los profesionales en diversas \u00e1reas de la salud. El prop\u00f3sito central de la residencia es que los profesionales adquieran experiencia pr\u00e1ctica y una autonom\u00eda creciente en su especialidad.<\/p>\n\n\n\n<p>Los programas se basan en actividades profesionales a confiar (APROC, por sus siglas en espa\u00f1ol; o <em>EPA<\/em>, por sus siglas en ingl\u00e9s: <em>Entrustable Professional Activities<\/em>). Estas actividades clave deben ser realizadas eficazmente por los residentes en el entorno hospitalario. Cada actividad se eval\u00faa progresivamente y, conforme el residente demuestra competencias, se le otorga mayor autonom\u00eda para ejecutarlas de forma independiente.<\/p>\n\n\n\n<p>El programa se desarrolla en diversos escenarios cl\u00ednicos, fomentando el trabajo en equipo interdisciplinario. Todo est\u00e1 organizado bajo un plan de estudios preestablecido, alineado con los est\u00e1ndares y avances m\u00e1s actuales en salud, coordinado con las Carreras de Especialistas de la Facultad de Medicina de la Universidad de Buenos Aires.<\/p>\n\n\n\n<p><strong>Tipos de residencias<\/strong><\/p>\n\n\n\n<ul class=\"wp-block-list\">\n<li><strong>Residencias b\u00e1sicas:<\/strong><br>Se ingresa con t\u00edtulo de grado (por ejemplo: m\u00e9dico, kinesi\u00f3logo, etc.).<\/li>\n\n\n\n<li><strong>Residencias postb\u00e1sicas:<\/strong><br>Se ingresa despu\u00e9s de haber completado una residencia b\u00e1sica.<\/li>\n<\/ul>\n\n\n\n<p><strong>Concurso<\/strong><\/p>\n\n\n\n<p>Las residencias del Hospital de Cl\u00ednicas forman parte de la oferta de residencias de la Facultad de Medicina de la Universidad de Buenos Aires.<\/p>\n\n\n\n<p>En el siguiente enlace puede consultarse el cronograma de inscripci\u00f3n e ingreso: <a href=\"http:\/\/www.fmed.uba.ar\">www.fmed.uba.ar<\/a>&nbsp; (verificar que funcione el hiperv\u00ednculo)<\/p>\n\n\n\n<p><strong>Inscripci\u00f3n<\/strong><\/p>\n\n\n\n<ul class=\"wp-block-list\">\n<li>Residencias b\u00e1sicas:<br>La inscripci\u00f3n se realiza \u00edntegramente a trav\u00e9s de la Facultad de Medicina.<br>Link para inscribirse: <a href=\"https:\/\/inscripcion.fmed.uba.ar\/cgi-bin\/residencias\/infoBasicas.py\">https:\/\/inscripcion.fmed.uba.ar\/cgi-bin\/residencias\/infoBasicas.py<\/a> (verificar que funcione el hiperv\u00ednculo)<\/li>\n\n\n\n<li>Residencias postb\u00e1sicas:<br>La inscripci\u00f3n se realiza a trav\u00e9s de la Facultad de Medicina. El concurso y adjudicaci\u00f3n se efect\u00faan en el Hospital de Cl\u00ednicas \u00abJos\u00e9 de San Mart\u00edn\u00bb.<br>Link para inscribirse: <a href=\"https:\/\/inscripcion.fmed.uba.ar\/cgi-bin\/residencias\/infoPosbasicas.py\">https:\/\/inscripcion.fmed.uba.ar\/cgi-bin\/residencias\/infoPosbasicas.py<\/a> (verificar que funcione el hiperv\u00ednculo)<\/li>\n<\/ul>\n\n\n\n<hr class=\"wp-block-separator has-alpha-channel-opacity\"\/>\n\n\n\n<h1 class=\"wp-block-heading has-text-align-center\"><strong>Residencias B\u00e1sicas<\/strong><\/h1>\n\n\n\n<p><strong>M\u00e9dicas<\/strong><\/p>\n\n\n\n<ol class=\"wp-block-list\">\n<li>Anatom\u00eda Patol\u00f3gica (4 a\u00f1os)<\/li>\n\n\n\n<li>Anestesiolog\u00eda (4 a\u00f1os)<\/li>\n\n\n\n<li>Cirug\u00eda General (4 a\u00f1os)<\/li>\n\n\n\n<li>Cl\u00ednica M\u00e9dica (4 a\u00f1os)<\/li>\n\n\n\n<li>Dermatolog\u00eda (4 a\u00f1os)<\/li>\n\n\n\n<li>Diagn\u00f3stico por Im\u00e1genes (4 a\u00f1os)<\/li>\n\n\n\n<li>Endocrinolog\u00eda (4 a\u00f1os)<\/li>\n\n\n\n<li>Gastroenterolog\u00eda (4 a\u00f1os)<\/li>\n\n\n\n<li>Hematolog\u00eda (4 a\u00f1os)<\/li>\n\n\n\n<li>Infectolog\u00eda (4 a\u00f1os)<\/li>\n\n\n\n<li>Nefrolog\u00eda (4 a\u00f1os)<\/li>\n\n\n\n<li>Neurocirug\u00eda (5 a\u00f1os)<\/li>\n\n\n\n<li>Neurolog\u00eda (4 a\u00f1os)<\/li>\n\n\n\n<li>Nutrici\u00f3n (4 a\u00f1os)<\/li>\n\n\n\n<li>Oftalmolog\u00eda (4 a\u00f1os)<\/li>\n\n\n\n<li>Ortopedia y Traumatolog\u00eda (4 a\u00f1os)<\/li>\n\n\n\n<li>Otorrinolaringolog\u00eda (4 a\u00f1os)<\/li>\n\n\n\n<li>Pediatr\u00eda (4 a\u00f1os)<\/li>\n\n\n\n<li>Psiquiatr\u00eda (4 a\u00f1os)<\/li>\n\n\n\n<li>Reumatolog\u00eda (4 a\u00f1os)<\/li>\n\n\n\n<li>Terapia Intensiva (4 a\u00f1os)<\/li>\n\n\n\n<li>Tocoginecolog\u00eda (4 a\u00f1os)<\/li>\n\n\n\n<li>Urolog\u00eda (4 a\u00f1os)<\/li>\n\n\n\n<li>Terapia Intensiva Pedi\u00e1trica (5 a\u00f1os)<\/li>\n<\/ol>\n\n\n\n<p><strong>Equipo de Salud<\/strong><\/p>\n\n\n\n<ol class=\"wp-block-list\">\n<li>Bioqu\u00edmica Cl\u00ednica (3 a\u00f1os)<\/li>\n\n\n\n<li>Enfermer\u00eda en Salud del Adulto (3 a\u00f1os)<\/li>\n\n\n\n<li>Enfermer\u00eda Materno Infantil y del Adolescente (3 a\u00f1os)<\/li>\n\n\n\n<li>Farmacia Cl\u00ednica (3 a\u00f1os)<\/li>\n\n\n\n<li>Fonoaudiolog\u00eda (3 a\u00f1os)<\/li>\n\n\n\n<li>Kinesiolog\u00eda (3 a\u00f1os)<\/li>\n\n\n\n<li>Nutrici\u00f3n (3 a\u00f1os)<\/li>\n\n\n\n<li>Trabajo Social (3 a\u00f1os)<\/li>\n<\/ol>\n\n\n\n<hr class=\"wp-block-separator has-alpha-channel-opacity\"\/>\n\n\n\n<h1 class=\"wp-block-heading has-text-align-center\"><strong>Residencias Postb\u00e1sicas<\/strong><\/h1>\n\n\n\n<ol class=\"wp-block-list\">\n<li>Angiolog\u00eda y Hemodinamia (3 a\u00f1os)<\/li>\n\n\n\n<li>Cardiolog\u00eda (3 a\u00f1os)<\/li>\n\n\n\n<li>Cirug\u00eda Pl\u00e1stica y Reparadora (3 a\u00f1os)<\/li>\n\n\n\n<li>Cirug\u00eda Tor\u00e1cica (3 a\u00f1os)<\/li>\n\n\n\n<li>Cirug\u00eda Vascular y Perif\u00e9rica (3 a\u00f1os)<\/li>\n\n\n\n<li>Cirug\u00eda Card\u00edaca<\/li>\n\n\n\n<li>Cuidados Paliativos<\/li>\n\n\n\n<li>Dermatolog\u00eda Pedi\u00e1trica (3 a\u00f1os)<\/li>\n\n\n\n<li>Neumonolog\u00eda (3 a\u00f1os)<\/li>\n\n\n\n<li>Nutriolog\u00eda (3 a\u00f1os)<\/li>\n\n\n\n<li>Reumatolog\u00eda (3 a\u00f1os)<\/li>\n<\/ol>\n\n\n\n<hr class=\"wp-block-separator has-alpha-channel-opacity\"\/>\n\n\n\n<h1 class=\"wp-block-heading has-text-align-center\"><strong>Programas de Especializaci\u00f3n Postb\u00e1sica (<\/strong><strong><em>Fellowship<\/em><\/strong><strong>)<\/strong><\/h1>\n\n\n\n<p>En nuestro hospital ofrecemos tres programas de especializaci\u00f3n postb\u00e1sica dirigidos a profesionales de la salud. Estos <em>Fellowships<\/em> tienen como objetivo profundizar y perfeccionar conocimientos y habilidades en \u00e1reas espec\u00edficas de la medicina, una vez completada la formaci\u00f3n b\u00e1sica.<\/p>\n\n\n\n<p><strong>Tipos de <\/strong><strong><em>Fellowship<\/em><\/strong><\/p>\n\n\n\n<ul class=\"wp-block-list\">\n<li><em>Fellowship <\/em>de Especializaci\u00f3n<\/li>\n\n\n\n<li><em>Fellowship<\/em> de Investigaci\u00f3n<\/li>\n\n\n\n<li><em>Fellowship<\/em> de Perfeccionamiento<\/li>\n<\/ul>\n\n\n\n<hr class=\"wp-block-separator has-alpha-channel-opacity\"\/>\n\n\n\n<h1 class=\"wp-block-heading has-text-align-center\"><strong>Fellowship de Especializaci\u00f3n<\/strong><\/h1>\n\n\n\n<p>Permite a los m\u00e9dicos formarse en una subespecialidad espec\u00edfica, ampliando sus competencias en \u00e1reas de alta demanda.<\/p>\n\n\n\n<p><strong>Requisitos de ingreso<\/strong><\/p>\n\n\n\n<ul class=\"wp-block-list\">\n<li>Haber finalizado la formaci\u00f3n b\u00e1sica (residencia, concurrencia, beca o similar) en los \u00faltimos tres a\u00f1os.<\/li>\n\n\n\n<li>Participar en un proceso de selecci\u00f3n anual mediante concurso, que incluye:\n<ul class=\"wp-block-list\">\n<li>Evaluaci\u00f3n de antecedentes acad\u00e9micos y profesionales<\/li>\n\n\n\n<li>Evaluaci\u00f3n te\u00f3rico-pr\u00e1ctica<\/li>\n\n\n\n<li>Entrevista personal<\/li>\n\n\n\n<li>Evaluaci\u00f3n del anteproyecto del trabajo de investigaci\u00f3n<\/li>\n<\/ul>\n<\/li>\n<\/ul>\n\n\n\n<p><strong>Proyecto de investigaci\u00f3n<\/strong><\/p>\n\n\n\n<p>Para aspirar a un cargo, el profesional debe desarrollar un trabajo de investigaci\u00f3n, que puede ser acompa\u00f1ado y asesorado por la Divisi\u00f3n de Asesor\u00eda Cient\u00edfica.<br>Este proyecto ser\u00e1 evaluado por un jurado formado por el Jefe de Servicio y un representante de la Direcci\u00f3n de Docencia e Investigaci\u00f3n.<\/p>\n\n\n\n<p><strong>Duraci\u00f3n<\/strong><\/p>\n\n\n\n<p>Un a\u00f1o, con posibilidad de extenderse a dos a\u00f1os seg\u00fan evaluaci\u00f3n del desempe\u00f1o y necesidades del servicio.<br>El profesional deber\u00e1 cumplir un horario diario prolongado, acordado previamente con el Jefe del Servicio.<\/p>\n\n\n\n<p><strong>Certificaci\u00f3n<\/strong><\/p>\n\n\n\n<p>Al finalizar el programa y con la aprobaci\u00f3n del trabajo de investigaci\u00f3n por la Direcci\u00f3n de Farmacia e Investigaci\u00f3n, se entregar\u00e1 un diploma acreditado por la Facultad de Medicina de la Universidad de Buenos Aires.<\/p>\n\n\n\n<p><strong>Cronograma de inscripci\u00f3n<\/strong><\/p>\n\n\n\n<p>Pr\u00f3ximamente disponible.\u00a0 Ingreso de documentaci\u00f3n por medio del siguiente enlace: <a href=\"https:\/\/redcap.hospitaldeclinicas.uba.ar\/surveys\/\">https:\/\/redcap.hospitaldeclinicas.uba.ar\/surveys\/<\/a> \u00a0 \u00a0 \u00a0 \u00a0 \u00a0 \u00a0 \u00a0 C\u00f3digo: YYYRTR7CT<\/p>\n\n\n\n<p><img loading=\"lazy\" decoding=\"async\" width=\"128\" height=\"127\" src=\"https:\/\/lh7-rt.googleusercontent.com\/docsz\/AD_4nXdNoDIs5HX5D-w6WV2H3NHy384PUsQuiuUdI_isMnJMsnfnW9nDuDAmtgQVjdYT4MXQN0VwhPhM3ucUcvEm-NqEWpHCxvT7rT464snEZUt9SmDJLGb4SU1Xm-FodjkYwellJCNzvSAxkKfrIA2Bk24?key=cwaEIMvCyBfO226bTdi1Mg\"><\/p>\n\n\n\n<hr class=\"wp-block-separator has-alpha-channel-opacity\"\/>\n\n\n\n<h1 class=\"wp-block-heading has-text-align-center\"><strong>Fellowship de Investigaci\u00f3n<\/strong><\/h1>\n\n\n\n<p>Dirigido a profesionales interesados en desarrollar proyectos de investigaci\u00f3n dentro del hospital.<\/p>\n\n\n\n<p><strong>Requisitos de ingreso<\/strong><\/p>\n\n\n\n<p>Los Jefes de Departamento o Divisi\u00f3n propondr\u00e1n a los aspirantes ante la Direcci\u00f3n, adjuntando el proyecto de investigaci\u00f3n que se desarrollar\u00e1 durante el <em>Fellowship<\/em>.<br>Es requisito que el proyecto est\u00e9 evaluado y aprobado por el Comit\u00e9 de \u00c9tica del Hospital.<\/p>\n\n\n\n<p><strong>Duraci\u00f3n<\/strong><\/p>\n\n\n\n<p>Variable, seg\u00fan el alcance y cronograma del proyecto aprobado.<\/p>\n\n\n\n<p><strong>Certificaci\u00f3n<\/strong><\/p>\n\n\n\n<p>Al finalizar, se entregar\u00e1 un certificado que acredita la participaci\u00f3n en el <em>Fellowship<\/em> de Investigaci\u00f3n.<\/p>\n\n\n\n<p>Ingreso de documentaci\u00f3n por medio del siguiente enlace:<\/p>\n\n\n\n<figure class=\"wp-block-image is-resized\"><img decoding=\"async\" src=\"https:\/\/lh7-rt.googleusercontent.com\/docsz\/AD_4nXcJ9ShZuObzjHN8UyFAWa-xb5LGdrSB7RGRKchpmgNcMqovuMJFZp6l0VO1-pTkzh3v8h5wN7Qj0N1utwZiE5Rl74HvdMOXEcOk5gn4cYORxZQ6TYySqsrSPGJDVrLjSvplmJfvqd2ENt_qawInsQ?key=cwaEIMvCyBfO226bTdi1Mg\" alt=\"\" style=\"width:130px;height:auto\"\/><\/figure>\n\n\n\n<p><a href=\"https:\/\/redcap.hospitaldeclinicas.uba.ar\/surveys\/\">https:\/\/redcap.hospitaldeclinicas.uba.ar\/surveys\/<\/a> &nbsp; C\u00f3digo: 3YWAMPT8E<\/p>\n\n\n\n<hr class=\"wp-block-separator has-alpha-channel-opacity\"\/>\n\n\n\n<h1 class=\"wp-block-heading has-text-align-center\"><strong><em>Fellowship<\/em><\/strong><strong> de Perfeccionamiento<\/strong><\/h1>\n\n\n\n<p>Pensado para profesionales que deseen continuar su formaci\u00f3n mediante actividades asistenciales y docentes.<\/p>\n\n\n\n<p><strong>Requisitos de ingreso<\/strong><\/p>\n\n\n\n<p>Haber finalizado la formaci\u00f3n b\u00e1sica (residencia, concurrencia, beca o similar) en los \u00faltimos tres a\u00f1os.<\/p>\n\n\n\n<p>Presentar un programa detallado de actividades avalado por el Jefe de Servicio correspondiente.<\/p>\n\n\n\n<p><strong>Duraci\u00f3n<\/strong><\/p>\n\n\n\n<p>El nombramiento inicial es por dos a\u00f1os, con posibilidad de una pr\u00f3rroga de hasta dos a\u00f1os adicionales, por \u00fanica vez.<\/p>\n\n\n\n<p><strong>Certificaci\u00f3n<\/strong><\/p>\n\n\n\n<p>Al finalizar, el<em> Fellowship<\/em> deber\u00e1 presentar una nota firmada por el Jefe de Departamento o Divisi\u00f3n certificando el cumplimiento del programa. Luego se emitir\u00e1 el certificado correspondiente.<\/p>\n\n\n\n<hr class=\"wp-block-separator has-alpha-channel-opacity\"\/>\n\n\n\n<h1 class=\"wp-block-heading has-text-align-center\"><strong>Visitancia<\/strong><\/h1>\n\n\n\n<p>El profesional m\u00e9dico visitante se desempe\u00f1a como observador en nuestra instituci\u00f3n, sin participaci\u00f3n en actividades asistenciales directas ni en investigaciones cl\u00ednicas. Su rol se limita a observar procedimientos, protocolos y pr\u00e1cticas m\u00e9dicas para ampliar su formaci\u00f3n, sin asumir responsabilidades cl\u00ednicas.<\/p>\n\n\n\n<p><strong>Requisitos de ingreso<\/strong><\/p>\n\n\n\n<p>Ser presentado por el Jefe de Divisi\u00f3n o Departamento y ser aceptado por esta Direcci\u00f3n.<\/p>\n\n\n\n<p><strong>Duraci\u00f3n<\/strong><\/p>\n\n\n\n<p>Hasta tres a\u00f1os, pudiendo renovar por el mismo mecanismo.<\/p>\n\n\n\n<p><strong>Certificaci\u00f3n<\/strong><\/p>\n\n\n\n<p>Al finalizar el per\u00edodo propuesto se extender\u00e1 el certificado correspondiente.<\/p>\n\n\n\n<hr class=\"wp-block-separator has-alpha-channel-opacity\"\/>\n\n\n\n<h1 class=\"wp-block-heading has-text-align-center\"><strong>Profesional Asociado Docente-Asistencial<\/strong><\/h1>\n\n\n\n<p>Es un profesional m\u00e9dico con un rol dual que combina funciones docentes y un perfil asistencial avanzado. Ense\u00f1a y gu\u00eda a otros profesionales o estudiantes de carreras de salud mientras participa activamente en la atenci\u00f3n de pacientes.<\/p>\n\n\n\n<p>Su funci\u00f3n abarca la transmisi\u00f3n de conocimientos te\u00f3ricos y pr\u00e1cticos, junto con apoyo en tareas asistenciales cl\u00ednicas.<\/p>\n\n\n\n<p><strong>Requisitos de ingreso<\/strong><\/p>\n\n\n\n<p>Ser presentado por el Jefe de Divisi\u00f3n o Departamento junto a un programa de actividades propuestas, y, ser aceptado por esta Direcci\u00f3n y La Asociaci\u00f3n de Profesionales del Hospital.<\/p>\n\n\n\n<p><strong>Duraci\u00f3n<\/strong><\/p>\n\n\n\n<p>La duraci\u00f3n del nombramiento es de dos a\u00f1os, con posibilidad de renovaci\u00f3n seg\u00fan desempe\u00f1o y necesidades institucionales mediante el mismo mecanismo.<\/p>\n\n\n\n<p><strong>Certificaci\u00f3n<\/strong><\/p>\n\n\n\n<p>Al finalizar el per\u00edodo propuesto se extender\u00e1 el certificado correspondiente.<\/p>\n\n\n\n<hr class=\"wp-block-separator has-alpha-channel-opacity\"\/>\n\n\n\n<h1 class=\"wp-block-heading has-text-align-center\"><strong>Profesional Consultor<\/strong><\/h1>\n\n\n\n<p>Es aqu\u00e9l profesional que ha desarrollado una actividad acad\u00e9mica o profesional de nivel excepcional y que el Hospital desea que intervenga como consultor ad Honorem.&nbsp;<\/p>\n\n\n\n<p><strong>Requisitos de ingreso<\/strong><\/p>\n\n\n\n<p>Ser\u00e1 nombrado mediante una Comisi\u00f3n integrada por un representante de la Direcci\u00f3n de Docencia e Investigaci\u00f3n y un representante de la Asociaci\u00f3n de Profesionales del Hospital. Si hubiera disparidad de criterio se convocar\u00e1 a un representante de la Secretar\u00eda de Educaci\u00f3n M\u00e9dica.&nbsp;<\/p>\n\n\n\n<p><strong>Duraci\u00f3n<\/strong><\/p>\n\n\n\n<p>A determinar en cada caso particular.<\/p>\n\n\n\n<p><strong>Certificaci\u00f3n.<\/strong><\/p>\n\n\n\n<p>Se extender\u00e1 a demanda.&nbsp;<\/p>\n","protected":false},"excerpt":{"rendered":"<p>La Divisi\u00f3n de Docencia coordina y gestiona las actividades de formaci\u00f3n continua y capacitaci\u00f3n de posgrado para los profesionales de la salud que asisten al Hospital de Cl\u00ednicas. Act\u00faa como contralor administrativo de residencias, programas de fellowship, rotaciones y visitancias nacionales e internacionales. Adem\u00e1s, colabora con los distintos servicios del hospital en la selecci\u00f3n y&hellip;<\/p>\n","protected":false},"author":6,"featured_media":0,"parent":0,"menu_order":0,"comment_status":"closed","ping_status":"closed","template":"","meta":{"footnotes":""},"class_list":["post-8590","page","type-page","status-publish","hentry"],"aioseo_notices":[],"_links":{"self":[{"href":"https:\/\/www.hospitaldeclinicas.uba.ar\/index.php?rest_route=\/wp\/v2\/pages\/8590","targetHints":{"allow":["GET"]}}],"collection":[{"href":"https:\/\/www.hospitaldeclinicas.uba.ar\/index.php?rest_route=\/wp\/v2\/pages"}],"about":[{"href":"https:\/\/www.hospitaldeclinicas.uba.ar\/index.php?rest_route=\/wp\/v2\/types\/page"}],"author":[{"embeddable":true,"href":"https:\/\/www.hospitaldeclinicas.uba.ar\/index.php?rest_route=\/wp\/v2\/users\/6"}],"replies":[{"embeddable":true,"href":"https:\/\/www.hospitaldeclinicas.uba.ar\/index.php?rest_route=%2Fwp%2Fv2%2Fcomments&post=8590"}],"version-history":[{"count":3,"href":"https:\/\/www.hospitaldeclinicas.uba.ar\/index.php?rest_route=\/wp\/v2\/pages\/8590\/revisions"}],"predecessor-version":[{"id":8661,"href":"https:\/\/www.hospitaldeclinicas.uba.ar\/index.php?rest_route=\/wp\/v2\/pages\/8590\/revisions\/8661"}],"wp:attachment":[{"href":"https:\/\/www.hospitaldeclinicas.uba.ar\/index.php?rest_route=%2Fwp%2Fv2%2Fmedia&parent=8590"}],"curies":[{"name":"wp","href":"https:\/\/api.w.org\/{rel}","templated":true}]}}