{"id":841,"date":"2023-07-06T15:16:43","date_gmt":"2023-07-06T15:16:43","guid":{"rendered":"https:\/\/www.hospitaldeclinicas.uba.ar\/?page_id=841"},"modified":"2023-07-06T15:29:26","modified_gmt":"2023-07-06T15:29:26","slug":"segun-la-organizacion-mundial-de-la-alergia-entre-el-30-y-el-40-de-la-poblacion-mundial-sufre-algun-tipo-de-alergia","status":"publish","type":"page","link":"https:\/\/www.hospitaldeclinicas.uba.ar\/?page_id=841","title":{"rendered":"Seg\u00fan la Organizaci\u00f3n Mundial de la Alergia, entre el 30 y el 40% de la poblaci\u00f3n mundial sufre alg\u00fan tipo de alergia"},"content":{"rendered":"<div class=\"wp-block-image\">\n<figure class=\"aligncenter size-full is-resized\"><img loading=\"lazy\" decoding=\"async\" src=\"https:\/\/www.hospitaldeclinicas.uba.ar\/wp-content\/uploads\/2023\/07\/images.png\" alt=\"\" class=\"wp-image-845\" width=\"417\" height=\"257\"\/><\/figure><\/div>\n\n\n<p><strong>Especialistas en Alergia e Inmunolog\u00eda del Hospital de Cl\u00ednicas de la UBA hablan de c\u00f3mo concientizar a la poblaci\u00f3n acerca de esta problem\u00e1tica y sobre la importancia de la educaci\u00f3n y el tratamiento controlado de los pacientes con alergia.<\/strong><\/p>\n\n\n\n<p>\u201cLa alergia es una respuesta exagerada del organismo frente a una sustancia externa, denominada al\u00e9rgeno, la cual es reconocida como da\u00f1ina cuando entra en contacto con el sistema inmunol\u00f3gico de personas previamente sensibilizadas a \u00e9sta; mientras que, para la poblaci\u00f3n en general es habitualmente inofensiva\u201d , sostiene Raquel Rodriguez, jefa de la divisi\u00f3n Alergia e Inmunolog\u00eda del Hospital de Cl\u00ednicas de la UBA.<\/p>\n\n\n\n<p>Existen muchos tipos de al\u00e9rgenos que son usualmente prote\u00ednas y glicoprote\u00ednas presentes en el ambiente (\u00e1caros del polvo dom\u00e9stico, la caspa de las mascotas, el polen de las plantas, las esporas de ciertos hongos), el veneno de algunos insectos, ciertos alimentos y f\u00e1rmacos, entre otros; y que van a ser los responsables de gatillar las manifestaciones cl\u00ednicas de las enfermedades al\u00e9rgicas.<\/p>\n\n\n\n<p>Actualmente el <strong>30 a 40% de la poblaci\u00f3n mundial padece una o m\u00e1s enfermedades al\u00e9rgicas<\/strong>, y se estima que estas seguir\u00e1n en aumento. Seg\u00fan datos predictivos de la Organizaci\u00f3n Mundial de la Alergia, para el a\u00f1o 2.050 la mitad de la poblaci\u00f3n estar\u00e1 afectada. Las caracter\u00edsticas gen\u00e9ticas, asociadas a los cambios ambientales, el estilo de vida y la alimentaci\u00f3n, entre otros, est\u00e1n implicados en este preocupante incremento. \u201cEs por ello que resulta fundamental hablar del tema, ya que nos enfrentamos a dos grandes problemas: uno es que las diagnosticamos poco, y el otro es que tambi\u00e9n las tratamos poco, o de manera inadecuada\u201d alerta Rodriguez.<\/p>\n\n\n\n<p>Es importante partir de un diagn\u00f3stico correcto mediante la identificaci\u00f3n del alergeno causal, y as\u00ed abordar un tratamiento adecuado para prevenir los s\u00edntomas y la progresi\u00f3n de la enfermedad. Los pilares del tratamiento consisten en evitar o minimizar la exposici\u00f3n del al\u00e9rgeno y el uso de f\u00e1rmacos para el control de los s\u00edntomas. \u201cLa inmunoterapia alergeno espec\u00edfica para la rinitis al\u00e9rgica, la ri\u00f1o conjuntivitis al\u00e9rgica, el asma bronquial y la alergia al veneno de insectos tiene como objetivo inducir la tolerancia y evitar as\u00ed, los s\u00edntomas ante posteriores exposiciones, modificando el curso natural de esta enfermedad\u201d, comenta Rodriguez.<\/p>\n\n\n\n<p>\u201cLa celebraci\u00f3n de esta fecha es clave para la difusi\u00f3n de informaci\u00f3n clara y confiable dirigida a concientizar a la comunidad sobre la alta frecuencia de la enfermedad. La importancia de la consulta alergol\u00f3gica oportuna y de la educaci\u00f3n del paciente para alcanzar una mejor calidad de vida \u00ab, cierra la especialista.<\/p>\n\n\n\n<p><strong>Tipo de alergias m\u00e1s frecuentes:<\/strong><\/p>\n\n\n\n<p>La <strong>rinitis al\u00e9rgica y el asma son las alergias m\u00e1s frecuentes.<\/strong> Entre el 20 y 30% de la poblaci\u00f3n global presenta rinitis al\u00e9rgica y se estima que hay 300 millones de personas con asma en el mundo, y que genera alrededor de 250 mil muertes al a\u00f1o, la mayor\u00eda evitables. La incidencia de las alergias alimentarias, que afectan principalmente a los ni\u00f1os en los primeros a\u00f1os de vida, y las alergias a medicamentos, principalmente en adultos, est\u00e1n tambi\u00e9n en aumento.<\/p>\n\n\n\n<p><strong>Tipos de enfermedades al\u00e9rgicas, <\/strong>constituyen un amplio abanico de enfermedades con distintas manifestaciones en funci\u00f3n del \u00f3rgano o sistema afectado.<\/p>\n\n\n\n<p>&#8211; <strong>Alergias respiratorias: como la rinitis al\u00e9rgica y asma bronquial.<\/strong><\/p>\n\n\n\n<p>La<strong> rinitis al\u00e9rgica<\/strong> es la inflamaci\u00f3n cr\u00f3nica de la mucosa que reviste la nariz y se manifiesta con picaz\u00f3n, estornudos, secreci\u00f3n acuosa, y obstrucci\u00f3n nasal. El <strong>asma bronquial<\/strong> por su parte, afecta a la peque\u00f1a v\u00eda a\u00e9rea y provoca episodios recurrentes de tos, sibilancias, falta de aire al respirar y sensaci\u00f3n de opresi\u00f3n de pecho, llamadas crisis asm\u00e1ticas. Estos s\u00edntomas pueden variar en frecuencia e intensidad. Es frecuente que ambas enfermedades ocurran en la misma persona.<\/p>\n\n\n\n<p>&#8211; <strong>Alergias cut\u00e1neas<\/strong>: como la dermatitis at\u00f3pica, la dermatitis de contacto y la urticaria, entre otras.<\/p>\n\n\n\n<p><strong>La dermatitis at\u00f3pica <\/strong>es la inflamaci\u00f3n cr\u00f3nica de las capas superficiales de la piel que se manifiesta habitualmente en la infancia y con frecuencia desaparece o disminuye en la edad adulta. La sequedad cut\u00e1nea es una de sus caracter\u00edsticas principales; asociada a picaz\u00f3n intensa que induce al rascado con lesiones de enrojecimiento y descamaci\u00f3n.<\/p>\n\n\n\n<p><strong>La urticaria<\/strong> se manifiesta con la aparici\u00f3n de ronchas en la piel que suelen ser pruriginosas, de tama\u00f1o, forma y localizaci\u00f3n variable, que hasta incluso pueden generalizarse. Estas lesiones suelen desaparecer dentro de las&nbsp; 24 horas, aunque habitualmente una vez que desaparecen pueden aparecer nuevas. En ocasiones, pueden asociar hinchaz\u00f3n localizado m\u00e1s frecuentemente en la cara (p\u00e1rpados o labios), denominado angioedema. La urticaria aguda es la forma m\u00e1s frecuente.<\/p>\n\n\n\n<p>&#8211; <strong>Alergias alimentarias<\/strong><\/p>\n\n\n\n<p>Son m\u00e1s frecuentes en la infancia, asociadas principalmente a la ingesta de la leche de vaca y el huevo, mientras que en los adultos se debe m\u00e1s a la ingesta de frutos secos, pescados y mariscos, o a ciertas frutas. Se manifiesta con picor o hinchaz\u00f3n de labios y boca, que suele acompa\u00f1arse con n\u00e1useas, v\u00f3mitos y\/o dolor abdominal, adem\u00e1s de urticaria generalizada. En los casos m\u00e1s graves puede producirse una anafilaxia.<\/p>\n\n\n\n<p>&#8211; <strong>Alergias a medicamentos (m\u00e1s frecuentes en adultos)<\/strong><\/p>\n\n\n\n<p>Son reacciones al\u00e9rgicas inesperadas e impredecibles que pueden presentarse de manera inmediata, dentro de la primera hora de la toma del medicamento o bien, de manera tard\u00eda hasta incluso varios d\u00edas tras la toma.&nbsp; Cualquier medicamento puede ocasionarla, pero los m\u00e1s frecuentemente implicados son los antibi\u00f3ticos beta-lact\u00e1micos (penicilina y amoxicilina) y los antiinflamatorios no esteroideos (ibuprofeno, diclofenac, etc.).&nbsp;<\/p>\n\n\n\n<p>Tambi\u00e9n existen las alergias ocupacionales, que son aquellas que se originan en el ambiente laboral. En este grupo tenemos reacciones como asma, rinitis y dermatitis de contacto (ej: el asma del panadero, la alergia al l\u00e1tex del personal de salud, la alergia a animales de laboratorio en investigadores, al cemento en trabajadores de la construcci\u00f3n, etc.).<\/p>\n","protected":false},"excerpt":{"rendered":"<p>Especialistas en Alergia e Inmunolog\u00eda del Hospital de Cl\u00ednicas de la UBA hablan de c\u00f3mo concientizar a la poblaci\u00f3n acerca de esta problem\u00e1tica y sobre la importancia de la educaci\u00f3n y el tratamiento controlado de los pacientes con alergia. \u201cLa alergia es una respuesta exagerada del organismo frente a una sustancia externa, denominada al\u00e9rgeno, la&hellip;<\/p>\n","protected":false},"author":6,"featured_media":0,"parent":0,"menu_order":0,"comment_status":"closed","ping_status":"closed","template":"","meta":{"footnotes":""},"class_list":["post-841","page","type-page","status-publish","hentry"],"aioseo_notices":[],"_links":{"self":[{"href":"https:\/\/www.hospitaldeclinicas.uba.ar\/index.php?rest_route=\/wp\/v2\/pages\/841","targetHints":{"allow":["GET"]}}],"collection":[{"href":"https:\/\/www.hospitaldeclinicas.uba.ar\/index.php?rest_route=\/wp\/v2\/pages"}],"about":[{"href":"https:\/\/www.hospitaldeclinicas.uba.ar\/index.php?rest_route=\/wp\/v2\/types\/page"}],"author":[{"embeddable":true,"href":"https:\/\/www.hospitaldeclinicas.uba.ar\/index.php?rest_route=\/wp\/v2\/users\/6"}],"replies":[{"embeddable":true,"href":"https:\/\/www.hospitaldeclinicas.uba.ar\/index.php?rest_route=%2Fwp%2Fv2%2Fcomments&post=841"}],"version-history":[{"count":2,"href":"https:\/\/www.hospitaldeclinicas.uba.ar\/index.php?rest_route=\/wp\/v2\/pages\/841\/revisions"}],"predecessor-version":[{"id":847,"href":"https:\/\/www.hospitaldeclinicas.uba.ar\/index.php?rest_route=\/wp\/v2\/pages\/841\/revisions\/847"}],"wp:attachment":[{"href":"https:\/\/www.hospitaldeclinicas.uba.ar\/index.php?rest_route=%2Fwp%2Fv2%2Fmedia&parent=841"}],"curies":[{"name":"wp","href":"https:\/\/api.w.org\/{rel}","templated":true}]}}