{"id":7435,"date":"2024-09-30T08:59:05","date_gmt":"2024-09-30T11:59:05","guid":{"rendered":"https:\/\/www.hospitaldeclinicas.uba.ar\/?page_id=7435"},"modified":"2024-09-30T09:11:42","modified_gmt":"2024-09-30T12:11:42","slug":"7435-2","status":"publish","type":"page","link":"https:\/\/www.hospitaldeclinicas.uba.ar\/?page_id=7435","title":{"rendered":"Tos persistente en primavera"},"content":{"rendered":"\n<p>La&nbsp;<strong>tos persistente<\/strong>&nbsp;ha sido motivo de numerosas consultas en las guardias m\u00e9dicas de Buenos Aires en las \u00faltimas semanas. Los especialistas se\u00f1alan que este s\u00edntoma, que puede tener m\u00faltiples causas, ha sido exacerbado por factores como<strong>&nbsp;la llegada de la primavera, el humo presente en la ciudad debido a incendios cercanos y la presencia de resabios de infecciones respiratorias como gripes o Covid-19<\/strong>. A pesar de que la mayor\u00eda de los casos se resuelven con el tiempo, es importante identificar la causa subyacente para evitar complicaciones.<\/p>\n\n\n\n<p>Ramiro Heredia, m\u00e9dico cl\u00ednico del Hospital de Cl\u00ednicas, y Anal\u00eda Krulewietki, m\u00e9dica del servicio de otorrinolaringolog\u00eda del Hospital Italiano, coinciden en que la tos, si bien com\u00fan, puede ser un s\u00edntoma que delata problemas m\u00e1s serios. \u201cLa tos es uno de los motivos de consulta m\u00e1s frecuentes en la pr\u00e1ctica m\u00e9dica\u201d, menciona Heredia, quien la clasifica en tres categor\u00edas: aguda (menos de tres semanas), subaguda (entre tres semanas y dos meses) y cr\u00f3nica (m\u00e1s de dos meses). En su experiencia,&nbsp;<strong>la tos posviral es una de las principales causas<\/strong>, persiguiendo a los pacientes incluso semanas despu\u00e9s de haber superado cuadros virales leves como resfriados. \u201cEsta tos puede durar en promedio 19 d\u00edas, aunque en algunos casos se prolonga m\u00e1s tiempo\u201d, agrega.<\/p>\n\n\n\n<figure class=\"wp-block-image\"><img decoding=\"async\" src=\"https:\/\/resizer.glanacion.com\/resizer\/v2\/la-tos-persistente-puede-ser-un-sintoma-de-BIDJCKPROVCTLB2Q2YVQQMCDXQ.jpg?auth=b690f10921c084e3184fc6dd5436de884496792ac343bac05d2391be26de1daf&amp;width=420&amp;height=280&amp;quality=70&amp;smart=true\" alt=\"La tos persistente puede ser un s\u00edntoma de alergia, pero tambi\u00e9n puede generarse por las secuelas de un cuadro viral \"\/><figcaption class=\"wp-element-caption\">La tos persistente puede ser un s\u00edntoma de alergia, pero tambi\u00e9n puede generarse por las secuelas de un cuadro viral<\/figcaption><\/figure>\n\n\n\n<p>Heredia tambi\u00e9n destaca&nbsp;<strong>la tos de origen al\u00e9rgico<\/strong>, un cuadro que ve con frecuencia durante la primavera, una estaci\u00f3n que agrava los s\u00edntomas de los pacientes con antecedentes de alergias. \u201cGeneralmente se presenta en ciertas \u00e9pocas del a\u00f1o, y en algunos ambientes espec\u00edficos, dependiendo del al\u00e9rgeno\u201d, explica. Otro factor que no se debe subestimar es la relaci\u00f3n entre ciertos medicamentos, como los antihipertensivos, y la tos persistente.<\/p>\n\n\n\n<p>Por su parte, Krulewietki subraya&nbsp;<strong>la importancia de no diagnosticar de manera apresurada la causa de la tos.&nbsp;<\/strong>\u201cUno no puede hablar de alergia si el cuadro empez\u00f3 hace 15 d\u00edas\u201d, aclara, se\u00f1alando que los cuadros al\u00e9rgicos se caracterizan por su recurrencia y duraci\u00f3n. \u201cLa alergia es una respuesta inflamatoria cr\u00f3nica, y cuando el problema persiste por m\u00e1s de un mes, empieza a ser motivo de preocupaci\u00f3n. Adem\u00e1s, debe haber antecedentes o alguna predisposici\u00f3n gen\u00e9tica\u201d, explica.<\/p>\n\n\n\n<figure class=\"wp-block-embed\"><div class=\"wp-block-embed__wrapper\">\nhttps:\/\/5f83de600af998b0256e132794eda249.safeframe.googlesyndication.com\/safeframe\/1-0-40\/html\/container.html\n<\/div><\/figure>\n\n\n\n<p>Ambos especialistas coinciden en que la reciente presencia de humo en la ciudad de Buenos Aires ha contribuido a que m\u00e1s personas acudan a las guardias con cuadros de tos. \u201cTodo lo que ingresa al pulm\u00f3n que no sea ox\u00edgeno es potencialmente nocivo\u201d, indica Krulewietki, quien advierte que los contaminantes como el humo pueden generar irritaci\u00f3n en las v\u00edas respiratorias, provocando cuadros inflamatorios en personas sanas y exacerbando los s\u00edntomas en aquellas con enfermedades respiratorias preexistentes, como&nbsp;<strong>el asma o las alergias<\/strong>.<\/p>\n\n\n\n<p>La exposici\u00f3n a contaminantes es especialmente problem\u00e1tica en aquellos pacientes que ya tienen alguna afecci\u00f3n respiratoria subyacente. \u201cEn general, los pacientes que m\u00e1s complicaciones presentan cuando hay contaminaci\u00f3n en el aire son aquellos que ya tienen enfermedades respiratorias cr\u00f3nicas\u201d, apunta Krulewietki. No obstante, para quienes no tienen antecedentes, una vez que el evento contaminante desaparece, el cuadro deber\u00eda resolverse sin mayores problemas.<\/p>\n\n\n\n<h2 class=\"wp-block-heading\">Covid-19<\/h2>\n\n\n\n<p>El Covid-19 tambi\u00e9n ha dejado su huella en los pacientes que, semanas o incluso meses despu\u00e9s de haber superado la infecci\u00f3n, contin\u00faan experimentando tos. Heredia menciona que la tos pos-Covid no es diferente a la posviral en otros aspectos, pero los cambios en la respuesta inmunol\u00f3gica que genera el virus pueden prolongar la sintomatolog\u00eda. \u201cEl Covid es un virus que, como cualquier otro, puede modificar la respuesta inmunol\u00f3gica del cuerpo, lo que puede explicar por qu\u00e9 algunas personas tardan m\u00e1s en recuperarse\u201d, comenta.<\/p>\n\n\n\n<p>Adem\u00e1s de los factores ambientales y virales, Heredia destaca que la tos tambi\u00e9n puede ser u<strong>n efecto secundario de algunos medicamentos<\/strong>, especialmente aquellos que se usan para tratar la hipertensi\u00f3n. \u201cLos inhibidores de la enzima convertidora de angiotensina (IECAs), que se usan para tratar la presi\u00f3n arterial, son conocidos por generar tos como efecto secundario\u201d, menciona, sugiriendo que los pacientes que presenten este s\u00edntoma consulten a su m\u00e9dico para ajustar su medicaci\u00f3n.<\/p>\n\n\n\n<p>La tos persistente es&nbsp;<strong>un s\u00edntoma multifactorial&nbsp;<\/strong>que, aunque com\u00fan, no debe ser tomado a la ligera. Las causas van desde cuadros virales y alergias hasta la exposici\u00f3n a contaminantes y efectos secundarios de medicamentos. Identificar la causa subyacente es crucial para un tratamiento adecuado, y los especialistas recomiendan no postergar la consulta m\u00e9dica si se prolonga m\u00e1s all\u00e1 de las tres semanas o si est\u00e1 acompa\u00f1ada de otros s\u00edntomas como fiebre, falta de aire o dolor en el pecho. Como concluye Heredia: \u201cLa tos es un s\u00edntoma que puede parecer banal, pero puede estar indicando un problema m\u00e1s profundo\u201d.<\/p>\n","protected":false},"excerpt":{"rendered":"<p>La&nbsp;tos persistente&nbsp;ha sido motivo de numerosas consultas en las guardias m\u00e9dicas de Buenos Aires en las \u00faltimas semanas. Los especialistas se\u00f1alan que este s\u00edntoma, que puede tener m\u00faltiples causas, ha sido exacerbado por factores como&nbsp;la llegada de la primavera, el humo presente en la ciudad debido a incendios cercanos y la presencia de resabios de&hellip;<\/p>\n","protected":false},"author":6,"featured_media":0,"parent":0,"menu_order":0,"comment_status":"closed","ping_status":"closed","template":"","meta":{"footnotes":""},"class_list":["post-7435","page","type-page","status-publish","hentry"],"aioseo_notices":[],"_links":{"self":[{"href":"https:\/\/www.hospitaldeclinicas.uba.ar\/index.php?rest_route=\/wp\/v2\/pages\/7435","targetHints":{"allow":["GET"]}}],"collection":[{"href":"https:\/\/www.hospitaldeclinicas.uba.ar\/index.php?rest_route=\/wp\/v2\/pages"}],"about":[{"href":"https:\/\/www.hospitaldeclinicas.uba.ar\/index.php?rest_route=\/wp\/v2\/types\/page"}],"author":[{"embeddable":true,"href":"https:\/\/www.hospitaldeclinicas.uba.ar\/index.php?rest_route=\/wp\/v2\/users\/6"}],"replies":[{"embeddable":true,"href":"https:\/\/www.hospitaldeclinicas.uba.ar\/index.php?rest_route=%2Fwp%2Fv2%2Fcomments&post=7435"}],"version-history":[{"count":2,"href":"https:\/\/www.hospitaldeclinicas.uba.ar\/index.php?rest_route=\/wp\/v2\/pages\/7435\/revisions"}],"predecessor-version":[{"id":7437,"href":"https:\/\/www.hospitaldeclinicas.uba.ar\/index.php?rest_route=\/wp\/v2\/pages\/7435\/revisions\/7437"}],"wp:attachment":[{"href":"https:\/\/www.hospitaldeclinicas.uba.ar\/index.php?rest_route=%2Fwp%2Fv2%2Fmedia&parent=7435"}],"curies":[{"name":"wp","href":"https:\/\/api.w.org\/{rel}","templated":true}]}}