{"id":7335,"date":"2024-08-23T09:20:19","date_gmt":"2024-08-23T12:20:19","guid":{"rendered":"https:\/\/www.hospitaldeclinicas.uba.ar\/?page_id=7335"},"modified":"2024-08-23T09:20:19","modified_gmt":"2024-08-23T12:20:19","slug":"vivir-con-dolor-un-problema-masivo-e-incapacitante","status":"publish","type":"page","link":"https:\/\/www.hospitaldeclinicas.uba.ar\/?page_id=7335","title":{"rendered":"Vivir con dolor: un problema masivo e incapacitante"},"content":{"rendered":"\n<p><strong>Si bien sentir dolor es la primera causa de consulta en centros de atenci\u00f3n primaria, s\u00f3lo 2 de cada 10 personas que lo tienen son derivadas a especialistas seg\u00fan afirman desde el Cl\u00ednicas. Har\u00e1n una actividad para concientizar sobre el tema en la nueva edici\u00f3n del Congreso Internacional de Medicina Interna, que organiza el hospital-escuela.<\/strong><\/p>\n\n\n\n<p><a href=\"https:\/\/europeanpainfederation.eu\/what-is-pain\/\" target=\"_blank\" rel=\"noreferrer noopener\">Seg\u00fan define la Federaci\u00f3n Europea del Dolor<\/a>, el dolor es una experiencia sensorial y emocional desagradable asociada con un da\u00f1o tisular potencial o real (como un&nbsp;corte, un golpe o una quemadura). Es siempre una experiencia personal que se ve influida en distintos grados por factores biol\u00f3gicos, psicol\u00f3gicos y sociales.&nbsp;<\/p>\n\n\n\n<p>\u00bfCu\u00e1ndo empieza a ser cr\u00f3nico un dolor? Desde el Hospital de Cl\u00ednicas, refieren que aquel dolor que dura m\u00e1s de tres meses puede transformarse en cr\u00f3nico. Asimismo, explican que hoy ya hay personas a quienes se les diagnostica el dolor como una enfermedad en s\u00ed misma. Este reconocimiento pretende que el abordaje de los pacientes con dolor mejore y, por ende, tambi\u00e9n su calidad de vida.<\/p>\n\n\n\n<p>El Centro Universitario de Tratamiento del Dolor Cr\u00f3nico y Cuidados Paliativos del Hospital de Cl\u00ednicas, entre sus finalidades principales, cuenta con la de mejorar la experiencia de las personas que tienen dolor instalado en distintas partes del cuerpo y que reciben el diagn\u00f3stico de lumbalgia, cefalea y neuralgias, entre las patolog\u00edas m\u00e1s frecuentes.<\/p>\n\n\n\n<p>A pesar de ser definido como una enfermedad en s\u00ed misma, el dolor cr\u00f3nico est\u00e1 subdiagnosticado. La Dra. Mar\u00eda Julia Aparicio (MN 103.061), m\u00e9dica coordinadora del Centro del Dolor del Cl\u00ednicas, sostiene que \u201cel 80% de los pacientes que buscan atenci\u00f3n por sentir dolor no son derivados a especialistas en el tema\u201d. Por este motivo, el t\u00f3pico forma parte de la agenda del nuevo&nbsp;<a href=\"https:\/\/congresoclinicas.com.ar\/\" target=\"_blank\" rel=\"noreferrer noopener\">Congreso Internacional de Medicina Interna<\/a>&nbsp;que organiza el hospital-escuela a fin de que profesionales de la salud puedan actualizar sus conocimientos.<\/p>\n\n\n\n<p>\u201cEl dolor cr\u00f3nico es tomado como un s\u00edntoma y atribuido a otras causas. Se minimiza. Hay mucha demora en su diagn\u00f3stico y la derivaci\u00f3n. A lo que se suma que se trata de una especialidad m\u00e9dica que se cre\u00f3 recientemente. Entonces, al llegar el paciente a un centro de dolor, en muchos casos el proceso est\u00e1 muy avanzado y un dolor agudo se transform\u00f3 en un dolor cr\u00f3nico\u201d, afirma Aparicio.<\/p>\n\n\n\n<p>\u201cEl dolor cr\u00f3nico es como un p\u00e1jaro carpintero que te est\u00e1 taladrando todo el d\u00eda o como una gotera; est\u00e1 presente todo el tiempo. Y poco a poco te va llevando a la incapacidad. Hay personas que dejan de salir, dormir, comer y tantas otras cosas porque no saben cu\u00e1ndo les va a aparecer el dolor que les impide disfrutar de peque\u00f1as cosas como ir al cine. El desaf\u00edo para nosotros es reeducar al cerebro para que pueda salir de esa situaci\u00f3n, de ese c\u00edrculo vicioso\u201d, dice la m\u00e9dica.<\/p>\n\n\n\n<p>Respecto del Centro del Dolor del Cl\u00ednicas, la m\u00e9dica explica: \u201cEl objetivo de nuestro trabajo es que el paciente pueda volver a disfrutar, planificar unas vacaciones, trabajar. Los pacientes llegan derivados por sus m\u00e9dicos de cabecera y equipos tratantes ya con un primer diagn\u00f3stico que el equipo interdisciplinario reeval\u00faa e instaura una estrategia terap\u00e9utica de acuerdo con el tipo de dolor del paciente\u201d.<\/p>\n\n\n\n<p>Por otra parte, \u201ctanto para el paciente con dolor cr\u00f3nico como para quien est\u00e1 en seguimiento por cuidados paliativos, tenemos un abordaje asistencial que contempla su entorno significativo porque es importante la participaci\u00f3n de quien lo acompa\u00f1a o asiste, sea familiar, amigo, cuidador, etc. Esta forma de trabajar nos permite arribar a un diagn\u00f3stico de situaci\u00f3n completo, saber c\u00f3mo ayudar al paciente y quienes lo rodean, y trazar objetivos para lograr que el paciente sea adherente al tratamiento\u201d.<\/p>\n\n\n\n<p>En el marco del 19\u00ba Congreso Internacional de Medicina Interna del Hospital de Cl\u00ednicas, que se llevar\u00e1 a cabo a lo largo de tres jornadas consecutivas desde el 21 de agosto de 2024, los equipos interdisciplinarios que conforman el Centro de Dolor ofrecer\u00e1n el primer d\u00eda del evento el taller \u201cEl dolor como enfermedad y su nueva clasificaci\u00f3n\u201d y, al d\u00eda siguiente, el taller \u201cLas 3D de los Cuidados Paliativos\u201d.<\/p>\n","protected":false},"excerpt":{"rendered":"<p>Si bien sentir dolor es la primera causa de consulta en centros de atenci\u00f3n primaria, s\u00f3lo 2 de cada 10 personas que lo tienen son derivadas a especialistas seg\u00fan afirman desde el Cl\u00ednicas. Har\u00e1n una actividad para concientizar sobre el tema en la nueva edici\u00f3n del Congreso Internacional de Medicina Interna, que organiza el hospital-escuela.&hellip;<\/p>\n","protected":false},"author":6,"featured_media":0,"parent":0,"menu_order":0,"comment_status":"closed","ping_status":"closed","template":"","meta":{"footnotes":""},"class_list":["post-7335","page","type-page","status-publish","hentry"],"aioseo_notices":[],"_links":{"self":[{"href":"https:\/\/www.hospitaldeclinicas.uba.ar\/index.php?rest_route=\/wp\/v2\/pages\/7335","targetHints":{"allow":["GET"]}}],"collection":[{"href":"https:\/\/www.hospitaldeclinicas.uba.ar\/index.php?rest_route=\/wp\/v2\/pages"}],"about":[{"href":"https:\/\/www.hospitaldeclinicas.uba.ar\/index.php?rest_route=\/wp\/v2\/types\/page"}],"author":[{"embeddable":true,"href":"https:\/\/www.hospitaldeclinicas.uba.ar\/index.php?rest_route=\/wp\/v2\/users\/6"}],"replies":[{"embeddable":true,"href":"https:\/\/www.hospitaldeclinicas.uba.ar\/index.php?rest_route=%2Fwp%2Fv2%2Fcomments&post=7335"}],"version-history":[{"count":1,"href":"https:\/\/www.hospitaldeclinicas.uba.ar\/index.php?rest_route=\/wp\/v2\/pages\/7335\/revisions"}],"predecessor-version":[{"id":7336,"href":"https:\/\/www.hospitaldeclinicas.uba.ar\/index.php?rest_route=\/wp\/v2\/pages\/7335\/revisions\/7336"}],"wp:attachment":[{"href":"https:\/\/www.hospitaldeclinicas.uba.ar\/index.php?rest_route=%2Fwp%2Fv2%2Fmedia&parent=7335"}],"curies":[{"name":"wp","href":"https:\/\/api.w.org\/{rel}","templated":true}]}}