{"id":721,"date":"2023-06-09T17:14:42","date_gmt":"2023-06-09T17:14:42","guid":{"rendered":"https:\/\/www.hospitaldeclinicas.uba.ar\/?page_id=721"},"modified":"2023-06-09T17:14:42","modified_gmt":"2023-06-09T17:14:42","slug":"721-2","status":"publish","type":"page","link":"https:\/\/www.hospitaldeclinicas.uba.ar\/?page_id=721","title":{"rendered":""},"content":{"rendered":"<div class=\"wp-block-image\">\n<figure class=\"aligncenter size-full is-resized\"><img loading=\"lazy\" decoding=\"async\" src=\"https:\/\/www.hospitaldeclinicas.uba.ar\/wp-content\/uploads\/2023\/06\/COMO-LLEGAR-14.png\" alt=\"\" class=\"wp-image-722\" width=\"564\" height=\"113\"\/><\/figure><\/div>\n\n\n<p><\/p>\n\n\n\n<h2 class=\"wp-block-heading\">Directora: Dra. Ana Maria Buzaleh<\/h2>\n\n\n\n<h2 class=\"wp-block-heading\">Vicedirectora: Dra. Victoria Parera<\/h2>\n\n\n\n<p><\/p>\n\n\n\n<h4 class=\"wp-block-heading\">Pr\u00e1cticas m\u00e9dicas: <\/h4>\n\n\n\n<p>Consulta m\u00e9dica para diagnostico y\/o seguimiento de los distintos tipos de PORFIRIA.<\/p>\n\n\n\n<h4 class=\"wp-block-heading\">Estudios que se realizan:<\/h4>\n\n\n\n<p>Estudios bioqu\u00edmicos para diagn\u00f3stico y control. Estudios gen\u00e9ticos relacionados a los distintos tipos de PORFIRIA.<\/p>\n\n\n\n<p><strong>Estudios en orina:<\/strong><\/p>\n\n\n\n<p>Test de Porfobilin\u00f3geno(<strong>TPBG)<\/strong><\/p>\n\n\n\n<p>\u00c1cido \u03b4 Aminolev\u00falico&nbsp;&nbsp;&nbsp;&nbsp;&nbsp;&nbsp;(<strong>ALA)<\/strong><\/p>\n\n\n\n<p>Porfobilin\u00f3geno&nbsp;&nbsp;&nbsp;&nbsp;&nbsp;&nbsp;&nbsp;&nbsp;&nbsp;&nbsp;&nbsp;&nbsp;&nbsp;&nbsp;&nbsp;&nbsp;&nbsp;&nbsp;(<strong>PBG)<\/strong><\/p>\n\n\n\n<p>Porfirinas Totales(<strong>PTO)<\/strong><\/p>\n\n\n\n<p>Cromatograf\u00eda de Porfirinas Esterificadas (<strong>CRO)<\/strong><\/p>\n\n\n\n<p><strong><u>Estudios en sangre<\/u><\/strong><strong><\/strong><\/p>\n\n\n\n<p>Deaminasa<strong>(DEAM<\/strong>)<\/p>\n\n\n\n<p>\u00cdndice de fluorescencia<strong>(IPP)<\/strong><\/p>\n\n\n\n<p>Porfirinas totales<strong>(<\/strong><strong>PTS)<\/strong><\/p>\n\n\n\n<p>ALA Dehidrasa<strong>(<\/strong><strong>ALA-D)<\/strong><\/p>\n\n\n\n<p>Estudios Gen\u00e9ticos de las distintas PORFIRIAS.<\/p>\n\n\n\n<p>Estudios Gen\u00e9ticos de HEMOCROMATOSIS<\/p>\n\n\n\n<p><strong><u>MATERIA FECAL<\/u><\/strong><strong><\/strong><\/p>\n\n\n\n<p>Porfirinas totales&nbsp;\u2013&nbsp;<strong>(PTMF)<\/strong><strong><\/strong><\/p>\n\n\n\n<p>Cromatograf\u00eda de Porfirinas esterificadas\u00a0<strong>(CRMF)<\/strong><\/p>\n\n\n\n<p><\/p>\n\n\n\n<h4 class=\"wp-block-heading\">Horarios de atenci\u00f3n: <\/h4>\n\n\n\n<p>lunes martes y\u00a0 mi\u00e9rcoles de 9 a 12 horas<\/p>\n\n\n\n<p>Urgencia pacientes internados: de lunes a viernes de 10 a 14 horas o a convenir con el derivante.<\/p>\n\n\n\n<h4 class=\"wp-block-heading\">Turnos: <\/h4>\n\n\n\n<p>v\u00eda telef\u00f3nica o v\u00eda mail<\/p>\n\n\n\n<p>N\u00fameros&nbsp;o mail&nbsp; de contacto:<\/p>\n\n\n\n<p>5950-8346\/47<\/p>\n\n\n\n<p><a>cipyp@hospitaldeclinicas.uba.ar<\/a>&nbsp;&nbsp;&nbsp;&#8211;&nbsp;<a href=\"mailto:cipyp2018@gmail.com\" target=\"_blank\" rel=\"noreferrer noopener\">cipyp2018@gmail.com<\/a><\/p>\n\n\n\n<p>Ubicaci\u00f3n dentro del Hospital: C\u00f3rdoba 2351 Primer Subsuelo \u2013 Esquina de Azcu\u00e9naga y Paraguay.<\/p>\n","protected":false},"excerpt":{"rendered":"<p>Directora: Dra. Ana Maria Buzaleh Vicedirectora: Dra. Victoria Parera Pr\u00e1cticas m\u00e9dicas: Consulta m\u00e9dica para diagnostico y\/o seguimiento de los distintos tipos de PORFIRIA. Estudios que se realizan: Estudios bioqu\u00edmicos para diagn\u00f3stico y control. Estudios gen\u00e9ticos relacionados a los distintos tipos de PORFIRIA. Estudios en orina: Test de Porfobilin\u00f3geno(TPBG) \u00c1cido \u03b4 Aminolev\u00falico&nbsp;&nbsp;&nbsp;&nbsp;&nbsp;&nbsp;(ALA) Porfobilin\u00f3geno&nbsp;&nbsp;&nbsp;&nbsp;&nbsp;&nbsp;&nbsp;&nbsp;&nbsp;&nbsp;&nbsp;&nbsp;&nbsp;&nbsp;&nbsp;&nbsp;&nbsp;&nbsp;(PBG) Porfirinas Totales(PTO) Cromatograf\u00eda&hellip;<\/p>\n","protected":false},"author":6,"featured_media":0,"parent":0,"menu_order":0,"comment_status":"closed","ping_status":"closed","template":"","meta":{"footnotes":""},"class_list":["post-721","page","type-page","status-publish","hentry"],"aioseo_notices":[],"_links":{"self":[{"href":"https:\/\/www.hospitaldeclinicas.uba.ar\/index.php?rest_route=\/wp\/v2\/pages\/721","targetHints":{"allow":["GET"]}}],"collection":[{"href":"https:\/\/www.hospitaldeclinicas.uba.ar\/index.php?rest_route=\/wp\/v2\/pages"}],"about":[{"href":"https:\/\/www.hospitaldeclinicas.uba.ar\/index.php?rest_route=\/wp\/v2\/types\/page"}],"author":[{"embeddable":true,"href":"https:\/\/www.hospitaldeclinicas.uba.ar\/index.php?rest_route=\/wp\/v2\/users\/6"}],"replies":[{"embeddable":true,"href":"https:\/\/www.hospitaldeclinicas.uba.ar\/index.php?rest_route=%2Fwp%2Fv2%2Fcomments&post=721"}],"version-history":[{"count":1,"href":"https:\/\/www.hospitaldeclinicas.uba.ar\/index.php?rest_route=\/wp\/v2\/pages\/721\/revisions"}],"predecessor-version":[{"id":723,"href":"https:\/\/www.hospitaldeclinicas.uba.ar\/index.php?rest_route=\/wp\/v2\/pages\/721\/revisions\/723"}],"wp:attachment":[{"href":"https:\/\/www.hospitaldeclinicas.uba.ar\/index.php?rest_route=%2Fwp%2Fv2%2Fmedia&parent=721"}],"curies":[{"name":"wp","href":"https:\/\/api.w.org\/{rel}","templated":true}]}}