{"id":631,"date":"2023-05-22T14:34:56","date_gmt":"2023-05-22T14:34:56","guid":{"rendered":"https:\/\/www.hospitaldeclinicas.uba.ar\/?page_id=631"},"modified":"2023-05-22T14:34:56","modified_gmt":"2023-05-22T14:34:56","slug":"hemorroides-todas-las-personas-van-a-consultar-en-algun-momento-de-su-vida-por-molestias","status":"publish","type":"page","link":"https:\/\/www.hospitaldeclinicas.uba.ar\/?page_id=631","title":{"rendered":"Hemorroides: todas las personas van a consultar en alg\u00fan momento de su vida por molestias"},"content":{"rendered":"\n<p><strong>Su inflamaci\u00f3n es m\u00e1s frecuente de lo que se cree y aunque no es peligrosa para la vida, puede causar mucho malestar y dolor entre quienes la padecen. Especialistas del Hospital de Cl\u00ednicas de la UBA hablan sobre qu\u00e9 aspectos tener en cuenta y cu\u00e1ndo consultar con un profesional.&nbsp;<\/strong><\/p>\n\n\n\n<p>\u201cLas hemorroides son venas que se presentan en la parte inferior del recto o el ano. A menudo, las personas pueden tenerlas sin darse cuenta, pero cuando se inflaman o se agrandan, pueden causar dolor y sangrado. Los s\u00edntomas comunes de las hemorroides incluyen picaz\u00f3n, ardor, dolor, bulto y sangrado. Tambi\u00e9n, pueden causar dolor al momento de ir al ba\u00f1o y dificultad para sentarse\u201d, comenta el Dr. Alejandro Moreira Grecco, jefe de la Divisi\u00f3n Cirug\u00eda Gastroenterol\u00f3gica.&nbsp;&nbsp;<\/p>\n\n\n\n<p>\u201cCabe remarcar que <strong>ninguno de estos s\u00edntomas es normal y su sola presencia deber\u00eda generar una consulta m\u00e9dica<\/strong>. Sobre todo la presencia de sangre junto a la materia fecal o al finalizar las deposiciones debe generar una consulta y, habitualmente, se puede completar el estudio con una videocolonoscopia para descartar causas m\u00e1s graves de sangrado como ser los p\u00f3lipos o tumores de colon y recto\u201d, remarca el profesional.&nbsp;<\/p>\n\n\n\n<p>Las causas de las hemorroides pueden variar. Algunos de los factores de riesgo incluyen el estre\u00f1imiento cr\u00f3nico, el embarazo, la obesidad, el sedentarismo, el levantamiento de pesas y la edad avanzada. \u201cExisten <strong>distintos tipos de patolog\u00eda hemorroidal<\/strong> y esto va a depender del grado de gravedad de la misma. En ocasiones, existen s\u00edntomas solamente transitorios atribuibles a la inflamaci\u00f3n del tejido hemorroidal, muchas veces vinculados a alg\u00fan exceso en la dieta o una alteraci\u00f3n aguda del h\u00e1bito intestinal. Y en otros casos, cuando el tejido se encuentra ya elongado o agrandado y presenta prolapso, los s\u00edntomas, si bien pueden tener per\u00edodos de mayor y menor intensidad, habitualmente son persistentes y lentamente progresivos\u201d, agrega Moreira Grecco.&nbsp;<\/p>\n\n\n\n<p>El <strong>tratamiento de las hemorroides<\/strong> va a depender de la intensidad de los s\u00edntomas: \u201cEn general, siempre se comienza con drogas flebot\u00f3nicas, pomadas t\u00f3picas y cambio del h\u00e1bito diet\u00e9tico. Si esto no llegase a dar resultados o si los s\u00edntomas fuesen recurrentes o dependientes del tratamiento, existe la posibilidad de realizar intervenciones m\u00ednimamente invasivas o cirug\u00edas, que s\u00f3lo se realizan en los casos m\u00e1s avanzados\u201d, comenta el profesional.&nbsp;<\/p>\n\n\n\n<p>\u201cEs importante recordar que la patolog\u00eda hemorroidal es altamente frecuente en la poblaci\u00f3n y se considera que al menos <strong>todas las personas van a consultar en alg\u00fan momento de su vida por un problema de este tipo<\/strong>\u201d, sostiene Moreira Grecco. Afecta a pacientes de todas las edades y con igualdad entre los sexos. Hay situaciones cl\u00ednicas en las que los s\u00edntomas son m\u00e1s frecuentes, por ejemplo, en las embarazadas, los pacientes con ascitis o l\u00edquido dentro del abdomen, los pacientes con hipertensi\u00f3n portal o pacientes anticoagulados.<\/p>\n\n\n\n<p><strong>Un diagn\u00f3stico y tratamiento tempranos pueden evitar complicaciones y mejorar la calidad de vida de los pacientes<\/strong>. Acudir al especialista resulta clave ya que las hemorroides pueden ser s\u00edntoma de otras afecciones, y es importante resaltar que <strong>el c\u00e1ncer colorrectal es el tercer c\u00e1ncer en frecuencia en Argentina<\/strong> y es prevenible con un screening realizado en forma oportuna. A su vez, el diagn\u00f3stico precoz de dicha patolog\u00eda aumenta las chances de curaci\u00f3n de los pacientes que lo padecen. Adem\u00e1s, es importante seguir una dieta rica en fibras y evitar el estre\u00f1imiento para prevenir el desarrollo de hemorroides.&nbsp;<\/p>\n","protected":false},"excerpt":{"rendered":"<p>Su inflamaci\u00f3n es m\u00e1s frecuente de lo que se cree y aunque no es peligrosa para la vida, puede causar mucho malestar y dolor entre quienes la padecen. Especialistas del Hospital de Cl\u00ednicas de la UBA hablan sobre qu\u00e9 aspectos tener en cuenta y cu\u00e1ndo consultar con un profesional.&nbsp; \u201cLas hemorroides son venas que se&hellip;<\/p>\n","protected":false},"author":6,"featured_media":0,"parent":0,"menu_order":0,"comment_status":"closed","ping_status":"closed","template":"","meta":{"footnotes":""},"class_list":["post-631","page","type-page","status-publish","hentry"],"aioseo_notices":[],"_links":{"self":[{"href":"https:\/\/www.hospitaldeclinicas.uba.ar\/index.php?rest_route=\/wp\/v2\/pages\/631","targetHints":{"allow":["GET"]}}],"collection":[{"href":"https:\/\/www.hospitaldeclinicas.uba.ar\/index.php?rest_route=\/wp\/v2\/pages"}],"about":[{"href":"https:\/\/www.hospitaldeclinicas.uba.ar\/index.php?rest_route=\/wp\/v2\/types\/page"}],"author":[{"embeddable":true,"href":"https:\/\/www.hospitaldeclinicas.uba.ar\/index.php?rest_route=\/wp\/v2\/users\/6"}],"replies":[{"embeddable":true,"href":"https:\/\/www.hospitaldeclinicas.uba.ar\/index.php?rest_route=%2Fwp%2Fv2%2Fcomments&post=631"}],"version-history":[{"count":1,"href":"https:\/\/www.hospitaldeclinicas.uba.ar\/index.php?rest_route=\/wp\/v2\/pages\/631\/revisions"}],"predecessor-version":[{"id":632,"href":"https:\/\/www.hospitaldeclinicas.uba.ar\/index.php?rest_route=\/wp\/v2\/pages\/631\/revisions\/632"}],"wp:attachment":[{"href":"https:\/\/www.hospitaldeclinicas.uba.ar\/index.php?rest_route=%2Fwp%2Fv2%2Fmedia&parent=631"}],"curies":[{"name":"wp","href":"https:\/\/api.w.org\/{rel}","templated":true}]}}