{"id":599,"date":"2023-05-15T15:26:47","date_gmt":"2023-05-15T15:26:47","guid":{"rendered":"https:\/\/www.hospitaldeclinicas.uba.ar\/?page_id=599"},"modified":"2023-05-15T15:26:47","modified_gmt":"2023-05-15T15:26:47","slug":"hipertension-arterial-afecta-a-cuatro-de-cada-diezadultos-en-argentina","status":"publish","type":"page","link":"https:\/\/www.hospitaldeclinicas.uba.ar\/?page_id=599","title":{"rendered":"Hipertensi\u00f3n Arterial: Afecta a cuatro de cada diezadultos en Argentina"},"content":{"rendered":"<div class=\"wp-block-image\">\n<figure class=\"alignright size-full is-resized\"><img loading=\"lazy\" decoding=\"async\" src=\"https:\/\/www.hospitaldeclinicas.uba.ar\/wp-content\/uploads\/2023\/05\/tension-arterial.jpg.webp\" alt=\"\" class=\"wp-image-600\" width=\"325\" height=\"183\"\/><\/figure><\/div>\n\n\n<p><strong>Es una afecci\u00f3n que no tiene s\u00edntomas. La clave es el autoconocimiento y el autocuidado: saber sobre niveles de presi\u00f3n arterial normal, es conocer cu\u00e1ndo est\u00e1 elevada y poder llegar a la consulta a tiempo.<\/strong><\/p>\n\n\n\n<p><\/p>\n\n\n\n<p><\/p>\n\n\n\n<p>Para prevenir riesgos, conocer los valores personales de presi\u00f3n arterial es un desaf\u00edo y una ayuda, de acuerdo con Analia Aquieri, m\u00e9dica del Laboratorio de Hipertensi\u00f3n Arterial del Hospital de Cl\u00ednicas de la UBA. \u201cLa presi\u00f3n elevada es m\u00e1s frecuente de lo que se cree y si no hacemos controles peri\u00f3dicos de nuestros valores de presi\u00f3n arterial, es muy dif\u00edcil detectarla. Su presencia aumenta la posibilidad de presentar enfermedad coronaria, infarto agudo de miocardio, complicaciones renales o ACV de forma significativa\u201d.<\/p>\n\n\n\n<p>\u201cEl aumento en la ingesta de alimentos con alto nivel de sodio, la inactividad f\u00edsica, el estr\u00e9s, el tabaquismo y el sedentarismo en general son las causas m\u00e1s frecuentes de la hipertensi\u00f3n arterial. Se calcula que uno de cada cuatro adultos tiene presi\u00f3n elevada\u201d&nbsp; advierte Aquieri.<\/p>\n\n\n\n<p>La presi\u00f3n arterial es la fuerza que ejerce la sangre contra las paredes de los vasos sangu\u00edneos. Se mide en mil\u00edmetros de mercurio (mm Hg) y se expresa con 2 n\u00fameros, como por ejemplo 110\/70 mm Hg.&nbsp; La presi\u00f3n arterial, para la mayor\u00eda de las personas, debe estar por debajo de 140\/90 mmHg. Hay ciertas situaciones que nos obligan a tener valores de presi\u00f3n arterial m\u00e1s bajos, como por ejemplo si tenemos enfermedades del coraz\u00f3n, del ri\u00f1\u00f3n, diabetes. \u201cLo peligroso de esta situaci\u00f3n es que la presi\u00f3n arterial alta o hipertensi\u00f3n suele no dar s\u00edntomas\u201d, puntualiza Aquieri.<\/p>\n\n\n\n<p>En diferentes edades a lo largo de la vida existen situaciones que aumentan el riesgo de padecer hipertensi\u00f3n. En la ni\u00f1ez y adolescencia el sobrepeso es la principal causa. En la adultez, la obesidad sumada a la inactividad f\u00edsica, mala alimentaci\u00f3n, el exceso en el consumo de alcohol, el tabaquismo y la diabetes constituyen grupos de riesgo elevado. Por \u00faltimo, en la tercera edad el envejecimiento y la rigidez arterial pueden ser causantes de hipertensi\u00f3n, a\u00fan en pacientes que han tenido presiones normales previamente.<\/p>\n\n\n\n<p>\u201cEn 9 de cada 10 casos no hay un \u00fanico agente causal sino que pueden estar involucrados mecanismos renales, endocrinos y vasculares entre otros, todo ello sobre la predisposici\u00f3n gen\u00e9tica de la persona. Esto se conoce como hipertensi\u00f3n primaria y se diferencia de la hipertensi\u00f3n secundaria porque esta \u00faltima es consecuencia de una afecci\u00f3n determinada, por ejemplo des\u00f3rdenes endocrinos, insuficiencia renal, apenas del sue\u00f1o o incluso el consumo de ciertos f\u00e1rmacos o drogas\u201d, advierte Aquieri.<\/p>\n\n\n\n<p>Para evitar que las personas con factores de riesgo y antecedentes familiares sean futuros hipertensos debemos incorporar la actividad f\u00edsica aer\u00f3bica regular, evitar el sobrepeso y la obesidad, especialmente de abdomen y tronco, mantener una alimentaci\u00f3n saludable, rica en vegetales, frutas, granos integrales, pobre en harinas, grasas saturadas y sodio, el tabaco (pasivo y activo), reducir la ingesta de alcohol y no consumir drogas.<\/p>\n\n\n\n<p>\u201cEstamos ante un enemigo silencioso, responsable de muchas muertes por a\u00f1o y productor de marcada discapacidad en la poblaci\u00f3n general. Debemos realizar nuestro mayor esfuerzo para diagnosticar, tratar y controlar muy de cerca a nuestros pacientes. S\u00f3lo de esta manera, vamos a mejorar el impacto negativo que tiene sobre la salud. A pesar de la alta prevalencia de la hipertensi\u00f3n un tercio de los hipertensos no saben que lo son y la mitad de los que se encuentran en tratamiento no est\u00e1n adecuadamente controlados\u201d, concluye la profesional Analia Aquieri.<\/p>\n","protected":false},"excerpt":{"rendered":"<p>Es una afecci\u00f3n que no tiene s\u00edntomas. La clave es el autoconocimiento y el autocuidado: saber sobre niveles de presi\u00f3n arterial normal, es conocer cu\u00e1ndo est\u00e1 elevada y poder llegar a la consulta a tiempo. Para prevenir riesgos, conocer los valores personales de presi\u00f3n arterial es un desaf\u00edo y una ayuda, de acuerdo con Analia&hellip;<\/p>\n","protected":false},"author":6,"featured_media":0,"parent":0,"menu_order":0,"comment_status":"closed","ping_status":"closed","template":"","meta":{"footnotes":""},"class_list":["post-599","page","type-page","status-publish","hentry"],"aioseo_notices":[],"_links":{"self":[{"href":"https:\/\/www.hospitaldeclinicas.uba.ar\/index.php?rest_route=\/wp\/v2\/pages\/599","targetHints":{"allow":["GET"]}}],"collection":[{"href":"https:\/\/www.hospitaldeclinicas.uba.ar\/index.php?rest_route=\/wp\/v2\/pages"}],"about":[{"href":"https:\/\/www.hospitaldeclinicas.uba.ar\/index.php?rest_route=\/wp\/v2\/types\/page"}],"author":[{"embeddable":true,"href":"https:\/\/www.hospitaldeclinicas.uba.ar\/index.php?rest_route=\/wp\/v2\/users\/6"}],"replies":[{"embeddable":true,"href":"https:\/\/www.hospitaldeclinicas.uba.ar\/index.php?rest_route=%2Fwp%2Fv2%2Fcomments&post=599"}],"version-history":[{"count":1,"href":"https:\/\/www.hospitaldeclinicas.uba.ar\/index.php?rest_route=\/wp\/v2\/pages\/599\/revisions"}],"predecessor-version":[{"id":601,"href":"https:\/\/www.hospitaldeclinicas.uba.ar\/index.php?rest_route=\/wp\/v2\/pages\/599\/revisions\/601"}],"wp:attachment":[{"href":"https:\/\/www.hospitaldeclinicas.uba.ar\/index.php?rest_route=%2Fwp%2Fv2%2Fmedia&parent=599"}],"curies":[{"name":"wp","href":"https:\/\/api.w.org\/{rel}","templated":true}]}}