{"id":570,"date":"2023-05-11T12:30:38","date_gmt":"2023-05-11T12:30:38","guid":{"rendered":"https:\/\/www.hospitaldeclinicas.uba.ar\/?page_id=570"},"modified":"2023-05-11T12:30:39","modified_gmt":"2023-05-11T12:30:39","slug":"570-2","status":"publish","type":"page","link":"https:\/\/www.hospitaldeclinicas.uba.ar\/?page_id=570","title":{"rendered":""},"content":{"rendered":"<div class=\"wp-block-image\">\n<figure class=\"aligncenter size-full is-resized\"><img loading=\"lazy\" decoding=\"async\" src=\"https:\/\/www.hospitaldeclinicas.uba.ar\/wp-content\/uploads\/2023\/05\/Reumatologia.png\" alt=\"\" class=\"wp-image-571\" width=\"672\" height=\"134\"\/><\/figure><\/div>\n\n\n<h2 class=\"wp-block-heading\">Jefe de Divisi\u00f3n:<strong> Dr. Gustavo Ariel Medina <\/strong><\/h2>\n\n\n\n<p><\/p>\n\n\n\n<p><strong>UNIDADES ESPECIALES DE ATENCI\u00d3N E INVESTIGACI\u00d3N<br><\/strong><\/p>\n\n\n\n<ul class=\"wp-block-list\">\n<li>Unidad Esclerodermia<\/li>\n\n\n\n<li>Unidad Lupus Eritematoso Sist\u00e9mico<\/li>\n\n\n\n<li>Unidad Vasculitis<\/li>\n\n\n\n<li>Unidad SpA (psoriasis- artritis psori\u00e1sica &#8211; espondilitis)<\/li>\n\n\n\n<li>Unidad S\u00edndrome de Sj\u00f6gren<\/li>\n\n\n\n<li>Unidad de tele consultas y seguimiento a distancia<\/li>\n\n\n\n<li>Inmunooftalmolog\u00eda<\/li>\n<\/ul>\n\n\n\n<p><\/p>\n\n\n\n<p><strong>PR\u00c1CTICAS M\u00c9DICAS COMPLEMENTARIAS<\/strong><\/p>\n\n\n\n<ul class=\"wp-block-list\">\n<li>Ecograf\u00eda Musculoesquel\u00e9tica con se\u00f1al Power Doppler<\/li>\n\n\n\n<li>Biopsia de Gl\u00e1ndula Salival Menor<\/li>\n\n\n\n<li>Capilaroscopia<\/li>\n\n\n\n<li>Artrocentesis para diagn\u00f3stico y tratamiento<\/li>\n\n\n\n<li>Sialometr\u00eda<\/li>\n\n\n\n<li>Estudio de L\u00edquido Sinovial<\/li>\n\n\n\n<li>Cristales<\/li>\n<\/ul>\n\n\n\n<p><strong>Horarios de atenci\u00f3n:<\/strong> Consultorios externos \u201cSector A\u201d &#8211; PB &#8211; de Lunes a Viernes 13 a 17hs <br><strong>Solicitar turnos por la Web<\/strong>:  <a href=\"http:\/\/www.portal.hospitaldeclinicas.uba.ar\/#\/login\" data-type=\"URL\" data-id=\"http:\/\/www.portal.hospitaldeclinicas.uba.ar\/#\/login\">http:\/\/www.portal.hospitaldeclinicas.uba.ar\/#\/login<\/a><br><\/p>\n","protected":false},"excerpt":{"rendered":"<p>Jefe de Divisi\u00f3n: Dr. Gustavo Ariel Medina UNIDADES ESPECIALES DE ATENCI\u00d3N E INVESTIGACI\u00d3N PR\u00c1CTICAS M\u00c9DICAS COMPLEMENTARIAS Horarios de atenci\u00f3n: Consultorios externos \u201cSector A\u201d &#8211; PB &#8211; de Lunes a Viernes 13 a 17hs Solicitar turnos por la Web: http:\/\/www.portal.hospitaldeclinicas.uba.ar\/#\/login<\/p>\n","protected":false},"author":6,"featured_media":0,"parent":0,"menu_order":0,"comment_status":"closed","ping_status":"closed","template":"","meta":{"footnotes":""},"class_list":["post-570","page","type-page","status-publish","hentry"],"aioseo_notices":[],"_links":{"self":[{"href":"https:\/\/www.hospitaldeclinicas.uba.ar\/index.php?rest_route=\/wp\/v2\/pages\/570","targetHints":{"allow":["GET"]}}],"collection":[{"href":"https:\/\/www.hospitaldeclinicas.uba.ar\/index.php?rest_route=\/wp\/v2\/pages"}],"about":[{"href":"https:\/\/www.hospitaldeclinicas.uba.ar\/index.php?rest_route=\/wp\/v2\/types\/page"}],"author":[{"embeddable":true,"href":"https:\/\/www.hospitaldeclinicas.uba.ar\/index.php?rest_route=\/wp\/v2\/users\/6"}],"replies":[{"embeddable":true,"href":"https:\/\/www.hospitaldeclinicas.uba.ar\/index.php?rest_route=%2Fwp%2Fv2%2Fcomments&post=570"}],"version-history":[{"count":1,"href":"https:\/\/www.hospitaldeclinicas.uba.ar\/index.php?rest_route=\/wp\/v2\/pages\/570\/revisions"}],"predecessor-version":[{"id":572,"href":"https:\/\/www.hospitaldeclinicas.uba.ar\/index.php?rest_route=\/wp\/v2\/pages\/570\/revisions\/572"}],"wp:attachment":[{"href":"https:\/\/www.hospitaldeclinicas.uba.ar\/index.php?rest_route=%2Fwp%2Fv2%2Fmedia&parent=570"}],"curies":[{"name":"wp","href":"https:\/\/api.w.org\/{rel}","templated":true}]}}