{"id":553,"date":"2023-05-08T15:44:43","date_gmt":"2023-05-08T15:44:43","guid":{"rendered":"https:\/\/www.hospitaldeclinicas.uba.ar\/?page_id=553"},"modified":"2023-05-08T15:44:44","modified_gmt":"2023-05-08T15:44:44","slug":"biblioteca","status":"publish","type":"page","link":"https:\/\/www.hospitaldeclinicas.uba.ar\/?page_id=553","title":{"rendered":"Biblioteca"},"content":{"rendered":"\n<p>La Biblioteca se encuentra ubicada en el 1\u00ba piso del Hospital, sobre Avda. C\u00f3rdoba.<br><br>Horario de Atenci\u00f3n:<br>Lunes a Viernes, de 8 a 18 hs.<br>Enero y Febrero de 8 a 15 hs.<\/p>\n\n\n\n<p><strong>Disponibilidades:<\/strong><\/p>\n\n\n\n<p>-Dos salas de lectura.<br>-Estantes abiertos: acceso al material impreso irrestricto.<br>-Fotocopiadora, durante todo el horario de atenci\u00f3n al p\u00fablico.<br>-Red de computadoras, disponible para profesionales de la instituci\u00f3n.<br>-Impresora en red.<br>-Acceso a Internet y a la RedUBA.<\/p>\n\n\n\n<p>Recursos electr\u00f3nicos en texto completo disponibles en RedUBA<\/p>\n\n\n\n<p><strong>Revistas:<\/strong><\/p>\n\n\n\n<p>Biblioteca Electr\u00f3nica de Ciencia y Tecnolog\u00eda \u2013 Portal del Ministerio de Ciencia, Tecnolog\u00eda e Innovaci\u00f3n Productiva&nbsp;<a href=\"https:\/\/web.archive.org\/web\/20220814222602\/http:\/\/www.biblioteca.mincyt.gov.ar\/\">http:\/\/www.biblioteca.mincyt.gov.ar\/<\/a><\/p>\n\n\n\n<p>Revistas de editorial Elsevier en todas las \u00e1reas del conocimiento<br>http:\/\/www.sciencedirect.com\/<\/p>\n\n\n\n<p>Revistas de editorial Springer en todas las \u00e1reas del conocimiento<br><a href=\"https:\/\/web.archive.org\/web\/20220814222602\/http:\/\/www.springerlink.com\/\">http:\/\/www.springerlink.com\/<\/a><\/p>\n\n\n\n<p>Revistas del \u00e1rea biom\u00e9dica de Kluwer\/Lippincott Williams &amp; Wilkins y revista Nature&nbsp;<a href=\"https:\/\/web.archive.org\/web\/20220814222602\/http:\/\/gateway.ovid.com\/autologin.html\">http:\/\/gateway.ovid.com\/autologin.html<\/a><\/p>\n\n\n\n<p>Revistas de editorial Blackwell en todas las \u00e1reas del conocimiento, en plataforma Wiley<br><a href=\"https:\/\/web.archive.org\/web\/20220814222602\/http:\/\/www3.interscience.wiley.com\/\">http:\/\/www3.interscience.wiley.com\/<\/a><\/p>\n\n\n\n<p>Revistas y bases de datos bibliogr\u00e1ficas de EBSCO<br><a href=\"https:\/\/web.archive.org\/web\/20220814222602\/http:\/\/web.ebscohost.com\/\">http:\/\/web.ebscohost.com\/<\/a><\/p>\n\n\n\n<p>Annual Reviews<br><a href=\"https:\/\/web.archive.org\/web\/20220814222602\/http:\/\/www.annualreviews.org\/\">http:\/\/www.annualreviews.org\/<\/a><\/p>\n\n\n\n<p>Libros<\/p>\n\n\n\n<p>Access Medicine de Editorial McGraw Hill<br><a href=\"https:\/\/web.archive.org\/web\/20220814222602\/http:\/\/www.accessmedicine.com\/\">http:\/\/www.accessmedicine.com\/<\/a><\/p>\n\n\n\n<p>OMMBID \u2013 On Line Metabolic &amp; Molecular Bases of Inherited Diseases de Editorial McGraw Hill<br><a href=\"https:\/\/web.archive.org\/web\/20220814222602\/http:\/\/www.ommbid.com\/\">http:\/\/www.ommbid.com\/<\/a><\/p>\n\n\n\n<p>Springer<br><a href=\"https:\/\/web.archive.org\/web\/20220814222602\/http:\/\/springerlink.com\/\">http:\/\/springerlink.com\/<\/a><br><br>Servicios<\/p>\n\n\n\n<p>Referencia general: orientaci\u00f3n en el uso de los recursos y dentro de la Biblioteca as\u00ed como de otras bibliotecas y recursos.<\/p>\n\n\n\n<p>Referencia especializada: atenci\u00f3n a la demanda bibliogr\u00e1fica de b\u00fasquedas espec\u00edficas e investigaci\u00f3n. Provisi\u00f3n de documentos.<\/p>\n\n\n\n<p>Asistencia permanente en red de computadoras.<\/p>\n\n\n\n<p>Atenci\u00f3n al usuario a distancia. Recepci\u00f3n de pedidos por correo electr\u00f3nico o tel\u00e9fono.<\/p>\n\n\n\n<p>Distribuci\u00f3n electr\u00f3nica para los profesionales del Hospital de Comunicaciones quincenales con novedades bibliogr\u00e1ficas, nuevos recursos, instrucci\u00f3n para el uso de los recursos, art\u00edculos de inter\u00e9s, etc.<\/p>\n\n\n\n<p>Talleres de capacitaci\u00f3n bibliogr\u00e1fica para profesionales del Hospital.<br><br>Los usuarios no pertenecientes al Hospital de Cl\u00ednicas deben consultar a la Biblioteca para conocer las condiciones de acceso al material, as\u00ed como los servicios, que son arancelados.<br><br>\u2013 \u2013 \u2013 \u2013 \u2013 \u2013 \u2013 \u2013 \u2013 \u2013<br><strong>Biblioteca Central<br>Hospital de Cl\u00ednicas \u201cJos\u00e9 de San Mart\u00edn\u201d<\/strong><br>Av. C\u00f3rdoba 2351, 1\u00ba piso, Ciudad Aut\u00f3noma de Buenos Aires (C112OAAR).<br>5950-8701<br>5950-8702<br><a href=\"https:\/\/web.archive.org\/web\/20220814222602\/mailto:biblioteca@hospitaldeclinicas.uba.ar\">biblioteca@hospitaldeclinicas.uba.ar<\/a><\/p>\n","protected":false},"excerpt":{"rendered":"<p>La Biblioteca se encuentra ubicada en el 1\u00ba piso del Hospital, sobre Avda. C\u00f3rdoba. Horario de Atenci\u00f3n:Lunes a Viernes, de 8 a 18 hs.Enero y Febrero de 8 a 15 hs. Disponibilidades: -Dos salas de lectura.-Estantes abiertos: acceso al material impreso irrestricto.-Fotocopiadora, durante todo el horario de atenci\u00f3n al p\u00fablico.-Red de computadoras, disponible para profesionales&hellip;<\/p>\n","protected":false},"author":6,"featured_media":0,"parent":0,"menu_order":0,"comment_status":"closed","ping_status":"closed","template":"","meta":{"footnotes":""},"class_list":["post-553","page","type-page","status-publish","hentry"],"aioseo_notices":[],"_links":{"self":[{"href":"https:\/\/www.hospitaldeclinicas.uba.ar\/index.php?rest_route=\/wp\/v2\/pages\/553","targetHints":{"allow":["GET"]}}],"collection":[{"href":"https:\/\/www.hospitaldeclinicas.uba.ar\/index.php?rest_route=\/wp\/v2\/pages"}],"about":[{"href":"https:\/\/www.hospitaldeclinicas.uba.ar\/index.php?rest_route=\/wp\/v2\/types\/page"}],"author":[{"embeddable":true,"href":"https:\/\/www.hospitaldeclinicas.uba.ar\/index.php?rest_route=\/wp\/v2\/users\/6"}],"replies":[{"embeddable":true,"href":"https:\/\/www.hospitaldeclinicas.uba.ar\/index.php?rest_route=%2Fwp%2Fv2%2Fcomments&post=553"}],"version-history":[{"count":1,"href":"https:\/\/www.hospitaldeclinicas.uba.ar\/index.php?rest_route=\/wp\/v2\/pages\/553\/revisions"}],"predecessor-version":[{"id":554,"href":"https:\/\/www.hospitaldeclinicas.uba.ar\/index.php?rest_route=\/wp\/v2\/pages\/553\/revisions\/554"}],"wp:attachment":[{"href":"https:\/\/www.hospitaldeclinicas.uba.ar\/index.php?rest_route=%2Fwp%2Fv2%2Fmedia&parent=553"}],"curies":[{"name":"wp","href":"https:\/\/api.w.org\/{rel}","templated":true}]}}