{"id":551,"date":"2023-05-08T15:44:02","date_gmt":"2023-05-08T15:44:02","guid":{"rendered":"https:\/\/www.hospitaldeclinicas.uba.ar\/?page_id=551"},"modified":"2023-05-08T15:44:02","modified_gmt":"2023-05-08T15:44:02","slug":"escuela-de-instrumentacion-quirurgica","status":"publish","type":"page","link":"https:\/\/www.hospitaldeclinicas.uba.ar\/?page_id=551","title":{"rendered":"Escuela de Instrumentaci\u00f3n Quir\u00fargica"},"content":{"rendered":"\n<p><strong>Tecnicatura Universitaria en Instrumentaci\u00f3n Quir\u00fargica<br>Facultad de Medicina. Universidad de Buenos Aires<\/strong><\/p>\n\n\n\n<p><br>La Tecnicatura Universitaria en Instrumentaci\u00f3n Quir\u00fargica de la Facultad de Medicina de la Universidad de Buenos Aires es una carrera para ambos sexos y es gratuita.<br><br>La instrumentaci\u00f3n quir\u00fargica requiere de profesionales con un alto nivel de formaci\u00f3n, caracterizados por el dominio de conocimientos te\u00f3ricos y saberes pr\u00e1cticos que le permiten tomar las decisiones adecuadas y desempe\u00f1arse de modo competente, mejorando la atenci\u00f3n del enfermo.<br><br>El instrumentador quir\u00fargico es un profesional de la salud que desarrolla la mayor parte de su actividad en el quir\u00f3fano, asistiendo al paciente y al cirujano durante el acto quir\u00fargico. Debe ser capaz de desempe\u00f1ar su actividad con un alto grado de responsabilidad, compromiso, dominio emocional y trabajo en equipo.<\/p>\n\n\n\n<p><strong>Informaci\u00f3n de la carrera<br><\/strong><br>La duraci\u00f3n de la Tecnicatura Universitaria en Instrumentaci\u00f3n Quir\u00fargica es de 3 (tres) a\u00f1os lectivos y est\u00e1 conformada por un total de 19 asignaturas. Los alumnos podr\u00e1n cursar esta tecnicatura en la<strong>&nbsp;sede Facultad-Hospital de Cl\u00ednicas<\/strong>&nbsp;o bien en la&nbsp;<strong>sede San Isidro<\/strong>.<br><br>El plan de estudios incluye distintos campos de formaci\u00f3n y est\u00e1 constituido por asignaturas espec\u00edficas que incluyen contenidos pertinentes de diferente complejidad y duraci\u00f3n, acordes al perfil del T\u00e9cnico Universitario en Instrumentaci\u00f3n Quir\u00fargica. La modalidad de cursada es te\u00f3rico-pr\u00e1ctica con el objetivo de brindar al alumno una formaci\u00f3n intensiva e integral.<br><br>Los espacios te\u00f3ricos se desarrollan en las aulas. Los espacios pr\u00e1cticos se Ilevan a cabo en el \u00e1rea quir\u00fargica y se complementan con actividades de simulaci\u00f3n que presentan caracter\u00edsticas an\u00e1logas a las de los ambientes de trabajo reales.<br><br>En el primer a\u00f1o de la carrera se incluyen contenidos de formaci\u00f3n b\u00e1sica, mientras que en el segundo y tercer a\u00f1o se establecen espacios curriculares que desarrollen en los estudiantes las capacidades necesarias a trav\u00e9s de actividades formativas que trabajen contenidos conceptuales, procedimentales y actitudinales.<br><br>Las materias se cursan mayormente de lunes a viernes de 7 a 14 horas. Los d\u00edas y horarios de cursada var\u00edan seg\u00fan la materia, el cuatrimestre y la Sede elegida para cursar.<\/p>\n\n\n\n<p><strong>Requisitos de ingreso<br><\/strong><br>El requisito para el ingreso es la cursada y la aprobaci\u00f3n del&nbsp;<strong>Ciclo B\u00e1sico Com\u00fan (CBC)<\/strong>&nbsp;de la UBA.<br><br>Para esta tecnicatura, el CBC consta de 3 (tres) materias y tiene una duraci\u00f3n de un cuatrimestre. Las materias del CBC que se deber\u00e1n cursar y aprobar son: Trabajo y Sociedad, F\u00edsica e Introducci\u00f3n a la Biof\u00edsica y Qu\u00edmica.<br><br>La informaci\u00f3n sobre fechas y requisitos de inscripci\u00f3n al CBC puede obtenerse en cualquiera de sus sedes o a trav\u00e9s de la p\u00e1gina WEB (<a href=\"https:\/\/web.archive.org\/web\/20220419203809\/http:\/\/www.cbc.uba.ar\/\">www.cbc.uba.ar<\/a>). El CBC puede cursarse ya sea en el 1\u00ba o en el 2\u00ba cuatrimestre del a\u00f1o.<br><br>Una vez aprobadas las tres materias del CBC, el interesado deber\u00e1 dirigirse a la ventanilla de admisi\u00f3n de alumnos de la Facultad de Medicina con el correspondiente certificado e inscribirse a las asignaturas propias de la Tecnicatura Universitaria en Instrumentaci\u00f3n Quir\u00fargica, informando si usted opta por cursar la tecnicatura en la sede Facultad-Hospital de Cl\u00ednicas o en la sede San Isidro. La inscripci\u00f3n a la tecnicatura puede realizarse ya sea en el 1\u00ba o en el 2\u00ba cuatrimestre del a\u00f1o.<br><br>Si usted ya tiene aprobado el CBC por haber realizado el estudio de otra carrera de la UBA, dir\u00edjase a la ventanilla de admisi\u00f3n de alumnos de la Facultad de Medicina con el correspondiente certificado y le informar\u00e1n si esas materias le sirven para esta tecnicatura. Recuerde informar si usted opta por cursar la tecnicatura en la sede Facultad-Hospital de Cl\u00ednicas o en la sede San Isidro.<\/p>\n\n\n\n<p><strong>Asignaturas del Plan de Estudio<\/strong><\/p>\n\n\n\n<p>1\u00ba a\u00f1o<br>Asignaturas de r\u00e9gimen cuatrimestral<br>-Trabajo y Sociedad (CBC), F\u00edsica e Introducci\u00f3n a la Biof\u00edsica (CBC) y Qu\u00edmica (CBC)<br>-Anatom\u00eda<br>-Fisiolog\u00eda<br>-Microbiolog\u00eda y Parasitolog\u00eda<br>-Fundamentos de Instrumentaci\u00f3n Quir\u00fargica<br><br>2\u00ba a\u00f1o<br>Asignaturas de r\u00e9gimen cuatrimestral<br>-Ingl\u00e9s B\u00e1sico<br>-Inform\u00e1tica<br>-Procedimientos Quir\u00fargicos Menores<br>-Pr\u00e1cticas Quir\u00fargicas Menores<br>-Procedimientos Quir\u00fargicos Medianos<br>-Pr\u00e1cticas Quir\u00fargicas Medianas<br>-Psicolog\u00eda Social e Institucional<br><br>3\u00ba a\u00f1o<br>Asignaturas de r\u00e9gimen anual<br>-Procedimientos Quir\u00fargicos Mayores<br>-Pr\u00e1cticas Quir\u00fargicas Mayores<br><br>Asignaturas de r\u00e9gimen cuatrimestral<br>-Ingl\u00e9s T\u00e9cnico<br>-\u00c9tica y Deontolog\u00eda<br>-Organizaci\u00f3n y Gesti\u00f3n de Instituciones de Salud<\/p>\n\n\n\n<p><strong>INSCRIPCI\u00d3N A LA TECNICATURA EN INSTRUMENTACI\u00d3N QUIR\u00daRGICA<\/strong><\/p>\n\n\n\n<p>Las fechas de inscripci\u00f3n para cursar materias en el 1\u00ba o en el 2\u00ba cuatrimestre, deben consultarse en:&nbsp;<a href=\"https:\/\/web.archive.org\/web\/20220419203809\/http:\/\/www.fmed.uba.ar\/\">www.fmed.uba.ar<\/a><\/p>\n\n\n\n<p>Si ya sos alumno de la tecnicatura, la inscripci\u00f3n a las materias las realiz\u00e1s en:&nbsp;<a href=\"https:\/\/web.archive.org\/web\/20220419203809\/http:\/\/www.inscripcion.fmed.uba.ar\/\">www.inscripcion.fmed.uba.ar<\/a><\/p>\n\n\n\n<p>Si todav\u00eda no sos alumno de la tecnicatura, deber\u00e1s cumplir con los siguientes requisitos y documentaci\u00f3n:<\/p>\n\n\n\n<p><strong>REQUISITOS:<\/strong><br>Tener aprobadas las asignaturas del Ciclo B\u00e1sico Com\u00fan:<br>\u2022 Trabajo y Sociedad (o Intr. al Conocimiento de la Sociedad y el Estado).<br>\u2022 F\u00edsica e Introducci\u00f3n a la Biof\u00edsica.<br>\u2022 Qu\u00edmica.<\/p>\n\n\n\n<p><br><strong>DOCUMENTACION IMPRESCINDIBLE:<\/strong><br>1) Fotocopia del t\u00edtulo secundario legalizada por la U.B.A. (Uriburu 950-CABA, lunes a viernes de 9:00 a 16:00 horas. Es necesario solicitar turno en el d\u00eda en www.legalizacionesturnos.rec.uba.ar)<br>2) 2 fotocopias de las dos primeras hojas del Documento Nacional de Identidad, o 2 fotocopias ampliadas de ambas caras si ten\u00e9s el DNI nuevo (en las dos, escrib\u00ed bien grande el n\u00famero de formulario que figura en medio del mismo, debajo del logo de la Facultad). Los extranjeros deber\u00e1n agregar, en el primer caso, las hojas de las renovaciones de la residencia y, en el segundo caso, comprobante de la renovaci\u00f3n de residencia.<br>3) Fotocopia de la libreta del Ciclo B\u00e1sico Com\u00fan<br>4) Dos fotos 4\u00d74<br>5) Toda la documentaci\u00f3n deber\u00e1 depositarse durante el periodo de inscripci\u00f3n en los buzones de la Direcci\u00f3n de Admisi\u00f3n (1\u00ba subsuelo de la Facultad de Medicina) en una carpeta de cartulina tama\u00f1o oficio con broche de dos orificios.<\/p>\n\n\n\n<p><strong>IMPORTANTE:<\/strong><br>\u2022 Consignar correctamente los datos de la direcci\u00f3n de e-mail. Cualquier inconveniente con la documentaci\u00f3n presentada o envi\u00f3 de informaci\u00f3n de la Carrera ser\u00e1 enviada a ese medio.<br>\u2022 A las 72 horas h\u00e1biles podr\u00e1s constatar tu inscripci\u00f3n en www.inscripcion.fmed.uba.ar ingresando tu n\u00famero de DNI en los casilleros \u201cLU\u201d y \u201cClave\u201d.<br>\u2022 Con motivo de la inscripci\u00f3n a la Tecnicatura, se te asignar\u00e1n autom\u00e1ticamente las 4 asignaturas del 1\u00ba A\u00f1o por \u00fanica vez (ver cronograma de materias). Luego podr\u00e1s dar de baja aquellas que no desees cursar. Para las dem\u00e1s materias deber\u00e1s inscribirte a trav\u00e9s de la p\u00e1gina web.<\/p>\n\n\n\n<p>Para m\u00e1s informaci\u00f3n dirigirse a:<br>Escuela de Instrumentaci\u00f3n Quir\u00fargica (sede Facultad-Hospital de Cl\u00ednicas)<br>Hospital de Cl\u00ednicas \u201cJos\u00e9 de San Mart\u00edn\u201d. Av. C\u00f3rdoba 2351, 4\u00ba piso, sala 6.<br>Horario de atenci\u00f3n: de lunes a viernes de 8 a 13 horas.<br>T.E: 5950-9030 \/ 9028 \/ 9026<br>Mail:&nbsp;<a href=\"https:\/\/web.archive.org\/web\/20220419203809\/mailto:eiq@hospitaldeclinicas.uba.ar\"><\/a><a href=\"https:\/\/web.archive.org\/web\/20220419203809\/mailto:instrumentacionquirurgica@fmed.uba.ar\" target=\"_blank\" rel=\"noreferrer noopener\">instrumentacionquirurgica@fmed.uba.ar<\/a>.<\/p>\n","protected":false},"excerpt":{"rendered":"<p>Tecnicatura Universitaria en Instrumentaci\u00f3n Quir\u00fargicaFacultad de Medicina. Universidad de Buenos Aires La Tecnicatura Universitaria en Instrumentaci\u00f3n Quir\u00fargica de la Facultad de Medicina de la Universidad de Buenos Aires es una carrera para ambos sexos y es gratuita. La instrumentaci\u00f3n quir\u00fargica requiere de profesionales con un alto nivel de formaci\u00f3n, caracterizados por el dominio de conocimientos&hellip;<\/p>\n","protected":false},"author":6,"featured_media":0,"parent":0,"menu_order":0,"comment_status":"closed","ping_status":"closed","template":"","meta":{"footnotes":""},"class_list":["post-551","page","type-page","status-publish","hentry"],"aioseo_notices":[],"_links":{"self":[{"href":"https:\/\/www.hospitaldeclinicas.uba.ar\/index.php?rest_route=\/wp\/v2\/pages\/551","targetHints":{"allow":["GET"]}}],"collection":[{"href":"https:\/\/www.hospitaldeclinicas.uba.ar\/index.php?rest_route=\/wp\/v2\/pages"}],"about":[{"href":"https:\/\/www.hospitaldeclinicas.uba.ar\/index.php?rest_route=\/wp\/v2\/types\/page"}],"author":[{"embeddable":true,"href":"https:\/\/www.hospitaldeclinicas.uba.ar\/index.php?rest_route=\/wp\/v2\/users\/6"}],"replies":[{"embeddable":true,"href":"https:\/\/www.hospitaldeclinicas.uba.ar\/index.php?rest_route=%2Fwp%2Fv2%2Fcomments&post=551"}],"version-history":[{"count":1,"href":"https:\/\/www.hospitaldeclinicas.uba.ar\/index.php?rest_route=\/wp\/v2\/pages\/551\/revisions"}],"predecessor-version":[{"id":552,"href":"https:\/\/www.hospitaldeclinicas.uba.ar\/index.php?rest_route=\/wp\/v2\/pages\/551\/revisions\/552"}],"wp:attachment":[{"href":"https:\/\/www.hospitaldeclinicas.uba.ar\/index.php?rest_route=%2Fwp%2Fv2%2Fmedia&parent=551"}],"curies":[{"name":"wp","href":"https:\/\/api.w.org\/{rel}","templated":true}]}}