{"id":546,"date":"2023-05-08T15:41:20","date_gmt":"2023-05-08T15:41:20","guid":{"rendered":"https:\/\/www.hospitaldeclinicas.uba.ar\/?page_id=546"},"modified":"2023-08-01T14:51:45","modified_gmt":"2023-08-01T14:51:45","slug":"programa-de-perfeccionamiento-posbasico-fellowship-de-especializacion","status":"publish","type":"page","link":"https:\/\/www.hospitaldeclinicas.uba.ar\/?page_id=546","title":{"rendered":"Programa de Perfeccionamiento Posb\u00e1sico: Fellowship de especializaci\u00f3n"},"content":{"rendered":"\n<p><strong>Fellowship<\/strong><br>Se trata de un sistema de formaci\u00f3n posb\u00e1sica, que est\u00e1 dirigido a<br>los profesionales que al finalizar la residencia o la concurrencia, tienen<br>intenciones de completar su formaci\u00f3n.<br>En el caso de los programas ofrecidos por el hospital, no cuentan<br>con remuneraci\u00f3n ni costo.<br>La duraci\u00f3n es variable seg\u00fan la orientaci\u00f3n elegida. <br>Se trata de capacitaciones muy espec\u00edficas en un campo determinado de estudio.<br>Se ofrecen tres posibilidades de capacitaci\u00f3n.<\/p>\n\n\n\n<p>a- <strong>Fellowship de Especializaci\u00f3n.<\/strong><br>El fellowship de especializaci\u00f3n est\u00e1 dirigido a profesionales que<br>han terminado la formaci\u00f3n b\u00e1sica en los \u00faltimos 3 a\u00f1os. El objetivo es<br>desarrollar una formaci\u00f3n completa en una especialidad o subespecialidad.<br>Los Servicios confeccionar\u00e1n un programa detallado de la<br>actividad formativa, objetivos, contenidos te\u00f3ricos-pr\u00e1cticos, estrategias y<br>recursos materiales y humanos para desarrollar un proceso de formaci\u00f3n<br>integral. Una vez aprobado el programa por la Direcci\u00f3n de Docencia e<br>Investigaci\u00f3n se podr\u00e1 abrir el concurso.<br>Los aspirantes deber\u00e1n desarrollar durante el fellowship un<br>trabajo de investigaci\u00f3n presentado durante el proceso de selecci\u00f3n de<br>aspirantes.<br>Dicho proyecto trabajo deber\u00e1 ser presentado a la Divisi\u00f3n Asesor\u00eda<br>Cient\u00edfica, con la suficiente antelaci\u00f3n para ser corregido y desarrollado por<br>el aspirante, requiriendo la aprobaci\u00f3n del mismo para ser presentado en la<br>inscripci\u00f3n y defendido en el concurso.<br>La duraci\u00f3n del fellowship de especializaci\u00f3n es de un a\u00f1o con<br>opci\u00f3n a dos por solicitud del responsable del programa.<\/p>\n\n\n\n<p>El concurso se realizar\u00e1 anualmente. El jurado estar\u00e1 compuesto<br>por un representante de la Direcci\u00f3n de Docencia e Investigaci\u00f3n y el Jefe<br>de Departamento o Divisi\u00f3n. El mismo consistir\u00e1 en antecedentes<br>personales, una entrevista personal y evaluaci\u00f3n y defensa del proyecto de<br>investigaci\u00f3n presentado por el aspirante.<\/p>\n\n\n\n<p>La designaci\u00f3n ser\u00e1 realizada por la Direcci\u00f3n Asociada de<br>Gesti\u00f3n Administrativa de Personal.<br><strong>Requisitos de inscripci\u00f3n:<\/strong><br>-Curr\u00edculum.<br>-Fotocopia de DNI, matr\u00edcula profesional y t\u00edtulo profesional.<br>-Certificado de formaci\u00f3n b\u00e1sica completa (residencia, concurrencia o<br>carrera de especialista)<br>Seguro de responsabilidad civil (mala praxis)<br>Seguro de accidentes personales.<br>-Proyecto de trabajo de investigaci\u00f3n, que debe contar con la aprobaci\u00f3n de<br>Asesor\u00eda Cient\u00edfica y del Comit\u00e9 de \u00c9tica del Hospital.<br>Al finalizar, el fellow deber\u00e1 presentar los resultados del trabajo de<br>Investigaci\u00f3n junto con una nota firmada por el Jefe de Departamento o<br>Divisi\u00f3n donde certifica que ha cumplido los objetivos del programa. El<br>trabajo ser\u00e1 corregido y aprobado por la Direcci\u00f3n de Docencia.<br>Al finalizar se extender\u00e1 el diploma correspondiente.<br><\/p>\n\n\n\n<h2 class=\"wp-block-heading\">Cronograma de Concurso de Fellow Ship 2023<\/h2>\n\n\n\n<p>1- Presentaci\u00f3n del proyecto de trabajo de investigaci\u00f3n en Asesor\u00eda Cient\u00edfica<br>(7mo. piso frente a la Direcci\u00f3n de Docencia e Investigaci\u00f3n) con el objeto de<br>desarrollar metodol\u00f3gicamente dicho proyecto para su presentaci\u00f3n en la<br>inscripci\u00f3n.<br>La fecha l\u00edmite e IMPRORROGABLE de la presentaci\u00f3n es el 13 de<br>septiembre de 2023.<\/p>\n\n\n\n<p>2- Preinscripci\u00f3n: consistir\u00e1 en enviar a la direcci\u00f3n:<br>honorariosclinicas@gmail.com un mail con la documentaci\u00f3n solicitada para la<br>inscripci\u00f3n. La misma debe estar COMPLETA, no se reconocer\u00e1n<br>preinscripciones con documentaci\u00f3n incompleta.<\/p>\n\n\n\n<p>La fecha de preinscripci\u00f3n es del 2 de Octubre al 6 de Octubre de 2023.<br>3- Inscripci\u00f3n: se realizar\u00e1 en la Direcci\u00f3n de Docencia e Investigaci\u00f3n (7mo. piso)<br>donde se deber\u00e1 llenar un formulario de inscripci\u00f3n y presentar el proyecto de<br>trabajo de investigaci\u00f3n aprobado por Asesor\u00eda Cient\u00edfica.<br>La fecha de inscripci\u00f3n es del 23 de Octubre al 28 de Octubre de 2023.<br>4- Concurso: se realizar\u00e1 en la Direcci\u00f3n de Docencia e Investigaci\u00f3n (7mo. piso)<br>y consistir\u00e1 en una entrevista personal y la evaluaci\u00f3n del trabajo de<br>investigaci\u00f3n.<br>El Jurado estar\u00e1 conformado por un representante de la Direcci\u00f3n de<br>Docencia e Investigaci\u00f3n, el Jefe de Departamento o Divisi\u00f3n y el Jefe del \u00c1rea<br>correspondiente.<br>La fecha de los concursos es del 1 de noviembre al 17 de noviembre de<br>2023.<br>5- Nombramiento: ser\u00e1 realizado por la Direcci\u00f3n de Personal y ser\u00e1 por un a\u00f1o<br>con opci\u00f3n a una pr\u00f3rroga por un a\u00f1o.<\/p>\n\n\n\n<p>b)<strong> Fellowship de perfeccionamiento.<\/strong><br>Est\u00e1 dirigido a profesionales que han finalizado su sistema de<br>formaci\u00f3n b\u00e1sica o posb\u00e1sica (residencia, concurrencia o beca) en los<br>\u00faltimos tres a\u00f1os, y quieren continuar concurriendo al hospital para<br>desarrollar una actividad en el servicio con el objeto de completar su<br>formaci\u00f3n.<br>Se elabora un plan de actividades personalizado a desarrollar durante<br>dos a cuatro a\u00f1os que dura el nombramiento.<br>La Divisi\u00f3n Concurrencias y Becas recibe las solicitudes de<br>designaci\u00f3n por parte de las Divisiones, eval\u00faa el proyecto de actividades y<br>canaliza el nombramiento por parte de la Direcci\u00f3n Asociada de Gesti\u00f3n<br>Administrativa de Personal. Al finalizar el programa y previa evaluaci\u00f3n,<br>se emite el certificado correspondiente.<\/p>\n\n\n\n<p>c- <strong>Fellowship de investigaci\u00f3n.<\/strong><br>Est\u00e1 dirigido a profesionales con o sin formaci\u00f3n en investigaci\u00f3n<br>que quieren desarrollar un proyecto de investigaci\u00f3n en el Hospital. Dicho<br>proyecto debe ser evaluado por la Divisi\u00f3n Concurrencias y Becas, por la<br>Divisi\u00f3n Farmacolog\u00eda Cl\u00ednica y por el Comit\u00e9 de Bio\u00e9tica.<br>El nombramiento se prolonga hasta la concreci\u00f3n del trabajo con un tiempo m\u00e1ximo de cinco a\u00f1os.<\/p>\n\n\n\n<p>\u2013 \u2013 \u2013 \u2013 \u2013 \u2013 \u2013 \u2013 \u2013 \u2013<br><strong>Divisi\u00f3n Concurrencias Honorarias<br>Direcci\u00f3n de Docencia e Investigaci\u00f3n<\/strong><br>Hospital de Cl\u00ednicas \u201cJos\u00e9 de San Mart\u00edn\u201d<br>Av. C\u00f3rdoba 2351, 7\u00ba piso, Ciudad Aut\u00f3noma de Buenos Aires (C1120AAR)<br>5950-8968<br><a href=\"https:\/\/web.archive.org\/web\/20220419203752\/mailto:dirdoc@hospitaldeclinicas.uba.ar\">dirdoc@hospitaldeclinicas.uba.ar<\/a><\/p>\n","protected":false},"excerpt":{"rendered":"<p>FellowshipSe trata de un sistema de formaci\u00f3n posb\u00e1sica, que est\u00e1 dirigido alos profesionales que al finalizar la residencia o la concurrencia, tienenintenciones de completar su formaci\u00f3n.En el caso de los programas ofrecidos por el hospital, no cuentancon remuneraci\u00f3n ni costo.La duraci\u00f3n es variable seg\u00fan la orientaci\u00f3n elegida. Se trata de capacitaciones muy espec\u00edficas en un&hellip;<\/p>\n","protected":false},"author":6,"featured_media":0,"parent":0,"menu_order":0,"comment_status":"closed","ping_status":"closed","template":"","meta":{"footnotes":""},"class_list":["post-546","page","type-page","status-publish","hentry"],"aioseo_notices":[],"_links":{"self":[{"href":"https:\/\/www.hospitaldeclinicas.uba.ar\/index.php?rest_route=\/wp\/v2\/pages\/546","targetHints":{"allow":["GET"]}}],"collection":[{"href":"https:\/\/www.hospitaldeclinicas.uba.ar\/index.php?rest_route=\/wp\/v2\/pages"}],"about":[{"href":"https:\/\/www.hospitaldeclinicas.uba.ar\/index.php?rest_route=\/wp\/v2\/types\/page"}],"author":[{"embeddable":true,"href":"https:\/\/www.hospitaldeclinicas.uba.ar\/index.php?rest_route=\/wp\/v2\/users\/6"}],"replies":[{"embeddable":true,"href":"https:\/\/www.hospitaldeclinicas.uba.ar\/index.php?rest_route=%2Fwp%2Fv2%2Fcomments&post=546"}],"version-history":[{"count":5,"href":"https:\/\/www.hospitaldeclinicas.uba.ar\/index.php?rest_route=\/wp\/v2\/pages\/546\/revisions"}],"predecessor-version":[{"id":916,"href":"https:\/\/www.hospitaldeclinicas.uba.ar\/index.php?rest_route=\/wp\/v2\/pages\/546\/revisions\/916"}],"wp:attachment":[{"href":"https:\/\/www.hospitaldeclinicas.uba.ar\/index.php?rest_route=%2Fwp%2Fv2%2Fmedia&parent=546"}],"curies":[{"name":"wp","href":"https:\/\/api.w.org\/{rel}","templated":true}]}}