{"id":540,"date":"2023-05-08T15:37:13","date_gmt":"2023-05-08T15:37:13","guid":{"rendered":"https:\/\/www.hospitaldeclinicas.uba.ar\/?page_id=540"},"modified":"2023-05-11T14:48:24","modified_gmt":"2023-05-11T14:48:24","slug":"residencias","status":"publish","type":"page","link":"https:\/\/www.hospitaldeclinicas.uba.ar\/?page_id=540","title":{"rendered":"Residencias"},"content":{"rendered":"\n<p>La residencia constituye un sistema de formaci\u00f3n integral de posgrado en servicio,<br>remunerado, cuyo objetivo principal es la capacitaci\u00f3n y formaci\u00f3n de profesionales altamente<br>capacitados, mediante la realizaci\u00f3n de actividades con grados decrecientes de supervisi\u00f3n.<br>Promueve un aprendizaje en diferentes escenarios de la pr\u00e1ctica, mediante un trabajo<br>interdisciplinario y siguiendo un programa docente preestablecido con planificaci\u00f3n de todas<br>las actividades.<\/p>\n\n\n\n<p><br>Al final del per\u00edodo de capacitaci\u00f3n se pretende, y se deben lograr, los conocimientos,<br>habilidades y actitudes necesarias para desempe\u00f1arse con elevado nivel \u00e9tico y profesional en<br>las distintas especialidades.<\/p>\n\n\n\n<h4 class=\"wp-block-heading has-text-align-center\"><strong>Ingreso a Residencias M\u00e9dicas y del Equipo de Salud 2023<\/strong><\/h4>\n\n\n\n<p>Las residencias del Hospital de Cl\u00ednicas forman parte integrante de la oferta de residencias<br>de la Facultad de Medicina de la Universidad de Buenos Aires.<br>Inicio de actividades: 1 de septiembre.<\/p>\n\n\n\n<p><strong>Residencias b\u00e1sicas<br><\/strong>Concurso: Se realiza en forma \u00edntegra mediante la Facultad de Medicina<\/p>\n\n\n\n<p>www.fmed.uba.ar<\/p>\n\n\n\n<p>Inmediatamente luego de la adjudicaci\u00f3n, los postulantes que hayan obtenido un puesto en el<br>Hospital de Cl\u00ednicas deber\u00e1n presentarse en la Direcci\u00f3n Asociada de Docencia e Investigaci\u00f3n<br>del Hospital (av. C\u00f3rdoba 2351, 7mo piso) con la siguiente documentaci\u00f3n:<br>-DNI.<br>-Matr\u00edcula profesional habilitante.<br>-Constancia de adjudicaci\u00f3n.<br>Cualquier comunicaci\u00f3n adicional se realizar\u00e1 mediante correo electr\u00f3nico por lo cual<br>solicitamos ingresar un mail v\u00e1lido al momento de la inscripci\u00f3n.<br><strong>Vacantes:<\/strong><\/p>\n\n\n\n<ul class=\"wp-block-list\">\n<li>Anatom\u00eda patol\u00f3gica: 2 cargos<\/li>\n\n\n\n<li>Anestesiolog\u00eda: 3 cargos<\/li>\n\n\n\n<li>Cirug\u00eda general: 4 cargos<\/li>\n\n\n\n<li>Cl\u00ednica m\u00e9dica: 20 cargos<\/li>\n\n\n\n<li>Dermatolog\u00eda: 2 cargos<\/li>\n\n\n\n<li>Diagn\u00f3stico por im\u00e1genes: 2 cargos<\/li>\n\n\n\n<li>Endocrinolog\u00eda: 2 cargos<\/li>\n\n\n\n<li>Enfermer\u00eda en salud del adulto: 2 cargos<\/li>\n\n\n\n<li>Enfermer\u00eda en salud materno infantil y del adolescente: 2 puestos<\/li>\n\n\n\n<li>Farmacia cl\u00ednica: 3 cargos<\/li>\n\n\n\n<li>Fonoaudiolog\u00eda: 3 cargos<\/li>\n\n\n\n<li>Gastroenterolog\u00eda: 2 cargos<\/li>\n\n\n\n<li>Hematolog\u00eda: 2 cargos<\/li>\n\n\n\n<li>Kinesiolog\u00eda: 4 cargos<\/li>\n\n\n\n<li>Nefrolog\u00eda: 2 cargos<\/li>\n\n\n\n<li>Neurocirug\u00eda: 1 cargo<\/li>\n\n\n\n<li>Neurolog\u00eda: 2 cargos<\/li>\n\n\n\n<li>Nutricionistas: 3 cargos<\/li>\n\n\n\n<li>Oftalmolog\u00eda: 2 cargos<\/li>\n\n\n\n<li>Ortopedia y traumatolog\u00eda: 4 cargos<\/li>\n\n\n\n<li>Otorrinolaringolog\u00eda: 3 cargos<\/li>\n\n\n\n<li>Pediatr\u00eda: 3 cargos<\/li>\n\n\n\n<li>Psiquiatr\u00eda: 3 cargos<\/li>\n\n\n\n<li>Terapia intensiva: 4 cargos<\/li>\n\n\n\n<li>Tocoginecolog\u00eda: 4 cargos<\/li>\n\n\n\n<li>Trabajo social: 2 cargos<\/li>\n\n\n\n<li>Urolog\u00eda: 3 cargos<\/li>\n\n\n\n<li>Residencias post b\u00e1sicas<br><br><strong>Concurso:<br><\/strong>El concurso para acceder a una Residencia Posb\u00e1sica consta de las siguientes instancias, todas<br>necesarias y obligatorias:<br>1-Inscripci\u00f3n online: www.fmed.uba.ar del 8 al 24 de mayo de 2023.<br>2-Env\u00edo de documentaci\u00f3n respaldatoria v\u00eda e-mail a resiclinicasdocumentacion@gmail.com<br>del 5 de junio al 20 de julio de 2023:<\/li>\n<\/ul>\n\n\n\n<p><strong>Importante:<\/strong> El asunto del correo electr\u00f3nico debe estar confeccionado de la siguiente manera:<br>APELLIDO-NOMBRE-ESPECIALIDAD-DOCUMENTACION<br>(Ejemplo: PEREZ,JUAN-REUMATOLOG\u00cdA-DOCUMENTACION)<\/p>\n\n\n\n<p>Se deber\u00e1 incluir la siguiente documentaci\u00f3n en PDF en archivos individuales. No se recibir\u00e1<br>documentaci\u00f3n que no cumpla este requisito.<br>*DNI (frente y dorso)<br>*T\u00edtulo de M\u00e9dico<br>*Matr\u00edcula profesional habilitante<br>*Constancia de residencia b\u00e1sica completa<br>*Curriculum vitae.<br>*Constancia de inscripci\u00f3n online.<br>3-Habilitados para rendir el examen te\u00f3rico-pr\u00e1ctico<br>Los postulantes que hayan cumplimentado los pasos anteriores en tiempo y forma recibir\u00e1n<br>v\u00eda mail una constancia que as\u00ed lo acredite y que deber\u00e1n traer el d\u00eda del examen.<\/p>\n\n\n\n<p>Antes del 26 de julio<br>4-Examen te\u00f3rico- pr\u00e1ctico: 31 de julio al 4 de agosto<br>El d\u00eda y la hora exactos se determinar\u00e1n por los respectivos servicios.<br>5-Orden de m\u00e9rito:<br>Se publicar\u00e1 en la cartelera de la Direcci\u00f3n de Docencia e Investigaci\u00f3n:<br>Provisorio 22 de agosto<br>Apelaciones 23 de agosto<br>Orden de m\u00e9rito definitivo 25 de agosto<br>6- Adjudicaci\u00f3n de cargos<br>Se llevar\u00e1 a cabo en el Aula 70 del hospital 28 de agosto a partir de las 9 horas.<br>Cualquier comunicaci\u00f3n adicional se realizar\u00e1 mediante correo electr\u00f3nico por lo cual<br>solicitamos ingresar un mail v\u00e1lido al momento de la inscripci\u00f3n.<br><strong>Vacantes:<\/strong><\/p>\n\n\n\n<p><\/p>\n\n\n\n<ul class=\"wp-block-list\">\n<li>Angiolog\u00eda general y hemodinamia: 1 cargo<\/li>\n\n\n\n<li>Cardiolog\u00eda: 4 cargos<\/li>\n\n\n\n<li>Cirug\u00eda pl\u00e1stica y reparadora: 2 cargos<\/li>\n\n\n\n<li>Cirug\u00eda tor\u00e1cica: 1 cargo<\/li>\n\n\n\n<li>Cirug\u00eda vascular perif\u00e9rica: 1 cargo<\/li>\n\n\n\n<li>Hematolog\u00eda: 2 cargos<\/li>\n\n\n\n<li>Infectolog\u00eda: 2 cargos<\/li>\n\n\n\n<li>Neumonolog\u00eda: 2 cargos<\/li>\n\n\n\n<li>Reumatolog\u00eda: 2 cargos<\/li>\n\n\n\n<li>Nutrici\u00f3n: 1 cargo<\/li>\n<\/ul>\n","protected":false},"excerpt":{"rendered":"<p>La residencia constituye un sistema de formaci\u00f3n integral de posgrado en servicio,remunerado, cuyo objetivo principal es la capacitaci\u00f3n y formaci\u00f3n de profesionales altamentecapacitados, mediante la realizaci\u00f3n de actividades con grados decrecientes de supervisi\u00f3n.Promueve un aprendizaje en diferentes escenarios de la pr\u00e1ctica, mediante un trabajointerdisciplinario y siguiendo un programa docente preestablecido con planificaci\u00f3n de todaslas actividades.&hellip;<\/p>\n","protected":false},"author":6,"featured_media":0,"parent":0,"menu_order":0,"comment_status":"closed","ping_status":"closed","template":"","meta":{"footnotes":""},"class_list":["post-540","page","type-page","status-publish","hentry"],"aioseo_notices":[],"_links":{"self":[{"href":"https:\/\/www.hospitaldeclinicas.uba.ar\/index.php?rest_route=\/wp\/v2\/pages\/540","targetHints":{"allow":["GET"]}}],"collection":[{"href":"https:\/\/www.hospitaldeclinicas.uba.ar\/index.php?rest_route=\/wp\/v2\/pages"}],"about":[{"href":"https:\/\/www.hospitaldeclinicas.uba.ar\/index.php?rest_route=\/wp\/v2\/types\/page"}],"author":[{"embeddable":true,"href":"https:\/\/www.hospitaldeclinicas.uba.ar\/index.php?rest_route=\/wp\/v2\/users\/6"}],"replies":[{"embeddable":true,"href":"https:\/\/www.hospitaldeclinicas.uba.ar\/index.php?rest_route=%2Fwp%2Fv2%2Fcomments&post=540"}],"version-history":[{"count":4,"href":"https:\/\/www.hospitaldeclinicas.uba.ar\/index.php?rest_route=\/wp\/v2\/pages\/540\/revisions"}],"predecessor-version":[{"id":580,"href":"https:\/\/www.hospitaldeclinicas.uba.ar\/index.php?rest_route=\/wp\/v2\/pages\/540\/revisions\/580"}],"wp:attachment":[{"href":"https:\/\/www.hospitaldeclinicas.uba.ar\/index.php?rest_route=%2Fwp%2Fv2%2Fmedia&parent=540"}],"curies":[{"name":"wp","href":"https:\/\/api.w.org\/{rel}","templated":true}]}}