{"id":4806,"date":"2024-07-17T12:04:46","date_gmt":"2024-07-17T15:04:46","guid":{"rendered":"https:\/\/www.hospitaldeclinicas.uba.ar\/?page_id=4806"},"modified":"2024-07-17T12:04:47","modified_gmt":"2024-07-17T15:04:47","slug":"el-clinicas-fue-nuevamente-reconocido-como-uno-de-los-mejores-hospitales-en-un-ranking-internacional","status":"publish","type":"page","link":"https:\/\/www.hospitaldeclinicas.uba.ar\/?page_id=4806","title":{"rendered":"El Cl\u00ednicas fue nuevamente reconocido como uno de los mejores hospitales en un ranking internacional"},"content":{"rendered":"\n<figure class=\"wp-block-image size-full\"><img loading=\"lazy\" decoding=\"async\" width=\"6912\" height=\"3456\" src=\"https:\/\/www.hospitaldeclinicas.uba.ar\/wp-content\/uploads\/2024\/07\/Diseno-sin-titulo.png\" alt=\"\" class=\"wp-image-4357\"\/><\/figure>\n\n\n\n<ul class=\"wp-block-list\">\n<li><strong>Fue destacado entre los principales hospitales de la regi\u00f3n por su infraestructura para un alto volumen de procedimientos.\u00a0\u00a0<\/strong><\/li>\n\n\n\n<li><strong>Entre los centros de salud nacionales, tiene las cantidades m\u00e1s altas de equipos quir\u00fargicos b\u00e1sicos.\u00a0<\/strong><\/li>\n\n\n\n<li><strong>Se posicion\u00f3 una vez m\u00e1s como el hospital p\u00fablico nacional mejor equipado para la imagenolog\u00eda diagn\u00f3stica avanzada<\/strong>.<\/li>\n<\/ul>\n\n\n\n<p>El Hospital de Cl\u00ednicas \u201cJos\u00e9 de San Mart\u00edn\u201d fue destacado en la nueva edici\u00f3n de HospiRank, el relevamiento que hace cada a\u00f1o Global Health Intelligence, la empresa de investigaci\u00f3n del mercado de salud en Latinoam\u00e9rica. A escala regional, sobresali\u00f3 por su infraestructura para un alto volumen de procedimientos m\u00e9dicos. A escala regional, se ubic\u00f3 entre los principales hospitales junto a instituciones de M\u00e9xico y Brasil en la categor\u00eda \u201cLa mejor infraestructura para un alto volumen de procedimientos m\u00e9dicos\u201d.&nbsp;<\/p>\n\n\n\n<p>\u201cNos enorgullece volver a estar entre los mejores hospitales p\u00fablicos a nivel nacional e internacional. Adem\u00e1s de estas categor\u00edas que destacan nuestra infraestructura y equipamiento, el Cl\u00ednicas tiene como principal recurso al personal humano que se dedica a la parte asistencial, a la docencia e investigaci\u00f3n bajo niveles de excelencia, y que merece seguir siendo reconocido en todo aspecto\u201d, sostuvo el Prof. Dr. Marcelo Melo, Director del hospital-escuela que forma parte de la Universidad de Buenos Aires.<\/p>\n\n\n\n<p><img loading=\"lazy\" decoding=\"async\" src=\"https:\/\/lh7-us.googleusercontent.com\/docsz\/AD_4nXcONYxm8qGcKAAtv_U70jcurEk266D_rlFoSwFnDe4S6_YlqpZUMDVV9O5qWoLjUvvSbDLUb-CG1x3MAXW0wMiv7yOKOR8qGca_LXa2wjXwubR3YbB7-_lUYeXm9ZD4xKSJTk74MuMMDZMNjx5FDL2AuGgY?key=AYUXuCFzcZLmEsiF-v7JXQ\" width=\"504\" height=\"335\"><br>Circulan diariamente por el Hospital de Cl\u00ednicas de la Universidad de Buenos Aires m\u00e1s de 10.000 personas.<\/p>\n\n\n\n<p>En lo que respecta a Argentina, el \u201cJos\u00e9 de San Mart\u00edn\u201d mantiene el primer puesto entre los nosocomios p\u00fablicos con la mayor infraestructura para un alto volumen de procedimientos -con 30 quir\u00f3fanos-, las cantidades m\u00e1s altas de equipos quir\u00fargicos b\u00e1sicos -31 mesas quir\u00fargicas, 32 electrocauterios y 25 m\u00e1quinas de anestesia-.&nbsp;<\/p>\n\n\n\n<p>Adem\u00e1s, el Cl\u00ednicas se posicion\u00f3 una vez m\u00e1s, a escala nacional, como el hospital p\u00fablico mejor equipado para la imagenolog\u00eda diagn\u00f3stica avanzada. Al respecto, desde fines de 2023 cuenta con un nuevo resonador multiprop\u00f3sito para realizar diagn\u00f3sticos para patolog\u00edas de distintas ramas de la medicina en especialidades que van desde la neurolog\u00eda, a la cardiolog\u00eda y oncolog\u00eda, entre otras.&nbsp;<\/p>\n\n\n\n<p><img loading=\"lazy\" decoding=\"async\" src=\"https:\/\/lh7-us.googleusercontent.com\/docsz\/AD_4nXc8gM5hbi9QQP0gXfy962ojzzMMwMYmAwXumgG0iVP4mT12MMbbZTdTUGbnAASj_byTOeqVLr7QxJ6TSRtgg6uQcAeapWuCY7NqTj6nOaY5VFpcvq2DpENhyUa2MXIEQwMQdqxfW14qUfiFzxXKIBBOmHzn?key=AYUXuCFzcZLmEsiF-v7JXQ\" width=\"501\" height=\"374\"><br>La llegada del resonador Philips Ingenia 1.5T Evolution fue posible a partir de un trabajo en conjunto entre la UBA,<br>la Facultad de Medicina y el Ministerio de Salud de la Naci\u00f3n en 2023.<\/p>\n\n\n\n<p>Este equipo de \u00faltima generaci\u00f3n permite reducir un 50% el tiempo de cada estudio y cuenta con una cabina con un di\u00e1metro mayor a lo convencional mejorando considerablemente la experiencia del paciente. Adem\u00e1s el hospital cuenta con otra m\u00e1quina de resonancia magn\u00e9tica, 1 angi\u00f3grafo, 2 c\u00e1maras gamma, 1 densit\u00f3metro \u00f3seo y 4 arcos en C.<\/p>\n\n\n\n<p>Por otra parte, el Cl\u00ednicas obtuvo en Hospirank 2024 el segundo puesto como hospital p\u00fablico mejor equipado del pa\u00eds para pacientes de alto riesgo, con 400 bombas de infusi\u00f3n, 96 ventiladores y 117 monitores de pacientes. Y sigue formando parte del top ten de centros de salud mejor equipados para recibir pacientes y para brindar diagn\u00f3stico primario.<\/p>\n\n\n\n<p>\u201cNos proponemos seguir brindando asistencia de alta complejidad y una calidad acad\u00e9mica excepcional para que profesionales altamente capacitados asistan a los pacientes, objetivo para el cual la tecnolog\u00eda y los equipos tienen un papel central\u201d, sostiene Melo en entrevista a Global Health Intelligence.<\/p>\n\n\n\n<p>Circulan diariamente por el Cl\u00ednicas m\u00e1s de 10.000 personas entre pacientes, familiares, m\u00e9dicos, docentes, alumnos y todo el resto del personal. Se registra que se atendieron all\u00ed hasta el 2023 inclusive m\u00e1s de 365.000 consultas al a\u00f1o y se realizaron en el mismo per\u00edodo m\u00e1s de 8000 cirug\u00edas. M\u00e1s de 1.500 alumnos de la UBA cursan en 30 c\u00e1tedras de Ciencias M\u00e9dicas y 5 de Farmacia y Bioqu\u00edmica.&nbsp;<\/p>\n\n\n\n<p>En HospiRank 2024 el Cl\u00ednicas particip\u00f3 junto a hospitales p\u00fablicos argentinos tales como el Garrahan, El Cruce y el Posadas; y privados, como el Hospital Italiano de Buenos Aires, Cl\u00ednica y Maternidad Suizo Argentina, Sanatorio G\u00fcemes y Hospital Austral. Y nosocomios de la regi\u00f3n como el Hospital Das Cl\u00ednicas da Faculdade de Medicina da Universidade de S\u00e3o Paulo (Brasil), el Hospital Cl\u00ednico Regional Dr. Guillermo Grant Benavente (Chile), el Hospital Universitario Dr. Jos\u00e9 Eleuterio Gonzalez (M\u00e9xico) y Fundaci\u00f3n Valle de Lili (Colombia).<\/p>\n\n\n\n<p>El ranking se bas\u00f3 en datos de HospiScope, la base de datos mundial de hospitales latinoamericanos, que ofrece m\u00e1s de 140 datos espec\u00edficos por hospital y abarca a casi el 90% de los hospitales de la regi\u00f3n.&nbsp;<\/p>\n","protected":false},"excerpt":{"rendered":"<p>El Hospital de Cl\u00ednicas \u201cJos\u00e9 de San Mart\u00edn\u201d fue destacado en la nueva edici\u00f3n de HospiRank, el relevamiento que hace cada a\u00f1o Global Health Intelligence, la empresa de investigaci\u00f3n del mercado de salud en Latinoam\u00e9rica. A escala regional, sobresali\u00f3 por su infraestructura para un alto volumen de procedimientos m\u00e9dicos. A escala regional, se ubic\u00f3 entre&hellip;<\/p>\n","protected":false},"author":6,"featured_media":0,"parent":0,"menu_order":0,"comment_status":"closed","ping_status":"closed","template":"","meta":{"footnotes":""},"class_list":["post-4806","page","type-page","status-publish","hentry"],"aioseo_notices":[],"_links":{"self":[{"href":"https:\/\/www.hospitaldeclinicas.uba.ar\/index.php?rest_route=\/wp\/v2\/pages\/4806","targetHints":{"allow":["GET"]}}],"collection":[{"href":"https:\/\/www.hospitaldeclinicas.uba.ar\/index.php?rest_route=\/wp\/v2\/pages"}],"about":[{"href":"https:\/\/www.hospitaldeclinicas.uba.ar\/index.php?rest_route=\/wp\/v2\/types\/page"}],"author":[{"embeddable":true,"href":"https:\/\/www.hospitaldeclinicas.uba.ar\/index.php?rest_route=\/wp\/v2\/users\/6"}],"replies":[{"embeddable":true,"href":"https:\/\/www.hospitaldeclinicas.uba.ar\/index.php?rest_route=%2Fwp%2Fv2%2Fcomments&post=4806"}],"version-history":[{"count":1,"href":"https:\/\/www.hospitaldeclinicas.uba.ar\/index.php?rest_route=\/wp\/v2\/pages\/4806\/revisions"}],"predecessor-version":[{"id":4807,"href":"https:\/\/www.hospitaldeclinicas.uba.ar\/index.php?rest_route=\/wp\/v2\/pages\/4806\/revisions\/4807"}],"wp:attachment":[{"href":"https:\/\/www.hospitaldeclinicas.uba.ar\/index.php?rest_route=%2Fwp%2Fv2%2Fmedia&parent=4806"}],"curies":[{"name":"wp","href":"https:\/\/api.w.org\/{rel}","templated":true}]}}