{"id":4037,"date":"2024-06-06T09:38:25","date_gmt":"2024-06-06T12:38:25","guid":{"rendered":"https:\/\/www.hospitaldeclinicas.uba.ar\/?page_id=4037"},"modified":"2024-06-06T09:38:26","modified_gmt":"2024-06-06T12:38:26","slug":"escoliosis-el-diagnostico-temprano-en-la-ninez-y-adolescencia-es-clave-para-cuidar-la-columna-toda-la-vida","status":"publish","type":"page","link":"https:\/\/www.hospitaldeclinicas.uba.ar\/?page_id=4037","title":{"rendered":"Escoliosis: el diagn\u00f3stico temprano en la ni\u00f1ez y adolescencia es clave para cuidar la columna toda la vida"},"content":{"rendered":"\n<p><\/p>\n\n\n\n<p><\/p>\n\n\n\n<p><strong>El 4% de los chicos tiene escoliosis y cuando no se detecta antes de que avance su crecimiento puede derivar en complicaciones severas. En el Mes de la Escoliosis, expertos del hospital-escuela convocan a una campa\u00f1a abierta de chequeos.<\/strong><\/p>\n\n\n\n<p>Junio es el Mes Internacional de la Escoliosis, una problem\u00e1tica frecuente de la columna en el desarrollo de las personas, donde los chequeos son fundamentales sobre todo en la etapa de crecimiento. De acuerdo al Dr. Andr\u00e9s Ferrero, m\u00e9dico traumat\u00f3logo especialista en patolog\u00eda de la columna del Hospital de Cl\u00ednicas de la UBA (MN 118.271), \u201cel diagn\u00f3stico temprano de esta deformidad es clave para poder realizar un tratamiento precoz\u201d.&nbsp;&nbsp;<\/p>\n\n\n\n<p>Esta alteraci\u00f3n, de origen gen\u00e9tico y generalmente indolora, es detectable a trav\u00e9s de la observaci\u00f3n como primera herramienta y la realizaci\u00f3n de una simple radiograf\u00eda (espinograma: radiograf\u00eda de la columna completa). Algunos indicios se ven a simple vista en el cuerpo de los ni\u00f1os y adolescentes, como por ejemplo \u201ccuando el paciente tiene un hombro m\u00e1s alto que el otro, la pelvis desalineada, pliegues asim\u00e9tricos en la piel de la espalda o si presenta alteraci\u00f3n en el balance de la columna\u201d, alerta Ferrero.<\/p>\n\n\n\n<p>Desde el equipo de Columna del Hospital de Cl\u00ednicas ponen el acento en la importancia de la consulta m\u00e9dica. \u201cEl m\u00e9dico pediatra o traumat\u00f3logo puede realizar el diagn\u00f3stico de escoliosis. Por eso, remarcamos la importancia de los controles en el crecimiento y las campa\u00f1as de prevenci\u00f3n\u201d, dice el experto.<\/p>\n\n\n\n<p>A partir de ello, en el caso de que la deformidad sea leve, es necesario continuar con controles en la etapa de crecimiento. Si la deformidad avanza y se transforma en moderada, es necesario el uso de corset hasta completar la etapa. Si la escoliosis es severa, se somete a cirug\u00eda para alinear la columna y evitar a futuro problemas cardiorrespiratorios en muchos casos \u201d, explica Ferrero.&nbsp;<\/p>\n\n\n\n<p>\u201c<strong>Cuando la persona est\u00e1 cerca de la etapa de pico de crecimiento, los controles tienen que ser m\u00e1s seguidos<\/strong> porque, si hay escoliosis, su avance podr\u00eda ser m\u00e1s r\u00e1pido\u201d, aclara el especialista, quien destaca que \u201cactualmente hay m\u00e1s conciencia en los padres y por lo tanto m\u00e1s controles de ni\u00f1os sin patolog\u00eda por la prevenci\u00f3n fomentada por las campa\u00f1as de detecci\u00f3n temprana, que es lo m\u00e1s importante\u201d.&nbsp;<\/p>\n\n\n\n<p>Adem\u00e1s, los especialistas del Hospital de Cl\u00ednicas hacen hincapi\u00e9 en la <strong>relevancia de hacer actividad f\u00edsica toda la vida<\/strong>, sea cual sea, para proteger la columna, ganar masa muscular, mejorar la flexibilidad, mantenerse en forma y evitar el sobrepeso. Ante el uso creciente de la tecnolog\u00eda, reafirman la importancia de evitar el sedentarismo y las posturas viciosas.<\/p>\n\n\n\n<p>Este viernes desde las 8h en el Cl\u00ednicas (Av. C\u00f3rdoba 2351, planta baja, divisi\u00f3n Traumatolog\u00eda) se ofrecer\u00e1n chequeos gratuitos a quienes se inscriban previamente al mail <a href=\"mailto:escoliosishospitaldeclinicas@gmail.com\">escoliosishospitaldeclinicas@gmail.com<\/a>. Esta acci\u00f3n se enmarca en el Programa de prevenci\u00f3n de Escoliosis, que cumple 6 a\u00f1os de funcionamiento, con cada vez m\u00e1s personas interesadas (con un 178% m\u00e1s de consultas en 2023 respecto del a\u00f1o anterior). Se brindar\u00e1 atenci\u00f3n m\u00e9dica, a quienes todav\u00eda no tienen diagn\u00f3stico de escoliosis y control a los que ya est\u00e1n diagnosticados.<\/p>\n","protected":false},"excerpt":{"rendered":"<p>El 4% de los chicos tiene escoliosis y cuando no se detecta antes de que avance su crecimiento puede derivar en complicaciones severas. En el Mes de la Escoliosis, expertos del hospital-escuela convocan a una campa\u00f1a abierta de chequeos. Junio es el Mes Internacional de la Escoliosis, una problem\u00e1tica frecuente de la columna en el&hellip;<\/p>\n","protected":false},"author":6,"featured_media":0,"parent":0,"menu_order":0,"comment_status":"closed","ping_status":"closed","template":"","meta":{"footnotes":""},"class_list":["post-4037","page","type-page","status-publish","hentry"],"aioseo_notices":[],"_links":{"self":[{"href":"https:\/\/www.hospitaldeclinicas.uba.ar\/index.php?rest_route=\/wp\/v2\/pages\/4037","targetHints":{"allow":["GET"]}}],"collection":[{"href":"https:\/\/www.hospitaldeclinicas.uba.ar\/index.php?rest_route=\/wp\/v2\/pages"}],"about":[{"href":"https:\/\/www.hospitaldeclinicas.uba.ar\/index.php?rest_route=\/wp\/v2\/types\/page"}],"author":[{"embeddable":true,"href":"https:\/\/www.hospitaldeclinicas.uba.ar\/index.php?rest_route=\/wp\/v2\/users\/6"}],"replies":[{"embeddable":true,"href":"https:\/\/www.hospitaldeclinicas.uba.ar\/index.php?rest_route=%2Fwp%2Fv2%2Fcomments&post=4037"}],"version-history":[{"count":1,"href":"https:\/\/www.hospitaldeclinicas.uba.ar\/index.php?rest_route=\/wp\/v2\/pages\/4037\/revisions"}],"predecessor-version":[{"id":4038,"href":"https:\/\/www.hospitaldeclinicas.uba.ar\/index.php?rest_route=\/wp\/v2\/pages\/4037\/revisions\/4038"}],"wp:attachment":[{"href":"https:\/\/www.hospitaldeclinicas.uba.ar\/index.php?rest_route=%2Fwp%2Fv2%2Fmedia&parent=4037"}],"curies":[{"name":"wp","href":"https:\/\/api.w.org\/{rel}","templated":true}]}}