{"id":3744,"date":"2024-05-22T11:06:33","date_gmt":"2024-05-22T14:06:33","guid":{"rendered":"https:\/\/www.hospitaldeclinicas.uba.ar\/?page_id=3744"},"modified":"2024-05-22T11:09:11","modified_gmt":"2024-05-22T14:09:11","slug":"esclerosis-multiple-el-hospital-de-clinicas-realiza-una-serie-de-actividades-para-entender-y-tratar-mejor-esta-enfermedad","status":"publish","type":"page","link":"https:\/\/www.hospitaldeclinicas.uba.ar\/?page_id=3744","title":{"rendered":"Esclerosis M\u00faltiple: El Hospital de Cl\u00ednicas realiza una serie de actividades para entender y tratar mejor esta enfermedad\u00a0"},"content":{"rendered":"<div class=\"wp-block-image\">\n<figure class=\"aligncenter size-full\"><img loading=\"lazy\" decoding=\"async\" width=\"626\" height=\"417\" src=\"https:\/\/www.hospitaldeclinicas.uba.ar\/wp-content\/uploads\/2024\/05\/doctor-su-gabinete-mirando-cerebro-tratando-dar-diagnostico-doctor-dando-su-experiencia_482257-34601.avif\" alt=\"\" class=\"wp-image-3747\"\/><figcaption class=\"wp-element-caption\"><strong>Charlas, talleres y gu\u00edas por el D\u00eda Mundial de la Esclerosis M\u00faltiple<\/strong><br><\/figcaption><\/figure><\/div>\n\n\n<p><strong>La Esclerosis M\u00faltiple (EM) es una enfermedad cr\u00f3nica y autoinmune <\/strong><strong>que afecta al sistema nervioso central: cerebro y m\u00e9dula espinal.<\/strong><strong> Especialistas de la Secci\u00f3n Neuroinmunolog\u00eda de la Divisi\u00f3n Neurolog\u00eda del Hospital de Cl\u00ednicas de la UBA organizan charlas, talleres y gu\u00edas por un abordaje integral de una enfermedad que a\u00fan hoy es dif\u00edcil de diagnosticar.&nbsp;<\/strong><\/p>\n\n\n\n<p>Esta enfermedad hace que el sistema inmunol\u00f3gico, que normalmente se encarga de defender al organismo de agresiones externas como infecciones u otros agentes, no reconozca la mielina como propia y en consecuencia la lesione. Si la misma se destruye, la habilidad de los nervios para conducir impulsos el\u00e9ctricos desde y hacia el cerebro se interrumpe y este hecho produce la aparici\u00f3n de diferentes s\u00edntomas. Estas lesiones se producen sucesivamente en distintos momentos y zonas del sistema nervioso central, da\u00f1ando la mielina, dando lugar al nombre de la afecci\u00f3n.<\/p>\n\n\n\n<p>\u201cLa esclerosis m\u00faltiple es 2 a 3 veces m\u00e1s com\u00fan en mujeres, con un inicio de las manifestaciones cl\u00ednicas y diagn\u00f3stico entre los 20 y los 40 a\u00f1os de edad. Es una de las causas m\u00e1s frecuentes de discapacidad en gente joven, considerada como la segunda causa de discapacidad neurol\u00f3gica en este grupo etario, luego de los accidentes de tr\u00e1nsito\u201d resaltan los especialistas de la Divisi\u00f3n Neurolog\u00eda del Hospital de Cl\u00ednicas de la UBA.&nbsp;<\/p>\n\n\n\n<p>Sus s\u00edntomas son muy variables y dependen de la zona afectada del sistema nervioso. Los m\u00e1s frecuentes son: p\u00e9rdida de fuerza o sensibilidad en una o varias partes del cuerpo; p\u00e9rdida de visi\u00f3n o visi\u00f3n doble; alteraciones del equilibrio y la marcha; dificultad para coordinar los movimientos; fatiga, problemas de memoria y atenci\u00f3n y alteraciones del control de esf\u00ednteres entre los m\u00e1s comunes. Se estima que la prevalencia se ubica entre 23.8 &#8211; 48.3 casos por 100.000 habitantes. En nuestro pa\u00eds 1 de cada 3 pacientes con esclerosis m\u00faltiple no tiene empleo, el 45% sufre de ansiedad y el 50% de depresi\u00f3n.<\/p>\n\n\n\n<p>En ese sentido, en la primera de las actividades, el d\u00eda 20 de mayo de 11 a 14 hs. en el Aula 90 del piso 9 del Hospital de Cl\u00ednicas se realizar\u00e1 <strong>\u201cNavegando juntos la Esclerosis M\u00faltiple\u201d<\/strong>, encuentro que tendr\u00e1 como objetivo puntualizar en lo importante que es realizar un diagn\u00f3stico precoz para establecer el tratamiento a tiempo, se hablar\u00e1 del futuro en relaci\u00f3n a nuevas mol\u00e9culas en desarrollo, novedades y acciones para mejorar la calidad de vida de los que la padecen. Lo novedoso es que el evento es h\u00edbrido: siendo presencial para quienes puedan acercarse, y con transmisi\u00f3n en simult\u00e1neo a todo Latinoam\u00e9rica por el canal de youtube de ALCEM (Asociaci\u00f3n para pacientes con EM que estar\u00e1 coordinando la jornada). En la misma participar\u00e1n expertas\/os del Hospital de Cl\u00ednicas, Fundaci\u00f3n Favaloro, Sanatorio de los Arcos, Hospital Alem\u00e1n, Cl\u00ednica de Enfermedades Desmielinizantes de Accord Union Personal y Hospital Durand. La jornada ser\u00e1 abierta a la comunidad, Se requiere inscripci\u00f3n previa a trav\u00e9s del siguiente link: <a href=\"https:\/\/forms.gle\/ZVMTRC3vcCxjANdK9\">https:\/\/forms.gle\/ZVMTRC3vcCxjANdK9<\/a> , y al mail <a href=\"mailto:emhospitaldeclinicas@gmail.com\">emhospitaldeclinicas@gmail.com<\/a><\/p>\n\n\n\n<p>con cupos limitados<\/p>\n\n\n\n<p>\u201cPor eso para el manejo de esta enfermedad y la implementaci\u00f3n de un tratamiento oportuno, resulta clave su diagn\u00f3stico temprano y preciso. El lema de la campa\u00f1a mundial de este a\u00f1o es \u0301mi diagn\u00f3stico de esclerosis m\u00faltiple\u00b4. El objetivo del tratamiento es modificar la evoluci\u00f3n de la enfermedad, prevenir las reca\u00eddas y la discapacidad, y mejorar la calidad de vida del paciente\u201d afirma la Dra. Ver\u00f3nica Tkachuk, m\u00e9dica neur\u00f3loga de la Divisi\u00f3n de Neurolog\u00eda del Hospital de Cl\u00ednicas.&nbsp;<\/p>\n\n\n\n<p>Asimismo, el 30 de mayo coincidente con el D\u00eda Mundial de la Esclerosis M\u00faltiple , a las 9hs en el \u00c1rea de Talleres del 9no piso del Hospital, se realizar\u00e1 otra actividad abierta a la comunidad para profesionales, pacientes y familiares para despejar dudas del abordaje de la enfermedad y mitos respecto de la misma. Este evento contar\u00e1 con la presencia de destacados profesionales en el \u00e1rea del Instituto Fleni, Hospital Alem\u00e1n, Hospital de Cl\u00ednicas y la Fundaci\u00f3n EMA. Adem\u00e1s se presentar\u00e1 la revista \u201cHablemos sobre Esclerosis M\u00faltiple\u201c ilustrada por el dibujante REP. Este encuentro se transmitir\u00e1 en vivo por el IG de EMA Para inscribirse <a href=\"mailto:meugenia.balbuena@gmail.com\">meugenia.balbuena@gmail.com<\/a> cupos limitados&nbsp;<\/p>\n\n\n\n<p>\u201cLa circulaci\u00f3n social de mitos es muy com\u00fan en esta enfermedad, suele generar confusi\u00f3n y miedo entre los pacientes y sus familiares al momento del diagn\u00f3stico por eso son importantes este tipo de acciones\u201d se\u00f1ala la Dra. Eugenia Balbuena, m\u00e9dica neur\u00f3loga de la Divisi\u00f3n de Neurolog\u00eda del Hospital de Cl\u00ednicas.&nbsp;<\/p>\n\n\n\n<p>La esclerosis m\u00faltiple es una enfermedad compleja que afecta significativamente la vida de las personas que la padecen. Sin embargo, los avances en el diagn\u00f3stico y tratamiento permiten mejorar el pron\u00f3stico y la calidad de vida de los pacientes. Es fundamental el trabajo en equipo entre m\u00e9dicos de diferentes especialidades, junto con el apoyo de la familia y la comunidad, para brindar una atenci\u00f3n integral a cada paciente.<\/p>\n\n\n\n<p>La Secci\u00f3n Neuroinmunolog\u00eda del Servicio de Neurolog\u00eda del Hospital de Cl\u00ednicas se form\u00f3 en el a\u00f1o 2012 y desde entonces es un centro de referencia y derivaci\u00f3n de esta patolog\u00eda.<strong> <\/strong>Para m\u00e1s informaci\u00f3n comunicarse con la secci\u00f3n al mail <a href=\"about:blank\">pacientes.neurologia.clinicas@gmail.com<\/a>&nbsp;<\/p>\n\n\n\n<p><strong>Nuestras redes:<\/strong><\/p>\n\n\n\n<p>Web: <a href=\"https:\/\/www.hospitaldeclinicas.uba.ar\/\">Hospitaldeclinicas.uba.ar<\/a><\/p>\n\n\n\n<p>Instagram: <a href=\"https:\/\/www.instagram.com\/hospitaldeclinicasok\/\">Hospitaldeclinicasok<\/a><\/p>\n\n\n\n<p>Youtube: <a href=\"https:\/\/www.youtube.com\/@hospitaldeclinicasjdsm\">Hospitaldeclinica<\/a>sok<\/p>\n","protected":false},"excerpt":{"rendered":"<p>La Esclerosis M\u00faltiple (EM) es una enfermedad cr\u00f3nica y autoinmune que afecta al sistema nervioso central: cerebro y m\u00e9dula espinal. Especialistas de la Secci\u00f3n Neuroinmunolog\u00eda de la Divisi\u00f3n Neurolog\u00eda del Hospital de Cl\u00ednicas de la UBA organizan charlas, talleres y gu\u00edas por un abordaje integral de una enfermedad que a\u00fan hoy es dif\u00edcil de diagnosticar.&nbsp;&hellip;<\/p>\n","protected":false},"author":6,"featured_media":0,"parent":0,"menu_order":0,"comment_status":"closed","ping_status":"closed","template":"","meta":{"footnotes":""},"class_list":["post-3744","page","type-page","status-publish","hentry"],"aioseo_notices":[],"_links":{"self":[{"href":"https:\/\/www.hospitaldeclinicas.uba.ar\/index.php?rest_route=\/wp\/v2\/pages\/3744","targetHints":{"allow":["GET"]}}],"collection":[{"href":"https:\/\/www.hospitaldeclinicas.uba.ar\/index.php?rest_route=\/wp\/v2\/pages"}],"about":[{"href":"https:\/\/www.hospitaldeclinicas.uba.ar\/index.php?rest_route=\/wp\/v2\/types\/page"}],"author":[{"embeddable":true,"href":"https:\/\/www.hospitaldeclinicas.uba.ar\/index.php?rest_route=\/wp\/v2\/users\/6"}],"replies":[{"embeddable":true,"href":"https:\/\/www.hospitaldeclinicas.uba.ar\/index.php?rest_route=%2Fwp%2Fv2%2Fcomments&post=3744"}],"version-history":[{"count":2,"href":"https:\/\/www.hospitaldeclinicas.uba.ar\/index.php?rest_route=\/wp\/v2\/pages\/3744\/revisions"}],"predecessor-version":[{"id":3748,"href":"https:\/\/www.hospitaldeclinicas.uba.ar\/index.php?rest_route=\/wp\/v2\/pages\/3744\/revisions\/3748"}],"wp:attachment":[{"href":"https:\/\/www.hospitaldeclinicas.uba.ar\/index.php?rest_route=%2Fwp%2Fv2%2Fmedia&parent=3744"}],"curies":[{"name":"wp","href":"https:\/\/api.w.org\/{rel}","templated":true}]}}