{"id":3141,"date":"2024-04-04T09:58:00","date_gmt":"2024-04-04T12:58:00","guid":{"rendered":"https:\/\/www.hospitaldeclinicas.uba.ar\/?page_id=3141"},"modified":"2026-03-06T10:56:29","modified_gmt":"2026-03-06T13:56:29","slug":"oftalmologia-2","status":"publish","type":"page","link":"https:\/\/www.hospitaldeclinicas.uba.ar\/?page_id=3141","title":{"rendered":""},"content":{"rendered":"<div class=\"wp-block-image\">\n<figure class=\"aligncenter size-full\"><img loading=\"lazy\" decoding=\"async\" width=\"500\" height=\"100\" src=\"https:\/\/www.hospitaldeclinicas.uba.ar\/wp-content\/uploads\/2024\/04\/Reumatologia-1.png\" alt=\"\" class=\"wp-image-3146\"\/><\/figure><\/div>\n\n\n<h2 class=\"wp-block-heading\">CORNEA<\/h2>\n\n\n\n<p><br>Jefe: Dr. Federico Cremona<br>Staff: Dra. Tatiana Francisco<br>         Dra. Eugenia Paez Soria<\/p>\n\n\n\n<p>Atenci\u00f3n lunes y mi\u00e9rcoles:  8 -12 HS.<br>Turnos: solo presencial : Lunes Martes Jueves y viernes de 8 a 12 HS \u00b7 3 piso Sala 3<\/p>\n\n\n\n<h2 class=\"wp-block-heading\">GLAUCOMA<\/h2>\n\n\n\n<p><br>Jefe:  Dr. Javier Casiraghi<br>Staff: Dr. Marcos Geria<br>         Dra. Andrea Huberman<br><br>Atenci\u00f3n: Jueves y viernes de 8 a 12 HS<br>Turnos: solo presencial : Lunes Martes Jueves y Viernes de 8 a 12 HS  3 piso Sala 3<\/p>\n\n\n\n<h2 class=\"wp-block-heading\">UVEITIS<\/h2>\n\n\n\n<p>Jefe:  Dr. Ariel Schlaen<br>Staff: Dra. Erica Hurtado Jallaza<br>         Dra. Lucia Comastri<br>         Dra. Milagros Heredia<br>Atenci\u00f3n Martes 8 a 12 HS<br>Turnos: solo presencial : Lunes Martes Jueves y viernes de 8 a 12 HS \u00b7 3 piso Sala 3<\/p>\n\n\n\n<h2 class=\"wp-block-heading\">RETINA<\/h2>\n\n\n\n<p>Jefe:  Dr. Marcelo Zas<br>Staff: Dr. Alejandro Tau<br>         Dr. Juan Cortalezzi<br>         Dr. Marcos Mendaro<\/p>\n\n\n\n<p>Atenci\u00f3n: Lunes 8 a 12 HS<br>Turnos: solo presencial : Lunes Martes Jueves y viernes de 8 a 12 HS \u00b7 3 piso Sala 3<\/p>\n\n\n\n<h2 class=\"wp-block-heading\">Estrabismo y Oftalmopediatria<\/h2>\n\n\n\n<p><br>Jefe :  Dr. Esteban Traveletti<br>Staff : Dra. Paula Schiantarelli<br>          Dra. Elisabeth Aliendro<br>          Dra. Maria Cristina Ugrin<\/p>\n\n\n\n<p>Turnos : por mail:<br><strong>oftalmolog\u00edahospitaldeclinicas@gmail.com<\/strong><\/p>\n\n\n\n<p><\/p>\n\n\n\n<h2 class=\"wp-block-heading\">Plastica Orbita y v\u00edas Lagrimales<\/h2>\n\n\n\n<p><br>Jefe : Dr. Daniel Weil<br>Staff: Dra. Lorena Dinisio<br>         Dra. Alejandra Billagra<br>Turnos : Ventanilla entrepiso Oftalmolog\u00eda , de lunes a viernes de 8 a 12 HS o al mail :<br><strong>oftalmolog\u00edahospitaldeclinicas@gmail.com<\/strong><\/p>\n\n\n\n<h2 class=\"wp-block-heading\">Neurooftalmologia<\/h2>\n\n\n\n<p><br>Jefe : Dra. Lidia Sarotto<br> Dr. Juan Ignacio Antonelli<br> Dr. Nicolas Zago<\/p>\n\n\n\n<p>Atenci\u00f3n Lunes y Jueves de 8 a 12 HS entrepiso Oftalmolog\u00eda<br>Turnos: Entrepiso Oftalmolog\u00eda de lunes a viernes de 8 a 12 HS o<br>Mail:<br><strong>oftalmolog\u00edahospitaldeclinicas@gmail.com<\/strong><\/p>\n","protected":false},"excerpt":{"rendered":"<p>CORNEA Jefe: Dr. Federico CremonaStaff: Dra. Tatiana Francisco Dra. Eugenia Paez Soria Atenci\u00f3n lunes y mi\u00e9rcoles: 8 -12 HS.Turnos: solo presencial : Lunes Martes Jueves y viernes de 8 a 12 HS \u00b7 3 piso Sala 3 GLAUCOMA Jefe: Dr. Javier CasiraghiStaff: Dr. Marcos Geria Dra. Andrea Huberman Atenci\u00f3n: Jueves y viernes de 8 a&hellip;<\/p>\n","protected":false},"author":6,"featured_media":0,"parent":0,"menu_order":0,"comment_status":"closed","ping_status":"closed","template":"","meta":{"footnotes":""},"class_list":["post-3141","page","type-page","status-publish","hentry"],"aioseo_notices":[],"_links":{"self":[{"href":"https:\/\/www.hospitaldeclinicas.uba.ar\/index.php?rest_route=\/wp\/v2\/pages\/3141","targetHints":{"allow":["GET"]}}],"collection":[{"href":"https:\/\/www.hospitaldeclinicas.uba.ar\/index.php?rest_route=\/wp\/v2\/pages"}],"about":[{"href":"https:\/\/www.hospitaldeclinicas.uba.ar\/index.php?rest_route=\/wp\/v2\/types\/page"}],"author":[{"embeddable":true,"href":"https:\/\/www.hospitaldeclinicas.uba.ar\/index.php?rest_route=\/wp\/v2\/users\/6"}],"replies":[{"embeddable":true,"href":"https:\/\/www.hospitaldeclinicas.uba.ar\/index.php?rest_route=%2Fwp%2Fv2%2Fcomments&post=3141"}],"version-history":[{"count":4,"href":"https:\/\/www.hospitaldeclinicas.uba.ar\/index.php?rest_route=\/wp\/v2\/pages\/3141\/revisions"}],"predecessor-version":[{"id":9323,"href":"https:\/\/www.hospitaldeclinicas.uba.ar\/index.php?rest_route=\/wp\/v2\/pages\/3141\/revisions\/9323"}],"wp:attachment":[{"href":"https:\/\/www.hospitaldeclinicas.uba.ar\/index.php?rest_route=%2Fwp%2Fv2%2Fmedia&parent=3141"}],"curies":[{"name":"wp","href":"https:\/\/api.w.org\/{rel}","templated":true}]}}