{"id":2786,"date":"2024-03-11T10:10:25","date_gmt":"2024-03-11T13:10:25","guid":{"rendered":"https:\/\/www.hospitaldeclinicas.uba.ar\/?page_id=2786"},"modified":"2024-03-11T10:11:17","modified_gmt":"2024-03-11T13:11:17","slug":"glaucoma-una-enfermedad-que-no-presenta-sintomas-y-que-sin-tratamiento-puede-provocar-ceguera-irreversible","status":"publish","type":"page","link":"https:\/\/www.hospitaldeclinicas.uba.ar\/?page_id=2786","title":{"rendered":"Glaucoma: una enfermedad que no presenta s\u00edntomas y que sin tratamiento puede provocar ceguera irreversible"},"content":{"rendered":"\n<figure class=\"wp-block-image size-full\"><img loading=\"lazy\" decoding=\"async\" width=\"6912\" height=\"3456\" src=\"https:\/\/www.hospitaldeclinicas.uba.ar\/wp-content\/uploads\/2024\/03\/Dia-mundial-de-la-Voz-32.png\" alt=\"\" class=\"wp-image-2789\"\/><\/figure>\n\n\n\n<h3 class=\"wp-block-heading\"><strong>Campa\u00f1a abierta a la comunidad para detectar y prevenir la segunda causa de p\u00e9rdida de la visi\u00f3n a nivel mundial<\/strong><\/h3>\n\n\n\n<p>Es una afecci\u00f3n de los ojos en donde la presi\u00f3n intraocular aumenta y lleva a un da\u00f1o progresivo del nervio \u00f3ptico y por lo tanto de la visi\u00f3n. En el mundo hay 80 millones de personas que conviven con ella y se estima que para 2040 ser\u00e1n m\u00e1s de 110 millones. En nuestro pa\u00eds el 2% de la poblaci\u00f3n la padece.\u00a0<\/p>\n\n\n<div class=\"wp-block-image\">\n<figure class=\"alignright size-full is-resized\"><img loading=\"lazy\" decoding=\"async\" width=\"300\" height=\"168\" src=\"https:\/\/www.hospitaldeclinicas.uba.ar\/wp-content\/uploads\/2024\/03\/images-2.jpg\" alt=\"\" class=\"wp-image-2787\" style=\"width:326px;height:auto\"\/><\/figure><\/div>\n\n\n<p>Toda la gente puede tener esta enfermedad, incluso existe el glaucoma cong\u00e9nito, que aparece en 1 de cada 30.000 beb\u00e9s. \u201cEl gran problema radica en que la mitad de la gente no sabe que tiene glaucoma porque casi no da s\u00edntomas, porque la persona nunca fue al m\u00e9dico oftalm\u00f3logo o porque no se asesora a la hora de comprar lentes y lo hace en lugares como kioscos o puestos de la calle. De manera que cuando llega a notar p\u00e9rdida de visi\u00f3n es porque ya perdi\u00f3 mucha capacidad visual\u201d, dice Javier Casiraghi, m\u00e9dico oftalm\u00f3logo del Hospital de Cl\u00ednicas (MN 72.429).<\/p>\n\n\n\n<p>\u201cNo podemos hablar de un tipo espec\u00edfico de glaucoma ya que existen distintas formas de esta afecci\u00f3n. Los hay primarios y secundarios, cong\u00e9nitos y del adulto, de \u00e1ngulo abierto, estrecho o cerrado, etc. En el examen que realiza el m\u00e9dico oftalm\u00f3logo se detecta el glaucoma, el tipo de glaucoma y su estad\u00edo evolutivo, es decir si es incipiente, leve, moderado, severo, terminal o absoluto\u201d, advierte el profesional.&nbsp;<\/p>\n\n\n\n<p>El glaucoma es m\u00e1s frecuente despu\u00e9s de los 40 a\u00f1os y mucho m\u00e1s luego de los 70. Seg\u00fan refiere el profesional, \u201capenas puede dar alg\u00fan m\u00ednimo dolor de cabeza. Esto genera que, al no saber que padece la enfermedad, el paciente va perdiendo gradualmente la visi\u00f3n de manera irrecuperable. Por tal motivo el diagn\u00f3stico y tratamiento deben ser realizados tempranamente. La mayor\u00eda de los casos avanzados se da en personas que no consultaron a tiempo\u201d, destaca el profesional.<\/p>\n\n\n\n<p>Casiraghi da cuenta de <strong>dos tipos b\u00e1sicos de glaucoma. <\/strong>\u201cEl glaucoma de \u00e1ngulo abierto, que va provocando \u00e1reas ciegas irregulares en el campo visual y que ocurre con frecuencia en ambos ojos. La persona no se da cuenta porque el campo visual de los ojos se superponen. Y el glaucoma agudo de \u00e1ngulo cerrado, conocido c\u00f3mo \u00abataque de glaucoma\u00bb o \u201cglaucoma agudo por bloqueo\u201d. Esta es una urgencia que da s\u00edntomas: <strong>trastornos de visi\u00f3n, visi\u00f3n borrosa, halos alrededor de las luces, dolor de cabeza intenso, dolor ocular, n\u00e1useas, v\u00f3mitos, enrojecimiento de los ojos. Todo junto y todo de golpe.<\/strong> El glaucoma agudo o ataque de glaucoma es bastante menos frecuente que el glaucoma de \u00e1ngulo abierto que es el que no da s\u00edntomas y avanza lentamente\u201d.<\/p>\n\n\n\n<p>El especialista del Hospital de Cl\u00ednicas dice que la enfermedad \u201cse previene con el examen realizado por el m\u00e9dico oftalm\u00f3logo. Si se compra los anteojos en la calle, el kiosco o en la \u00f3ptica sin hacer el examen oftalmol\u00f3gico previo, el paciente nunca sabr\u00e1 si tiene glaucoma.<strong> El examen debe hacerse aunque no haya s\u00edntomas ni signos de patolog\u00eda alguna<\/strong>. La p\u00e9rdida de visi\u00f3n por glaucoma es irrecuperable. Es la segunda causa de ceguera en el mundo y la primera causa de ceguera irreversible. Lo que se perdi\u00f3 no se recupera. Por otro lado, las personas que tienen familiares directos con glaucoma tienen entre 3 y 10 veces m\u00e1s riesgo de tener glaucoma que aquellos sin antecedentes\u201d.<\/p>\n\n\n\n<p>\u00bfC\u00f3mo se detecta el glaucoma? \u201cNo alcanza con tomar la presi\u00f3n de los ojos. Tambi\u00e9n hay que evaluar el \u00e1ngulo del ojo (para saber el tipo de glaucoma), realizar un campo visual y la evaluaci\u00f3n del nervio \u00f3ptico para establecer el estad\u00edo evolutivo de la enfermedad. Adem\u00e1s del examen oftalmol\u00f3gico de rutina, se recomiendan otros estudios complementarios que el especialista juzgue convenientes o necesarios\u201d, sostiene el especialista, que convoca a una <strong>jornada de detecci\u00f3n de glaucoma<\/strong>. La misma ser\u00e1 <strong>el viernes 15 de marzo<\/strong>, de <strong>8 a 12 horas en la sala 3 del piso 3 de la instituci\u00f3n (situada en Av. C\u00f3rdoba 2351), donde funciona la unidad de Glaucoma. <\/strong>No requiere inscripci\u00f3n previa y se atender\u00e1 por orden de llegada.&nbsp;<\/p>\n\n\n\n<p>\u201cEl <strong>tratamiento <\/strong>puede ser con gotas, l\u00e1ser o cirug\u00edas. Considerando el tipo y el estad\u00edo evolutivo de glaucoma el m\u00e9dico oftalm\u00f3logo indica de qu\u00e9 manera tratarlo adecuadamente. Hay diversas drogas antiglaucomatosas que el paciente debe colocar diariamente. Hay diversos tipos de l\u00e1ser seg\u00fan el tipo y estad\u00edo evolutivo del glaucoma. Existen diversas cirug\u00edas, desde las m\u00ednimamente invasivas hasta la colocaci\u00f3n de v\u00e1lvulas. Todos los tratamientos buscan bajar la presi\u00f3n intraocular a un nivel que sea tolerado por el nervio \u00f3ptico, de manera&nbsp; que no se siga perdiendo visi\u00f3n\u201d, dice el oftalm\u00f3logo.<\/p>\n\n\n\n<p>Adem\u00e1s, el profesional, alerta sobre los <strong>principales factores de riesgo<\/strong> a los que estar atentos:<\/p>\n\n\n\n<p>-Tener antecedentes familiares de glaucoma.<\/p>\n\n\n\n<p>-Tener presi\u00f3n intraocular alta, para lo cual es necesario consultar al oftalm\u00f3logo a fin de que le tome la presi\u00f3n intraocular<br><br>-Tener determinadas enfermedades como diabetes, presi\u00f3n arterial alta o muy baja, anemia, y todas las enfermedades que alteran la circulaci\u00f3n arterial, que son un factor de riesgo agregado. No causan glaucoma, sino que hacen al ojo m\u00e1s sensible a que la presi\u00f3n produzca da\u00f1o<br><\/p>\n\n\n\n<p>-Tener miop\u00eda o hipermetrop\u00eda extremas.<br><\/p>\n\n\n\n<p>-Haber tenido una lesi\u00f3n en el ojo o ciertos tipos de cirug\u00eda ocular. Los traumatismos en el ojo, \u00f3rbita y a veces en la cabeza pueden producir glaucoma<br><\/p>\n\n\n\n<p>-Tomar corticosteroides, especialmente gotas oft\u00e1lmicas, durante un largo tiempo. Los corticoides por cualquier v\u00eda (incluso pomadas en la piel) pueden subir la presi\u00f3n ocular y producir glaucoma.<\/p>\n","protected":false},"excerpt":{"rendered":"<p>Campa\u00f1a abierta a la comunidad para detectar y prevenir la segunda causa de p\u00e9rdida de la visi\u00f3n a nivel mundial Es una afecci\u00f3n de los ojos en donde la presi\u00f3n intraocular aumenta y lleva a un da\u00f1o progresivo del nervio \u00f3ptico y por lo tanto de la visi\u00f3n. En el mundo hay 80 millones de&hellip;<\/p>\n","protected":false},"author":6,"featured_media":0,"parent":0,"menu_order":0,"comment_status":"closed","ping_status":"closed","template":"","meta":{"footnotes":""},"class_list":["post-2786","page","type-page","status-publish","hentry"],"aioseo_notices":[],"_links":{"self":[{"href":"https:\/\/www.hospitaldeclinicas.uba.ar\/index.php?rest_route=\/wp\/v2\/pages\/2786","targetHints":{"allow":["GET"]}}],"collection":[{"href":"https:\/\/www.hospitaldeclinicas.uba.ar\/index.php?rest_route=\/wp\/v2\/pages"}],"about":[{"href":"https:\/\/www.hospitaldeclinicas.uba.ar\/index.php?rest_route=\/wp\/v2\/types\/page"}],"author":[{"embeddable":true,"href":"https:\/\/www.hospitaldeclinicas.uba.ar\/index.php?rest_route=\/wp\/v2\/users\/6"}],"replies":[{"embeddable":true,"href":"https:\/\/www.hospitaldeclinicas.uba.ar\/index.php?rest_route=%2Fwp%2Fv2%2Fcomments&post=2786"}],"version-history":[{"count":2,"href":"https:\/\/www.hospitaldeclinicas.uba.ar\/index.php?rest_route=\/wp\/v2\/pages\/2786\/revisions"}],"predecessor-version":[{"id":2790,"href":"https:\/\/www.hospitaldeclinicas.uba.ar\/index.php?rest_route=\/wp\/v2\/pages\/2786\/revisions\/2790"}],"wp:attachment":[{"href":"https:\/\/www.hospitaldeclinicas.uba.ar\/index.php?rest_route=%2Fwp%2Fv2%2Fmedia&parent=2786"}],"curies":[{"name":"wp","href":"https:\/\/api.w.org\/{rel}","templated":true}]}}