{"id":249,"date":"2023-03-30T13:41:31","date_gmt":"2023-03-30T13:41:31","guid":{"rendered":"https:\/\/www.hospitaldeclinicas.uba.ar\/?page_id=249"},"modified":"2023-03-30T14:15:17","modified_gmt":"2023-03-30T14:15:17","slug":"caida-del-cabello-mitos-dietas-preguntas-frecuentes-y-cada-vez-mas-gente-joven-en-el-consultorio","status":"publish","type":"page","link":"https:\/\/www.hospitaldeclinicas.uba.ar\/?page_id=249","title":{"rendered":"Ca\u00edda del cabello: Mitos, dietas, preguntas frecuentes y cada vez m\u00e1s gente joven en el consultorio\u00a0"},"content":{"rendered":"<div class=\"wp-block-image\">\n<figure class=\"alignright size-full is-resized\"><img loading=\"lazy\" decoding=\"async\" src=\"https:\/\/www.hospitaldeclinicas.uba.ar\/wp-content\/uploads\/2023\/03\/a8b6ccd9503e0c08237aed91b613c5ac.jpeg\" alt=\"\" class=\"wp-image-254\" width=\"393\" height=\"247\"\/><\/figure><\/div>\n\n\n<p><strong>La p\u00e9rdida del pelo suele estar com\u00fanmente asociada al paso del tiempo y se piensa que es mucho m\u00e1s frecuente en los hombres luego de los 40 a\u00f1os, pero existen muchos factores que favorecen la p\u00e9rdida de pelo en la zona del&nbsp; cuero cabelludo que van desde el estr\u00e9s hasta el uso excesivo de gorras y &nbsp; distintos tipos de dietas. Especialistas del Hospital de Cl\u00ednicas hablan de las causas m\u00e1s comunes y de qui\u00e9nes m\u00e1s consultan.<\/strong><\/p>\n\n\n\n<p><\/p>\n\n\n\n<p><\/p>\n\n\n\n<p><\/p>\n\n\n\n<p>\u201cEs normal que el pelo se caiga y si bien la gente suele asustarse cuando lo empieza a detectar, la ca\u00edda en s\u00ed no es considerada una enfermedad. En promedio, se caen entre 50 y 100 cabellos por d\u00eda, n\u00famero que puede aumentar si la persona se peina, pasa la toalla fuertemente despu\u00e9s de la ducha o se ata y tracciona el pelo\u201d, afirma Ariel Sehtman (M.N. 82.978), m\u00e9dico dermat\u00f3logo de la Divisi\u00f3n Dermatolog\u00eda del Hospital de Cl\u00ednicas.<\/p>\n\n\n\n<p>\u201cDe todas maneras, el cabello se cae y las causas m\u00e1s comunes est\u00e1n relacionadas al estr\u00e9s, la ansiedad, los nervios y, en casos muy puntuales, a la ingesta de medicaci\u00f3n oncol\u00f3gica. La diabetes, los problemas de tiroides, la anemia y la falta de hierro, entre otras causas, tambi\u00e9n contribuyen a la ca\u00edda del cabello\u201d, se\u00f1ala Sehtman y agrega: \u201cAs\u00ed como existen factores gen\u00e9ticos y hormonales que determinan la ca\u00edda del cabello, las dietas veganas y vegetarianas por su falta de prote\u00ednas y vitaminas tambi\u00e9n son causales. Siempre se aconseja en estos casos tomar suplementos vitam\u00ednicos indicados por m\u00e9dicos\u201d.&nbsp;<\/p>\n\n\n\n<p>\u201cLa ca\u00edda del pelo en general es asintom\u00e1tica, el \u00fanico signo de que el pelo empez\u00f3 a caer es encontrarlo en distintas partes de la casa, la oficina o que se acumule en las duchas. En ocasiones, el cuero cabelludo puede picar. La m\u00e1s com\u00fan en el mundo es la alopecia androgen\u00e9tica y es motivo de consulta en m\u00e1s personas y en cada vez m\u00e1s j\u00f3venes, en los hombres a partir de los 20 a\u00f1os y en la mujeres entre los 45 y 50 cuando comienzan con la menopausia\u201d, advierte el profesional.<\/p>\n\n\n\n<p>M\u00e1s all\u00e1 de la edad en la que ocurren este tipo de consultas, el profesional indica que existe la \u201cmedicalizaci\u00f3n\u201d de cuestiones normales de la vida como envejecer, tener arrugas o canas, adelgazar, engordar o que se caiga el pelo. \u201cSon cosas naturales que la sociedad toma como una enfermedad, por eso existen tantas consultas y mercados para el pelo. No hay persona que no consulte por la ca\u00edda del pelo alguna vez en su vida\u201d, sostiene el especialista.&nbsp;<\/p>\n\n\n\n<p>Respecto a los mitos sobre la ca\u00edda del pelo, plantea: \u201cUno de los m\u00e1s famosos es sobre el uso de gorra o casco, que te deja pelado. Si bien no es as\u00ed de lineal, existen casos de personas que tienen un cuero cabelludo con dermatitis seborreica, es decir, exceso de grasitud en la zona, lo que s\u00ed puede favorecer la ca\u00edda del pelo. Esto modifica el ecosistema del cuero cabelludo, ya que genera picaz\u00f3n. Otro mito, m\u00e1s com\u00fan entre las mujeres, es que no deben lavar su pelo con shampoo todos los d\u00edas, ya que esto debilita el cabello, lo cual no es as\u00ed porque el shampoo est\u00e1 hecho para ser utilizado todos los d\u00edas. Por otro lado, no existen shampoos espec\u00edficos que hagan crecer el pelo, lo que hacen estos productos es mejorar la cosm\u00e9tica capilar\u201d.<\/p>\n\n\n\n<p>Seg\u00fan el experto, depende de c\u00f3mo sea el patr\u00f3n de ca\u00edda de cabello, se toma una estrategia de tratamiento distinta: \u201cSuelen ser dos etapas, en la primera frenar la ca\u00edda del pelo y la segunda, que ocurre de 6 a 8 meses despu\u00e9s, es hacer crecer el pelo. A veces, aunque no se logre esto \u00faltimo, detener la ca\u00edda es muy importante\u201d.<\/p>\n\n\n\n<p>Ahora bien, \u00bfQu\u00e9 tenemos que hacer cuando notamos que el pelo cae? \u201cNo asustarnos, si bien no existe un an\u00e1lisis de sangre que te diga por qu\u00e9 se est\u00e1 cayendo el pelo, consultar con un profesional, revisar el historial m\u00e9dico y analizar el patr\u00f3n de ca\u00edda de pelo resultar\u00e1 crucial para poder evaluar un tratamiento\u201d, recomienda Sehtman.<\/p>\n\n\n\n<p>Por \u00faltimo, el especialista brinda una recomendaci\u00f3n general: \u201cMientras m\u00e1s saludable y variado comas, mejor vas a tener el pelo, las u\u00f1as y tu salud. La falta de prote\u00ednas y hierro pueden ser disparadores para la ca\u00edda del cabello. En todos los casos, la primera consulta debe hacerse con un dermat\u00f3logo\u201d.<\/p>\n","protected":false},"excerpt":{"rendered":"<p>La p\u00e9rdida del pelo suele estar com\u00fanmente asociada al paso del tiempo y se piensa que es mucho m\u00e1s frecuente en los hombres luego de los 40 a\u00f1os, pero existen muchos factores que favorecen la p\u00e9rdida de pelo en la zona del&nbsp; cuero cabelludo que van desde el estr\u00e9s hasta el uso excesivo de gorras&hellip;<\/p>\n","protected":false},"author":6,"featured_media":0,"parent":0,"menu_order":0,"comment_status":"closed","ping_status":"closed","template":"","meta":{"footnotes":""},"class_list":["post-249","page","type-page","status-publish","hentry"],"aioseo_notices":[],"_links":{"self":[{"href":"https:\/\/www.hospitaldeclinicas.uba.ar\/index.php?rest_route=\/wp\/v2\/pages\/249","targetHints":{"allow":["GET"]}}],"collection":[{"href":"https:\/\/www.hospitaldeclinicas.uba.ar\/index.php?rest_route=\/wp\/v2\/pages"}],"about":[{"href":"https:\/\/www.hospitaldeclinicas.uba.ar\/index.php?rest_route=\/wp\/v2\/types\/page"}],"author":[{"embeddable":true,"href":"https:\/\/www.hospitaldeclinicas.uba.ar\/index.php?rest_route=\/wp\/v2\/users\/6"}],"replies":[{"embeddable":true,"href":"https:\/\/www.hospitaldeclinicas.uba.ar\/index.php?rest_route=%2Fwp%2Fv2%2Fcomments&post=249"}],"version-history":[{"count":5,"href":"https:\/\/www.hospitaldeclinicas.uba.ar\/index.php?rest_route=\/wp\/v2\/pages\/249\/revisions"}],"predecessor-version":[{"id":258,"href":"https:\/\/www.hospitaldeclinicas.uba.ar\/index.php?rest_route=\/wp\/v2\/pages\/249\/revisions\/258"}],"wp:attachment":[{"href":"https:\/\/www.hospitaldeclinicas.uba.ar\/index.php?rest_route=%2Fwp%2Fv2%2Fmedia&parent=249"}],"curies":[{"name":"wp","href":"https:\/\/api.w.org\/{rel}","templated":true}]}}