{"id":2262,"date":"2024-02-02T10:12:16","date_gmt":"2024-02-02T13:12:16","guid":{"rendered":"https:\/\/www.hospitaldeclinicas.uba.ar\/?page_id=2262"},"modified":"2024-02-02T10:39:47","modified_gmt":"2024-02-02T13:39:47","slug":"grooming-la-nueva-pandemia-invisible","status":"publish","type":"page","link":"https:\/\/www.hospitaldeclinicas.uba.ar\/?page_id=2262","title":{"rendered":"Grooming, \u201cla nueva pandemia invisible\u201d"},"content":{"rendered":"\n<h3 class=\"wp-block-heading\"><strong>4 de cada 10 ni\u00f1os y ni\u00f1as acceden a su primer dispositivo m\u00f3vil antes de los 9<br><\/strong>Este tipo de violencia sexual silenciosa hacia infancias y adolescencias ocurre com\u00fanmente mientras est\u00e1n jugando online o usando redes sociales, actividades que se intensifican en vacaciones seg\u00fan refieren desde el Hospital de Cl\u00ednicas de la UBA. Sus especialistas brindan informaci\u00f3n para prevenirla y saber qu\u00e9 hacer si se detecta.<\/h3>\n\n\n<div class=\"wp-block-image\">\n<figure class=\"alignright size-full is-resized\"><img loading=\"lazy\" decoding=\"async\" width=\"6912\" height=\"3456\" src=\"https:\/\/www.hospitaldeclinicas.uba.ar\/wp-content\/uploads\/2024\/02\/Dia-mundial-de-la-Voz.png\" alt=\"\" class=\"wp-image-2261\" style=\"width:440px;height:auto\"\/><\/figure><\/div>\n\n<p class=\"fonts-plugin-block \" style=\"font-weight: normal\">\u201cTen\u00eda 10 a\u00f1os y hab\u00eda desarrollado una fobia. No pod\u00eda ver el celular, no quer\u00eda usarlo m\u00e1s, no quer\u00eda acercarse a la computadora, ten\u00eda miedos, trastornos para dormir y tambi\u00e9n hab\u00eda empezado a tener dificultades en la alimentaci\u00f3n. Despu\u00e9s de varias consultas -porque no quer\u00eda decir porqu\u00e9 le pasaba todo esto-, pudo contar c\u00f3mo ella, cuando estaba jugando a un juego, empez\u00f3 a chatear con alguien y esa persona fue haci\u00e9ndose \u2018amiga\u2019 y despu\u00e9s le empez\u00f3 a enviar im\u00e1genes -genitales- y a pedirle im\u00e1genes de su cuerpo. Un adulto hab\u00eda empezado a extorsionarla con que, si ella no le enviaba tambi\u00e9n fotos de sus genitales, iba a contarle a los padres y dem\u00e1s. Otro chiquito, de 8 a\u00f1os, vino al hospital asustado, muy temeroso. La madre directamente consult\u00f3 porque hab\u00eda encontrado que estaba viendo pornograf\u00eda adulta en el celular. Se la compart\u00eda otro compa\u00f1ero del colegio, de un curso superior. A partir de mostrarle estas im\u00e1genes, le ped\u00eda que se filmara\u201d. <\/p>\n\n<p class=\"fonts-plugin-block \" style=\"font-weight: normal\">Estos son algunos de los relatos que llegan a los consultorios del servicio de Pediatr\u00eda del Hospital de Cl\u00ednicas de la UBA. Y, tal como refiere la Dra. Silvia Ongini, Psiquiatra Infanto-Juvenil (MN 69218) e integrante de esta \u00e1rea, \u201cson ejemplos de una pr\u00e1ctica bastante com\u00fan, que establecen los&nbsp;<em>groomers&nbsp;<\/em>con determinados grupos etarios y con determinados tipos de v\u00edctimas\u201d. De acuerdo con la Ley 27.590, el \u201cgrooming\u201d es la acci\u00f3n en la que una persona -el\/la&nbsp;<em>groomer<\/em>&#8211; por medio de comunicaciones electr\u00f3nicas, telecomunicaciones o cualquier otra tecnolog\u00eda de transmisi\u00f3n de datos, contacta a una persona menor de edad con el prop\u00f3sito de cometer cualquier delito contra la integridad sexual de la misma. \u201cQuien ataca tiene como objetivo tomar contacto con \u00e9l\/ella y as\u00ed ganarse su confianza, apoy\u00e1ndose en las caracter\u00edsticas propias de la infancia y adolescencia -necesidad de aprobaci\u00f3n de pares, confianza por estar en \u00e1mbitos como su casa o jugando a su juego favorito en l\u00ednea entre otras- para luego generar un encuentro personal en el mundo f\u00edsico, o bien c\u00f3mo en la mayor\u00eda de los casos, obtener el material de contenido sexual por parte de la v\u00edctima para su comercializaci\u00f3n, distribuci\u00f3n y\/o para satisfacer sus pr\u00e1cticas sexuales\u201d, explica la m\u00e9dica.<\/p>\n\n<p class=\"fonts-plugin-block \" style=\"font-weight: normal\">De acuerdo a un relevamiento hecho por la organizaci\u00f3n Grooming Argentina,&nbsp;<strong>4 de cada 10 ni\u00f1os y ni\u00f1as acceden a su primer dispositivo m\u00f3vil antes de los 9 a\u00f1os y el 70% refiri\u00f3 haber hablado con personas desconocidas a trav\u00e9s de juegos online<\/strong>. En relaci\u00f3n a esto, la Dra. Ongini advierte: \u201cMuchas veces lo que nos encontramos es que las personas adultas les dan dispositivos de este tipo a muy temprana edad sin tomar los recaudos para que puedan estar preservados de situaciones de acoso o trampas digitales. Los juegos y las redes sociales -como TikTok, Instagram, YouTube-, son puertas abiertas, en todo lados, para quienes acosan. Y no se toman los cuidados necesarios con el falso temor de estar evitando libertades, cuando en realidad lo que se est\u00e1 evitando son cuidados\u201d.&nbsp;<\/p>\n\n<p class=\"fonts-plugin-block \" style=\"font-weight: normal\">\u201cEl fen\u00f3meno del grooming est\u00e1 apoyado en el desconocimiento del impacto que tiene. Es una nueva pandemia invisibilizada. Cuando un ni\u00f1o, ni\u00f1a o adolescente se expone a estas redes sociales o expone v\u00eddeos de ellos o su imagen, est\u00e1n yendo a una vidriera en la que no saben qui\u00e9n est\u00e1 del otro lado y qu\u00e9 va a pasar. Lo que env\u00eden a otras personas queda en estos medios, en esa nube de la cual no se puede despu\u00e9s bajar informaci\u00f3n o borrar una vez compartida. La sexualidad adulta se entromete en un psiquismo que no est\u00e1 preparado, se utiliza la identidad de un ni\u00f1o, ni\u00f1a o adolescente, de una manera totalmente traum\u00e1tica, porque va a ser utilizada para la producci\u00f3n de material pornogr\u00e1fico, que va a ser comercializado. Y esto no se detiene solamente ah\u00ed, muchas veces llega a escaladas, con trata de personas. Tambi\u00e9n se presentan casos de desaf\u00edos que prometen dinero y muchos chicos que tienen pocos recursos y que escuchan incluso en sus casas que la situaci\u00f3n econ\u00f3mica no es del todo favorable, quieren colaborar y caen en trampas, lo cual les resulta muy traum\u00e1tico\u201d, agrega Ongini.<\/p>\n\n<p class=\"fonts-plugin-block \" style=\"font-weight: normal\"><strong>Herramientas de prevenci\u00f3n:<\/strong><\/p>\n\n\n<ul class=\"wp-block-list\">\n<li>Antes de regalar un celular u otro dispositivo tecnol\u00f3gico a una ni\u00f1a, ni\u00f1o o adolescente, preguntarse si realmente lo necesita<\/li>\n\n\n\n<li>Prestar atenci\u00f3n a qu\u00e9 informaci\u00f3n presentan p\u00fablicamente<\/li>\n\n\n\n<li> Acompa\u00f1arlas\/os en el uso adecuado de los dispositivos digitales<\/li>\n\n\n\n<li>Hablarles acerca de los riesgos que suponen las redes y juegos. Hacer \u00e9nfasis en la importancia de no revelar datos personales y de no enviar fotos ni v\u00eddeos a desconocidos<\/li>\n\n\n\n<li>Informarse sobre las tecnolog\u00edas que usan a diario los ni\u00f1os, ni\u00f1as y adolescentes<\/li>\n\n\n\n<li>Instalar antivirus y programas de navegaci\u00f3n segura en los aparatos electr\u00f3nicos que usen<\/li>\n\n\n\n<li>Estar atentos y hablar sobre las p\u00e1ginas que visitan, con qui\u00e9n hablan y sobre qu\u00e9 temas, de manera natural<\/li>\n\n\n\n<li>Estar alertas a cambios como modificaciones en sus rutinas sin explicaci\u00f3n, baja en el rendimiento escolar, cambios en el lenguaje corporal (cabeza gacha, evitar la mirada, etc.), ansiedad, fluctuaci\u00f3n de los estados de \u00e1nimo, llantos, entre otras se\u00f1ales que pueden ser indicadores generales de que pueden ser v\u00edctimas de un abuso sexual<\/li>\n\n\n\n<li>Prestar atenci\u00f3n a se\u00f1ales espec\u00edficas de grooming: estar conectados hasta altas horas de la noche, ocultar los dispositivos m\u00f3viles, insistir en conectarse sobre todo si en la casa hay un r\u00e9gimen de conectividad (lo cual es recomendable) y\/o presentar ansiedad o temores a la hora de conectarse o jugar en linea<\/li>\n\n\n\n<li>En caso de detectar una situaci\u00f3n de grooming, no comunicarse con el groomer, no borrar las im\u00e1genes y otros materiales intercambiados. Hacer la denuncia y presentar todo como prueba del delito cometido<\/li>\n\n\n\n<li>V\u00edas para denunciar: llamar al 137 o comunicarse por WhatsApp al 11-3133-1000, l\u00edneas dependientes del Ministerio de Justicia. Por otra parte, la ONG Grooming Argentina cuenta con una app de denuncias llamada \u201cGAPP\u201d, que es gratuita y de alcance global<\/li>\n\n\n\n<li> El servicio de Pediatr\u00eda del Hospital de Cl\u00ednicas, adem\u00e1s de que recibe consultas todo el a\u00f1o, realiza una jornada anual sobre abuso sexual en infancia y adolescencia, incluyendo grooming, que se anuncia a trav\u00e9s de la p\u00e1gina web de la instituci\u00f3n y sus redes sociales.<\/li>\n<\/ul>\n\n\n<p class=\"fonts-plugin-block \" style=\"font-weight: normal\">\u201cSiempre vamos detr\u00e1s del problema porque est\u00e1 muy invisibilizado y porque se desdibuja el l\u00edmite de lo que es el cuidado y las libertades de uso. Durante la pandemia por el coronavirus todo pas\u00f3 a ser a trav\u00e9s de las pantallas y eso gener\u00f3 que hubiese menos cuidado o atenci\u00f3n a lo que podr\u00eda ocurrir, a qu\u00e9 v\u00ednculos estaban estableciendo, qu\u00e9 estaba pasando con las comunicaciones a trav\u00e9s de esas pantallas. Es imprescindible reforzar el trabajo de prevenci\u00f3n desde todos los actores que pueden detectar estas graves formas de acoso, como docentes, pediatras y todos aquellos actores que trabajan o que se vinculan con ni\u00f1os, ni\u00f1as y adolescentes. Al igual que el trabajo de concientizaci\u00f3n desde el Estado\u201d, concluye Ongini.<\/p>\n\n\n<p><\/p>\n","protected":false},"excerpt":{"rendered":"<p>4 de cada 10 ni\u00f1os y ni\u00f1as acceden a su primer dispositivo m\u00f3vil antes de los 9Este tipo de violencia sexual silenciosa hacia infancias y adolescencias ocurre com\u00fanmente mientras est\u00e1n jugando online o usando redes sociales, actividades que se intensifican en vacaciones seg\u00fan refieren desde el Hospital de Cl\u00ednicas de la UBA. Sus especialistas brindan&hellip;<\/p>\n","protected":false},"author":6,"featured_media":0,"parent":0,"menu_order":0,"comment_status":"closed","ping_status":"closed","template":"","meta":{"footnotes":""},"class_list":["post-2262","page","type-page","status-publish","hentry"],"aioseo_notices":[],"_links":{"self":[{"href":"https:\/\/www.hospitaldeclinicas.uba.ar\/index.php?rest_route=\/wp\/v2\/pages\/2262","targetHints":{"allow":["GET"]}}],"collection":[{"href":"https:\/\/www.hospitaldeclinicas.uba.ar\/index.php?rest_route=\/wp\/v2\/pages"}],"about":[{"href":"https:\/\/www.hospitaldeclinicas.uba.ar\/index.php?rest_route=\/wp\/v2\/types\/page"}],"author":[{"embeddable":true,"href":"https:\/\/www.hospitaldeclinicas.uba.ar\/index.php?rest_route=\/wp\/v2\/users\/6"}],"replies":[{"embeddable":true,"href":"https:\/\/www.hospitaldeclinicas.uba.ar\/index.php?rest_route=%2Fwp%2Fv2%2Fcomments&post=2262"}],"version-history":[{"count":6,"href":"https:\/\/www.hospitaldeclinicas.uba.ar\/index.php?rest_route=\/wp\/v2\/pages\/2262\/revisions"}],"predecessor-version":[{"id":2270,"href":"https:\/\/www.hospitaldeclinicas.uba.ar\/index.php?rest_route=\/wp\/v2\/pages\/2262\/revisions\/2270"}],"wp:attachment":[{"href":"https:\/\/www.hospitaldeclinicas.uba.ar\/index.php?rest_route=%2Fwp%2Fv2%2Fmedia&parent=2262"}],"curies":[{"name":"wp","href":"https:\/\/api.w.org\/{rel}","templated":true}]}}