{"id":192,"date":"2023-03-28T13:10:08","date_gmt":"2023-03-28T13:10:08","guid":{"rendered":"http:\/\/www.hospitaldeclinicas.uba.ar\/?page_id=192"},"modified":"2024-10-07T11:41:40","modified_gmt":"2024-10-07T14:41:40","slug":"voluntariado","status":"publish","type":"page","link":"https:\/\/www.hospitaldeclinicas.uba.ar\/?page_id=192","title":{"rendered":"Voluntariado"},"content":{"rendered":"\n<p>El Voluntariado Social del Hospital de Cl\u00ednicas traza su objetivo general en el acompa\u00f1amiento al paciente durante su estad\u00eda hospitalaria. Estas tareas solidarias se despliegan a trav\u00e9s de grupos provenientes de diferentes entidades, lo que permite confortarlo desde diversos aspectos.<\/p>\n\n\n\n<p><strong>Integran el Voluntariado del Hospital de Cl\u00ednicas:<\/strong><\/p>\n\n\n\n<ul class=\"wp-block-list\">\n<li>Voluntariado Hijas de Mar\u00eda de Schenstatt: acompa\u00f1a a las personas que quieren rezar, en todo momento.\u00a0<\/li>\n\n\n\n<li>Voluntariado Redes Solidarias de Profesionales de la Salud: su actividad se desarrolla en todos los sectores del hospital, acompa\u00f1ando a trav\u00e9s de la escucha, ayudando a comer, entregando material de entretenimiento, facilitando necesidades b\u00e1sicas como set de aseo, ropa de cama u otro menester que se presente.<\/li>\n\n\n\n<li>Los Desfibriladores: lo integran estudiantes y m\u00e9dicos de la V C\u00e1tedra de Medicina. Su visita semanal a salas de internaci\u00f3n de pediatr\u00eda permite un mejorar el v\u00ednculo emocional con los ni\u00f1os y sus padres.<\/li>\n\n\n\n<li>Voluntariado en Cuidados Paliativos: acompa\u00f1a a pacientes (y a sus familias), que se encuentran atravesando enfermedades limitantes para la vida. Para ello, los voluntarios deber\u00e1n capacitarse con el equipo de Salud de Cuidados Paliativos, a partir de lo cual adquieren los conocimientos, actitudes y habilidades necesarios.<\/li>\n\n\n\n<li>Voluntariado de Entretenimiento: formado por varias entidades que a trav\u00e9s del arte esc\u00e9nico, m\u00fasica, magia, juegos y otras habilidades alegran la estad\u00eda hospitalaria a los pacientes.<\/li>\n<\/ul>\n\n\n\n<p>Cada grupo de voluntariado, con las identidades propias que los caracterizan en sus funciones, intercambian sus experiencias y habilidades para ayudar a quien lo necesite.<\/p>\n\n\n\n<p><strong>Donaciones:<\/strong><\/p>\n\n\n\n<p>El voluntariado recibe ropa c\u00f3moda (pijamas, remeras, camisones, joggings, etc.), pantuflas (no de hotel), elementos de higiene personal (peines, shampoo, jab\u00f3n, etc.), cubiertos y vasos.<\/p>\n\n\n\n<p><strong>Requisitos para ser voluntario:<\/strong><\/p>\n\n\n\n<p>Ser mayor de 18 a\u00f1os, tener sentido de \u00e9tica, solidaridad, compromiso, respeto, responsabilidad y alta capacidad de trabajo en equipo. No se requieren estudios previos sino tener mucha capacidad de amar al pr\u00f3jimo.<\/p>\n\n\n\n<p><strong>Contacto:<\/strong><\/p>\n\n\n\n<p>Coordinaci\u00f3n del Voluntariado<br>Hospital de Cl\u00ednicas \u201cJos\u00e9 de San Mart\u00edn\u201d de la Universidad de Buenos Aires,<br>Av. C\u00f3rdoba 2351, entrepiso (C1120AAR) Ciudad Aut\u00f3noma de Buenos Aires<br><a href=\"https:\/\/web.archive.org\/web\/20220926161148\/mailto:mpiccoli@hospitaldeclinicas.uba.ar\">mpiccoli@hospitaldeclinicas.uba.ar<\/a><\/p>\n","protected":false},"excerpt":{"rendered":"<p>El Voluntariado Social del Hospital de Cl\u00ednicas traza su objetivo general en el acompa\u00f1amiento al paciente durante su estad\u00eda hospitalaria. Estas tareas solidarias se despliegan a trav\u00e9s de grupos provenientes de diferentes entidades, lo que permite confortarlo desde diversos aspectos. Integran el Voluntariado del Hospital de Cl\u00ednicas: Cada grupo de voluntariado, con las identidades propias&hellip;<\/p>\n","protected":false},"author":1,"featured_media":0,"parent":0,"menu_order":0,"comment_status":"closed","ping_status":"closed","template":"","meta":{"footnotes":""},"class_list":["post-192","page","type-page","status-publish","hentry"],"aioseo_notices":[],"_links":{"self":[{"href":"https:\/\/www.hospitaldeclinicas.uba.ar\/index.php?rest_route=\/wp\/v2\/pages\/192","targetHints":{"allow":["GET"]}}],"collection":[{"href":"https:\/\/www.hospitaldeclinicas.uba.ar\/index.php?rest_route=\/wp\/v2\/pages"}],"about":[{"href":"https:\/\/www.hospitaldeclinicas.uba.ar\/index.php?rest_route=\/wp\/v2\/types\/page"}],"author":[{"embeddable":true,"href":"https:\/\/www.hospitaldeclinicas.uba.ar\/index.php?rest_route=\/wp\/v2\/users\/1"}],"replies":[{"embeddable":true,"href":"https:\/\/www.hospitaldeclinicas.uba.ar\/index.php?rest_route=%2Fwp%2Fv2%2Fcomments&post=192"}],"version-history":[{"count":2,"href":"https:\/\/www.hospitaldeclinicas.uba.ar\/index.php?rest_route=\/wp\/v2\/pages\/192\/revisions"}],"predecessor-version":[{"id":7458,"href":"https:\/\/www.hospitaldeclinicas.uba.ar\/index.php?rest_route=\/wp\/v2\/pages\/192\/revisions\/7458"}],"wp:attachment":[{"href":"https:\/\/www.hospitaldeclinicas.uba.ar\/index.php?rest_route=%2Fwp%2Fv2%2Fmedia&parent=192"}],"curies":[{"name":"wp","href":"https:\/\/api.w.org\/{rel}","templated":true}]}}