{"id":146,"date":"2023-03-27T17:55:55","date_gmt":"2023-03-27T17:55:55","guid":{"rendered":"http:\/\/www.hospitaldeclinicas.uba.ar\/?page_id=146"},"modified":"2026-03-18T09:23:21","modified_gmt":"2026-03-18T12:23:21","slug":"institucional","status":"publish","type":"page","link":"https:\/\/www.hospitaldeclinicas.uba.ar\/?page_id=146","title":{"rendered":"Institucional"},"content":{"rendered":"\n<div class=\"wp-block-group is-vertical is-layout-flex wp-container-core-group-is-layout-1 wp-block-group-is-layout-flex\">\n<div class=\"wp-block-buttons is-layout-flex wp-block-buttons-is-layout-flex\"><\/div>\n<\/div>\n\n\n\n<p><strong>Director General:<\/strong>&nbsp;Prof. Dr. Marcelo Melo<\/p>\n<p><strong>Subdirector M\u00e9dico:<\/strong>&nbsp;Dr. Juan Carlos Rodriguez<\/p>\n<p><strong>Director Adjunto de Atenci\u00f3n M\u00e9dica:<\/strong>&nbsp;Dr. Andres Ferrero<\/p>\n<p><strong>Director Asociado de Administraci\u00f3n:&nbsp;<\/strong>Oliva Felipe Gabriel<\/p>\n<p><strong>Director Asociado de Docencia e Investigaci\u00f3n<\/strong>:&nbsp;Prof. Dr. Marcelo Bou<\/p>\n<p><strong>Director Asociado de Gesti\u00f3n y Administraci\u00f3n de Personal<\/strong>:&nbsp;Mesler Hector Alejandro<\/p>\n\n\n\n<p><strong>Auditor\u00eda M\u00e9dica:&nbsp;<\/strong>Dr. Alberto S. Natan<\/p>\n<p id=\"block-6010bc60-36a0-4759-a0b9-9cb3b2db5078\"><strong>Biblioteca:<\/strong>&nbsp;Bibl. Silvana Ben\u00edtez<\/p>\n<p id=\"block-989bca93-ee66-4a57-994a-e57d89850cf4\"><strong>Comit\u00e9 de \u00c9tica:<\/strong>&nbsp;Prof. Dr. Francisco Appiani<\/p>\n<p id=\"block-b56ee3bb-c59b-4a33-b7a9-bc1c24f4cc71\"><strong>Compras y contrataciones<\/strong>: Abog. Franco Andr\u00e9s Gnesutta<\/p>\n<p id=\"block-9ca0d3af-3e1f-45eb-a976-1f76ea0024a5\"><strong>Comunicaci\u00f3n Institucional:<\/strong>&nbsp;Lic. Fernando Chamot<\/p>\n<p id=\"block-215d0eb7-4020-4a59-a272-cab4b44e8e2a\"><strong>Control Presupuestario:<\/strong>&nbsp;Pablo Cartelle<\/p>\n<p id=\"block-c944ea19-2128-46e2-b6fa-3a966bc90bb5\"><strong>Cuentas Corrientes:<\/strong>&nbsp;Adriana Civeira<\/p>\n<p id=\"block-aaf4dcc6-d794-42ee-82cf-b0621c80fca0\"><strong>Direcci\u00f3n de Investigaciones y Sumarios:<\/strong>&nbsp;Dr. Claudio Ambrosini<\/p>\n<p id=\"block-96263aa4-eff0-4ba0-bd71-5e4cb3bf3a2d\"><strong>Direcci\u00f3n General de Asuntos Legales:<\/strong>&nbsp;Abg. Eduardo R. Garc\u00eda Chor\u00e9n (Honorario)<\/p>\n<p><strong>Departamento de Internaciones y Egresos<\/strong>: Prof. Tec. Paula Ithurralde D\u2019Angelo<\/p>\n<p id=\"block-6c7a85d3-e6da-4f52-b1f5-02a8f332b4f4\"><strong>Departamento de Seguridad y Riesgo M\u00e9dico Legal:<\/strong>&nbsp;Dr. Ra\u00fal Benavente Ferrer<\/p>\n<p><strong>Departamento de Medicina Ambulatoria:&nbsp;<\/strong>Dr. Ra\u00fal M. Mej\u00eda<\/p>\n<p id=\"block-9ee9f898-26e3-411e-b515-2dbc38fbcbc9\"><strong>Direccion de Estad\u00edstica y Archivo M\u00e9dico:<\/strong>&nbsp;Dr. Dami\u00e1n Zopatti<\/p>\n<p id=\"block-5ddb2d28-bb32-4d6d-b8f9-f5010a7864e5\"><strong>Divisi\u00f3n Jur\u00eddico Pericial:<\/strong>&nbsp;Dr. Mart\u00edn Lerner<\/p>\n<p><strong>Direcci\u00f3n de inform\u00e1tica:<\/strong>&nbsp;Sr. Juan Lescano<\/p>\n<p id=\"block-06d866b0-50d5-401a-980c-24793eb0dbff\"><strong>Direcci\u00f3n de Mantenimiento:<\/strong>&nbsp;Arq. N\u00e9stor de los Santos<\/p>\n<p id=\"block-79905991-0ac6-4431-8932-c5c3b088f142\"><strong>Divisi\u00f3n Medicina Legal<\/strong>: Dr. Ra\u00fal Benavente Ferrer<\/p>\n<p id=\"block-f4bf5170-fa99-4a31-ad6c-593e1da031ba\"><strong>Enfermeria<\/strong>: Lic. Pedro Insfran<\/p>\n<p id=\"block-3176bb4f-b697-4114-b740-572c068d0542\"><strong>Facturaci\u00f3n:<\/strong>&nbsp;Natalia Trejo<\/p>\n<p id=\"block-40d88500-eaae-448d-980f-3bd3d3ab3c09\"><strong>Gestion Operativa:<\/strong>&nbsp;Mariana Conti<\/p>\n<p id=\"block-316b3cf0-65ac-4977-be77-cc9f18c0580f\"><strong>Higiene y Seguridad en el Trabajo:<\/strong>&nbsp;Lic. Adri\u00e1n Rodriguez<\/p>\n<p id=\"block-8d6f6214-a43c-4555-8f2a-bb355df4abb0\">J<strong>ard\u00edn Maternal \u201cHuellitas\u201d:<\/strong>&nbsp;Prof. Claudia Ansede<\/p>\n<p id=\"block-6a80527f-7264-4c8c-b909-cb7f21d90c4b\"><strong>Prestaciones:<\/strong>&nbsp;Carla Quijano<\/p>\n<p id=\"block-e4e0766b-c30f-4234-b983-e02c1c271659\"><strong>Secretaria General de Asuntos Legales y Sumarios:<\/strong>&nbsp;Abog. Mar\u00eda Susana Chenquelof<\/p\n<p id=\"block-101b37e2-abd2-4f07-b691-d62030316823\"><strong>Servicios Generales:&nbsp;<\/strong>Jorge Mart\u00ednez y Adri\u00e1n Oscar Bruzzese<\/p>\n<p id=\"block-4ba3c281-e4c1-4aee-96f1-2d99f8dda0f3\"><strong>Departamento de Trabajo Social:<\/strong>&nbsp;Lic. Carolina Nadal<\/p>\n<p id=\"block-8abeb113-2cce-49ef-aecf-14fbe10a8be8\"><strong>Unidad Descentralizada de Control Interno:<\/strong>&nbsp;Dr. Enrique Esperon.<\/p>\n<p id=\"block-e2b23893-388f-4784-a9d2-9e0294f6b96d\"><strong>Voluntariado:<\/strong>&nbsp;Lic. Mercedes Piccoli<\/p>\n\n\n\n<h2 class=\"wp-block-heading\">Medicina Interna<\/h2>\n<p><strong>Titular de la 1\u00ba C\u00e1tedra de Medicina Interna<\/strong>&nbsp;Dr. Diego Carrozza<\/p>\n<p><strong>Titular de la 4\u00ba C\u00e1tedra de Medicina Interna<\/strong>&nbsp; Prof. Dra Sof\u00eda Fern\u00e1ndez<\/p>\n<p><strong>Titular de la 5\u00ba C\u00e1tedra de Medicina Interna<\/strong>&nbsp;Prof. Dr. Manuel V\u00e1zquez Blanco<\/p>\n<p><strong>Titular de la 6\u00ba C\u00e1tedra de Medicina Interna<\/strong>&nbsp;Prof. Dr. Francisco Azzato<\/p>\n<h2 class=\"wp-block-heading\">Asistencial<\/h2>\n<p><strong>Divisi\u00f3n 1\u00ba C\u00e1tedra de Medicina Interna<\/strong>&nbsp;Prof Dr. Horacio Di Fonzo<\/p>\n<p><strong>Divisi\u00f3n 4\u00ba C\u00e1tedra de Medicina Interna&nbsp;<\/strong>Prof. Dra. Sof\u00eda Fernandez<\/p>\n<p><strong>Divisi\u00f3n 5\u00ba C\u00e1tedra de Medicina Interna<\/strong>&nbsp;Dr. Jorge Risso<\/p>\n<p><strong>Divisi\u00f3n 6\u00ba C\u00e1tedra de Medicina Interna<\/strong>&nbsp;Prof. Dra. Cecilia Ar\u00e9valo<\/p>\n\n\n\n<h2 class=\"wp-block-heading\">DIRECCI\u00d3N ASOCIADA DE DOCENCIA E INVESTIGACI\u00d3N<\/h2>\n\n\n\n<p><br><strong>Director:<\/strong> Prof. Dr. Marcelo Bou<br><strong>Divisi\u00f3n Docencia<br>Jefe de Divisi\u00f3n:<\/strong> Dra. Mar\u00eda Fernanda Cohen.<br><strong>Profesionales de Planta: <\/strong>Dr. Leonardo G. Fata, Dr. Camilo A. Girado.<br><strong>Profesionales Contratados:<\/strong> Lic. en Educaci\u00f3n Sebasti\u00e1n Caffera.<br><strong>Profesionales Consultores: <\/strong>Dra. Myriam Levi.<br><strong>Divisi\u00f3n Farmacolog\u00eda e Investigaci\u00f3n<br>Jefe de Divisi\u00f3n: <\/strong>Dr. Gustavo Risso.<br><strong>Profesionales de Planta:<\/strong> Dr. Marcelo Regueiro.<br><strong>Profesionales Contratados:<\/strong> Lic. en Ciencias Pol\u00edticas Virginia Kulik, Dr. Mario Dvorkin.<br><strong>Profesionales Consultores: <\/strong>Dra. Claudia Saidman.<br><strong>Divisi\u00f3n Asesor\u00eda Cient\u00edfica<br>Jefe de Divisi\u00f3n:<\/strong> Dr. Guido Di Fonzo.<br><strong>Profesionales Contratados:<\/strong> Dra. Marina Kohury, Dr.\/Lic. en Matem\u00e1ticas Roberto Mu\u00f1oz.<\/p>\n\n\n\n<p><br><strong>Plantel Administrativo<br>Coordinaci\u00f3n General Administrativa:<\/strong> Sra. Marcela Gerez.<br><strong>Jefa de Despacho:<\/strong> Sra. Graciela Fern\u00e1ndez.<br><strong>Jefa Administrativa:<\/strong> Sra. Andrea Ver\u00f3nica Reyna.<br><strong>Administrativos:<\/strong> Sr. Franco Yba\u00f1ez, Sra. Juliana Gismondi, Sra. Silvina Casab\u00e9.<br><br>Contacto: dirdoc@hospitaldeclinicas.uba.ar<\/p>\n\n\n\n<p><strong>Nuestra misi\u00f3n<br><\/strong>La misi\u00f3n de la Direcci\u00f3n Asociada de Docencia e Investigaci\u00f3n (DDI) del Hospital de Cl\u00ednicas<br>\u201cJos\u00e9 de San Mart\u00edn\u201d de la Universidad de Buenos Aires es colaborar, educar, motivar y<br>proveer un \u00e1mbito que permita a los profesionales de las Ciencias de la Salud lograr<br>contribuciones exitosas para los pacientes, sus profesiones y a la Sociedad toda. Brindamos a<br>la comunidad universitaria servicios e infraestructura para apoyar la investigaci\u00f3n, la<br>diseminaci\u00f3n del conocimiento, maximizando el impacto y la contribuci\u00f3n de nuestra<br>Universidad.<\/p>\n\n\n\n<p><\/p>\n\n\n\n<p><strong>Departamento de Cirug\u00eda:<\/strong>&nbsp;Prof. Dr. Luis Ernesto Sarotto (h)<\/p>\n<p><strong>Divisi\u00f3n Anestesia,:&nbsp;<\/strong>Dra. Stella Verlangieri<\/p>\n<p><strong>Divisi\u00f3n Cirug\u00eda Cad\u00edaca:&nbsp;<\/strong>Prof. Dr. H. Marcelo Damonte<\/p>\n<p><strong>Divisi\u00f3n Cirug\u00eda Gastroenterol\u00f3gica:&nbsp;<\/strong>Dr. Aljandro Moreira Grecco<\/p>\n<p><strong>Divisi\u00f3n Cirug\u00eda Oncol\u00f3gica:&nbsp;<\/strong>Dr Diego Sinagra<\/p>\n<p><strong>Divisi\u00f3n Cirug\u00eda Pl\u00e1stica:&nbsp;<\/strong>Dr. Marcelo Bou<\/p>\n<p><strong>Divisi\u00f3n Cirug\u00eda Tor\u00e1cica:<\/strong>&nbsp;Dr. Nu\u00f1ez Tomas Gustavo<\/p>\n<p><strong>Divisi\u00f3n Cirug\u00eda Vascular:<\/strong>&nbsp;Dr. Nicolas Heredia<\/p>\n<p><strong>Divisi\u00f3n Cirug\u00eda Venosa Y Linf\u00e1tica:<\/strong>&nbsp;Dr. Juan Alejandro Bercovich<\/p>\n<p><strong>Divisi\u00f3n Neurocirug\u00eda:<\/strong>&nbsp;Dr. Mariano Socolovsky<\/p>\n<p><strong>Divisi\u00f3n Oftalmolog\u00eda:<\/strong>&nbsp;Prof. Dr. Pablo Chiaradia<\/p>\n<p><strong>Divisi\u00f3n Ortopedia y Traumatolog\u00eda:<\/strong>&nbsp;Dr. Honorio Pueyrredon<\/p>\n<p><strong>Divisi\u00f3n Otorrinolaringolog\u00eda:&nbsp;<\/strong>Dr. Fernando J. An\u00e9<\/p>\n<p><strong>Divisi\u00f3n Quir\u00f3fanos<\/strong>: Dr. Ariel Pablo Ramos<\/p>\n<p><strong>Divisi\u00f3n Urolog\u00eda:&nbsp;<\/strong>Prof. Dr. Norberto Bernardo<\/p>\n<p><strong>Departamento de Medicina Interna:&nbsp;<\/strong>Prof. Dr. Francisco Azzato<\/p>\n<p><strong>Divisi\u00f3n Alergia e Inmunolog\u00eda:&nbsp;<\/strong>Dra. Raquel Rodriguez<\/p>\n<p><strong>Divisi\u00f3n Cardiolog\u00eda:<\/strong>&nbsp;Dr. Ricardo P\u00e9rez de la Hoz<\/p>\n<p><strong>Divisi\u00f3n Dermatolog\u00eda:<\/strong>&nbsp;Prof. Dr. Graciela Manzur<\/p>\n<p><strong>Divisi\u00f3n Diabetolog\u00eda:<\/strong>&nbsp;Prof. Dr. Felix Miguel Puchulu<\/p>\n<p><strong>Divisi\u00f3n Endocrinolog\u00eda:&nbsp;<\/strong>Dra. Karina Danilowicz<\/p>\n<p><strong>Divisi\u00f3n Gastroenterolog\u00eda:<\/strong>Prof. Dr. Juan Antonio Sord\u00e1<\/p>\n<p><strong>Divisi\u00f3n Gen\u00e9tica:<\/strong>&nbsp;Dra. Liliana Iris Francipane<\/p>\n<p><strong>Divisi\u00f3n Hematolog\u00eda:<\/strong>&nbsp;Prof. Dra. Francisca Rojas<\/p>\n<p><strong>Divisi\u00f3n Infectolog\u00eda:<\/strong>&nbsp;Dr. Daniel Stecher<\/p>\n<p><strong>Divisi\u00f3n Inmunogen\u00e9tica:&nbsp;<\/strong>Prof. Dr. Leonardo Fainboim<\/p>\n<p><strong>Divisi\u00f3n Interconsulta Cl\u00ednica M\u00e9dica:&nbsp;<\/strong>Dra. Daniela Solange Tolosa Koury<\/p>\n<p><strong>Divisi\u00f3n Nefrolog\u00eda:<\/strong>Dr. Marcelo de Rosa<\/p>\n<p><strong>Divisi\u00f3n Neumonolog\u00eda:<\/strong>&nbsp;Dra. Ana Putruele (int.)<\/p>\n<p><strong>Divisi\u00f3n Neurolog\u00eda:&nbsp;<\/strong>Dra. Lourdes Figuerola<\/p>\n<p><strong>Divisi\u00f3n Nutrici\u00f3n:&nbsp;<\/strong>Prof. Dr. Gustavo Frechtel<\/p>\n<p><strong>Divisi\u00f3n Oncolog\u00eda Cl\u00ednica:<\/strong>&nbsp;Dra. Silvia Ferrandini<\/p>\n<p><strong>Divisi\u00f3n Reumatolog\u00eda:<\/strong>Dra. Diana Dubinski<\/p>\n<p><strong>Divisi\u00f3n Toxicolog\u00eda:&nbsp;<\/strong>Dr. Gabriel Alfredo Arcidiacono<\/p>\n<p><strong>Departamento de Pediatr\u00eda:<\/strong>&nbsp;Dr. Diego Rosso<\/p>\n<p><strong>Divisi\u00f3n Cirug\u00eda Pedi\u00e1trica:&nbsp;<\/strong>Dr. Juan Jos\u00e9 Bande<\/p>\n<p><strong>Secci\u00f3n Cl\u00ednica M\u00e9dica Pedi\u00e1trica:<\/strong>&nbsp;Dr. N\u00e9stor Abramovich<\/p>\n<p><strong>Secci\u00f3n Consultorios Externos:<\/strong> Dr. Ra\u00fal Mejia<\/p>\n<p><strong>\u00c1rea de Nefrolog\u00eda Infantil:&nbsp;<\/strong>Dr. Diego Bernardo<\/p>\n<p><strong>Secci\u00f3n Neumonolog\u00eda Infantil:&nbsp;<\/strong>Dr. Juan Manuel Figueroa<\/p>\n<p><strong>Secci\u00f3n Neurolog\u00eda Infantil:&nbsp;<\/strong>Dr. H\u00e9ctor Rodolfo Benavente<\/p>\n<p><strong>Secci\u00f3n Nutrici\u00f3n Infantil:&nbsp;<\/strong>Dr. Frechtel Gustavo Daniel<\/p>\n<p><strong>Secci\u00f3n Oncolog\u00eda-Oncohematolog\u00eda:&nbsp;<\/strong>Dr. Diego A. Rosso<\/p>\n<p><strong>Unidad de Cuidados Intensivos Pedi\u00e1tricos (UCIP):<\/strong>&nbsp;Dra. Mar\u00eda Gabriela Rodr\u00edguez<\/p>\n<p><strong>Departamento de Salud Mental:<\/strong>&nbsp;Prof. Dr. Ignacio Brusco<\/p>\n<p><strong>Divisi\u00f3n Interconsultas:&nbsp;<\/strong>Dr. Juan Ingelmo<\/p>\n<p><strong>Divisi\u00f3n Ambulatoria y consultorios externos:&nbsp;<\/strong>Dra. Mar\u00eda Boggiano<\/p>\n<p><strong>Divisi\u00f3n Internaci\u00f3n <\/strong>: Dra. Ver\u00f3nica Skochko<\/p>\n<p><strong>Divisi\u00f3n Docencia e Investigaci\u00f3n: <\/strong>Dr. Patricio Rey<\/p>\n<p><strong>Divisi\u00f3n Psiconeurofarmacolog\u00eda: <\/strong>Dra. Cynthia Dunovits<\/p>\n<p><strong>Divisi\u00f3n Neurpsiquiatr\u00eda: <\/strong>Prof. Dr. Ignacio Brusco<\/p>\n<p><strong>Divisi\u00f3n Psicosocio Rehabilitaci\u00f3n: <\/strong>Dra. Natividad Olivar<\/p>\n<p><strong>Secci\u00f3n Psicolog\u00eda e Interdisciplina: <\/strong>Lic. Rosario Matas<\/p>\n<p><strong>Departamento de Tocoginecolog\u00eda<\/strong>: Prof. Dr. Silvio Tatti<\/p>\n<p><strong>Divisi\u00f3n Ginecolog\u00eda:<\/strong>&nbsp;Prof. Dr. Javier Ortiz<\/p>\n<p><strong>Divisi\u00f3n Obstetricia:<\/strong>&nbsp;Dr. Dario Didia<\/p>\n<p><strong>Divisi\u00f3n Neonatolog\u00eda<\/strong>: Dra. Graciela Corral<\/p>\n<p><strong>Escuela de Instrumentaci\u00f3n Quir\u00fargica<\/strong>:Lic. Eleonora AlejandraTimponi<\/p>\n<p><strong>Programa de Cirug\u00eda Oncopl\u00e1stica<\/strong>:Dr. Luis Alberto Rancati<\/p>\n<p><strong>Radiolog\u00eda Intervencionista<\/strong>:Dr. Francisco Suarez Anzorena<\/p>\n\n\n\n\n<p><strong>Departamento de Alimentaci\u00f3n y Diet\u00e9tica:<\/strong>&nbsp;Lic. Cynthia Musso<\/p>\n\n\n<p><strong>Departamento de Anatom\u00eda Patol\u00f3gica:<\/strong>&nbsp;Dra. Lili B. D\u00edaz<\/p>\n\n\n<p><strong>Departamento de Bioqu\u00edmica Cl\u00ednica:&nbsp;<\/strong>Prof. Dra. \u00c1ngela Famiglietti<\/p>\n\n\n<p><strong>Departamento de Diagn\u00f3stico por Im\u00e1genes:<\/strong>&nbsp;Dr. Mariano Sosa (int.)<\/p>\n\n\n<p><strong>Departamento de Farmacia y Esterilizaci\u00f3n:<\/strong>&nbsp;Dra. Beatriz In\u00e9s Goyheneche<\/p>\n\n\n<p><strong>Departamento de Hemoterapia:<\/strong>&nbsp;Dra. Alejandra Vellicce<\/p>\n\n\n<p><strong>Divisi\u00f3n Kinesiolog\u00eda:<\/strong>&nbsp;Lic. Danilo Bataglia<\/p>\n\n\n<p><strong>Departamento de Enfermer\u00eda<\/strong>: Dr. Pedro Insfran<\/p>\n\n\n<p><strong>Departamento de Higiene y Seguridad:&nbsp;<\/strong>Arq. Guillermo Zuzel<\/p>\n\n\n<p><strong>Centro de Medicina Nuclear:<\/strong>&nbsp;<\/p>\n\n\n\n\n\n<p><strong>Divisi\u00f3n Unidad Coronaria:&nbsp;<\/strong>Prof. Dr. Ricardo P\u00e9rez de la Hoz<\/p>\n\n\n<p><strong>Divisi\u00f3n Urgencias:&nbsp;<\/strong>Dr. Claudio Yaryour<\/p>\n\n\n<p><strong>Divisi\u00f3n Terapia Intensiva<\/strong>: Dr. Abelardo Capdevila<\/p>\n\n\n\n\n<p><strong>Actividad F\u00edsica y Deportes:&nbsp;<\/strong>&nbsp;Dr. Jorge Franchella<\/p>\n<p><strong>Adolescencia:<\/strong>&nbsp;Dra. Elizabeth Dominguez<\/p>\n<p><strong>Apoyo Nutricional:<\/strong>&nbsp;Prof. Dr. Gustavo Frechtel<\/p>\n<p><strong>Biolog\u00eda Molecular y metabolismo del ox\u00edgeno:&nbsp;<\/strong>Prof. Dr. Gustavo Frechtel<\/p>\n<p><strong>Bio\u00e9tica<\/strong>&nbsp;Dr. Juan Carlos Tealdi<\/p>\n<p><strong>Enfermedades de la Uni\u00f3n Cr\u00e1neo Espinal:<\/strong>&nbsp;Dr. Juan Jos\u00e9 Mezzadri<\/p>\n<p><strong>Enfermedades de Transmisi\u00f3n Sexual:<\/strong>&nbsp;Dra. Asunta Melgar<\/p>\n<p><strong>Estudios Pancre\u00e1ticos<\/strong>&nbsp;Dr. Osvaldo Manuel Tiscornia<\/p>\n<p><strong>Farmacolog\u00eda Cl\u00ednica<\/strong>&nbsp;Dr. Daniel Goldemberg y Dra. Claudia Saidman<\/p>\n<p><strong>Gerontolog\u00eda y Geriatr\u00eda&nbsp;<\/strong>Dra. Ver\u00f3nica Chiaradia<\/p>\n<p><strong>Hipertensi\u00f3n Arterial<\/strong>&nbsp;Dra. Maia Akopian<\/p>\n<p><strong>Lesiones Traum\u00e1ticas de Plexos y Nervios Perif\u00e9ricos<\/strong>&nbsp;Dr. Mariano Socolovsky<\/p>\n<p><strong>Medicina Interna General<\/strong>&nbsp;Dr. Ra\u00fal Mejia<\/p>\n<p><strong>Hospital de D\u00eda<\/strong>&nbsp;Cl\u00ednico Dr. Martin Dobarr y Quir\u00fargico Dr Sebasti\u00e1n Alba Posse<\/p>\n<p><strong>Parkinson y Movimientos Anormales&nbsp;<\/strong>Dra. Graciela Cersosimo<\/p>\n<p><strong>SIDA&nbsp;<\/strong>Prof. Dra. Iris Tiraboschi<\/p>\n<p><strong>Sexolog\u00eda Cl\u00ednica<\/strong>&nbsp;Dr. Juan Carlos Kusnetzoff<\/p>\n<p><strong>Epidemiolog\u00eda Hospitalaria&nbsp;<\/strong>Dra. Monica B. Foccoli<\/p>\n<p><strong>Trasplante de M\u00e9dula \u00d3sea<\/strong>&nbsp;Dra. Alejandra Banchieri<\/p>\n<p><strong>Trasplante Renal<\/strong>&nbsp;Dra. Laura Idiarte<\/p>\n\n\n\n\n<p>El Voluntariado del Hospital de Cl\u00ednicas da la bienvenida a toda persona que desee colaborar en forma solidaria, responsable y desinteresada con el bienestar del paciente durante su tr\u00e1nsito por el Hospital.<\/p>\n\n\n\n<p>\u2013 Voluntariado Damas de Rosa<br>\u2013 Voluntariado De Coraz\u00f3n<br>\u2013 Voluntariado Hijas de Mar\u00eda de Schenstatt<br>\u2013 Voluntariado LALCEC<br>\u2013 Voluntariado Primera C\u00e1tedra de Medicina<br>\u2013 Voluntariado Rinc\u00f3n de Lectura de la \u201cFundaci\u00f3n Dr. Enrique Rossi\u201d<br>\u2013 Voluntariado Red Solidaria de Profesionales de la Salud<br>\u2013 Voluntariado Recreativo, integrado por seis grupos:<br>&nbsp; &nbsp; &nbsp; -Payamedicos<br>&nbsp; &nbsp; &nbsp; -Payacristo<br>&nbsp; &nbsp; &nbsp; -Desfibriladores (5\u00ba C\u00e1tedra)<br>&nbsp; &nbsp; &nbsp; -Visitas Musicales UNA (Universidad Nacional de Arte)<br>&nbsp; &nbsp; &nbsp; -Grupo Joven Esperanza&nbsp;<\/p>\n\n\n<p>Cada grupo de voluntariado, con las identidades propias que los caracterizan en sus funciones, intercambian sus experiencias y habilidades para ayudar a quien lo necesite.<\/p>\n\n\n\n\n<p>-Ser mayor de 18 a\u00f1os.<br>-Poseer condiciones en el desempe\u00f1o social, solidario y humanitario.<\/p>\n\n\n<p>Si desea integrarse como voluntario en este hospital podr\u00e1 solicitar una entrevista a:<\/p>\n\n\n<p><strong>Coordinaci\u00f3n del Voluntariado<br>Hospital de Cl\u00ednicas \u201cJos\u00e9 de San Mart\u00edn\u201d<br>Av. C\u00f3rdoba 2351, entrepiso (C1120AAR) Ciudad Aut\u00f3noma de Buenos Aires<br>5950-8095\/8630&nbsp;<a href=\"https:\/\/web.archive.org\/web\/20210817035929\/mailto:mpiccoli@hospitaldeclinicas.uba.ar\">mpiccoli@hospitaldeclinicas.uba.ar<\/a><\/strong><\/p>\n\n\n\n\n\n\n<p>Sitio oficial&nbsp;<a href=\"https:\/\/web.archive.org\/web\/20210926223751\/https:\/\/www.amhc.com.ar\/\">https:\/\/www.amhc.com.ar\/<\/a><\/p>\n\n\n<p><strong>Presidente:&nbsp;<\/strong>Prof. Dr. Luis Sarotto<\/p>\n\n\n<p><strong>Vicepresidente:<\/strong>&nbsp;Dr. Ra\u00fal Benavente Ferrer<\/p>\n\n\n<p><strong>Secretario:<\/strong>&nbsp;Dr. Esteban Gonz\u00e1lez Ballerga<\/p>\n\n\n<p><strong>Prosecretario:<\/strong>Dra. Vujacich Patricia Rubi<\/p>\n\n\n<p><strong>Protesorero:<\/strong>&nbsp;Dra. Daniela Tolosa Koury<\/p>\n\n\n<p><strong>-Comisi\u00f3n de Educaci\u00f3n y Desarrollo Cient\u00edfico:&nbsp;<\/strong>Presidente: Prof. Dr. Azzato<\/p>\n\n\n<p><strong>-Comisi\u00f3n de Cultura y Extensi\u00f3n Hospitalaria:<\/strong>Presidente: Prof. Dr.Roberto I\u00e9rmoli<\/p>\n\n\n<p><strong>-Comisi\u00f3n de Relaciones Institucionales y Mutual:<\/strong>&nbsp;Presidente: Dr. ClaudioYaryour<\/p>\n\n\n<p><strong>-Comisi\u00f3n de Innovaci\u00f3n Tecnol\u00f3gica e Infraestructura<\/strong>:Presidente: Dr. Honorio Pueyrred\u00f3n<\/p>\n\n\n<p><strong>-Comisi\u00f3n de \u00c9tica y Disciplina:<\/strong>&nbsp;Presidente: Dr. Miguel Ch\u00e1vez Zambrano<\/p>\n\n\n<p><strong>-Comisi\u00f3n de Asuntos Gremiales:<\/strong>&nbsp;Presidente: Dr. Ra\u00fal Benavente Ferrer<\/p>\n\n\n<p><strong>-Comisi\u00f3n de Asuntos M\u00e9dicos Legales:&nbsp;<\/strong>Presidente: Dr. Patricio Jacovella<\/p>\n\n\n<p><strong>-Comisi\u00f3n de Comunicaci\u00f3n:<\/strong>&nbsp;Presidente: Dr. Carlos Nolazco<\/p>\n\n\n<p><strong>-Comisi\u00f3n de Control de Calidad y Gesti\u00f3n:&nbsp;<\/strong>Presidente: Dra. Alejandra Vellice<\/p>\n\n\n\n\n\n<p><strong>Delegada:&nbsp;<\/strong>Sra. Elsa Carrizo<\/p>\n\n\n<p><strong>Subdelegado:<\/strong>&nbsp;Lic. Rub\u00e9n Ortiz<\/p>\n\n\n<p><strong>Secretario Gremial:<\/strong>&nbsp;Sr. Luis Gonz\u00e1lez<\/p>\n\n\n\n\n<div style=\"position: absolute; left: -8644px;\">\n<p>Para aqueles que est\u00e3o procurando <a href=\"https:\/\/casinosnobrasil.com.br\/\">o melhor guia sobre como jogar em cassinos online no Brasil<\/a>, voc\u00ea veio ao lugar certo. Com tantas op\u00e7\u00f5es de cassinos on-line dispon\u00edveis, \u00e9 dif\u00edcil saber por onde come\u00e7ar. \u00c9 por isso que reunimos o melhor guia para ajud\u00e1-lo a navegar no mundo dos cassinos on-line no Brasil. Desde a escolha da plataforma certa at\u00e9 a compreens\u00e3o das regras dos jogos, n\u00f3s o ajudamos. Portanto, seja voc\u00ea um iniciante ou um jogador experiente, nosso guia lhe dar\u00e1 todas as informa\u00e7\u00f5es necess\u00e1rias para ter a melhor experi\u00eancia poss\u00edvel em cassinos on-line no Brasil.<\/p>\n<\/div>\n","protected":false},"excerpt":{"rendered":"<p>Director General:&nbsp;Prof. Dr. Marcelo Melo Subdirector M\u00e9dico:&nbsp;Dr. Juan Carlos Rodriguez Director Adjunto de Atenci\u00f3n M\u00e9dica:&nbsp;Dr. Andres Ferrero Director Asociado de Administraci\u00f3n:&nbsp;Oliva Felipe Gabriel Director Asociado de Docencia e Investigaci\u00f3n:&nbsp;Prof. Dr. Marcelo Bou Director Asociado de Gesti\u00f3n y Administraci\u00f3n de Personal:&nbsp;Mesler Hector Alejandro Auditor\u00eda M\u00e9dica:&nbsp;Dr. Alberto S. Natan Biblioteca:&nbsp;Bibl. Silvana Ben\u00edtez Comit\u00e9 de \u00c9tica:&nbsp;Prof. Dr. Francisco&hellip;<\/p>\n","protected":false},"author":1,"featured_media":0,"parent":0,"menu_order":0,"comment_status":"closed","ping_status":"closed","template":"","meta":{"footnotes":""},"class_list":["post-146","page","type-page","status-publish","hentry"],"aioseo_notices":[],"_links":{"self":[{"href":"https:\/\/www.hospitaldeclinicas.uba.ar\/index.php?rest_route=\/wp\/v2\/pages\/146","targetHints":{"allow":["GET"]}}],"collection":[{"href":"https:\/\/www.hospitaldeclinicas.uba.ar\/index.php?rest_route=\/wp\/v2\/pages"}],"about":[{"href":"https:\/\/www.hospitaldeclinicas.uba.ar\/index.php?rest_route=\/wp\/v2\/types\/page"}],"author":[{"embeddable":true,"href":"https:\/\/www.hospitaldeclinicas.uba.ar\/index.php?rest_route=\/wp\/v2\/users\/1"}],"replies":[{"embeddable":true,"href":"https:\/\/www.hospitaldeclinicas.uba.ar\/index.php?rest_route=%2Fwp%2Fv2%2Fcomments&post=146"}],"version-history":[{"count":44,"href":"https:\/\/www.hospitaldeclinicas.uba.ar\/index.php?rest_route=\/wp\/v2\/pages\/146\/revisions"}],"predecessor-version":[{"id":9352,"href":"https:\/\/www.hospitaldeclinicas.uba.ar\/index.php?rest_route=\/wp\/v2\/pages\/146\/revisions\/9352"}],"wp:attachment":[{"href":"https:\/\/www.hospitaldeclinicas.uba.ar\/index.php?rest_route=%2Fwp%2Fv2%2Fmedia&parent=146"}],"curies":[{"name":"wp","href":"https:\/\/api.w.org\/{rel}","templated":true}]}}