{"id":1179,"date":"2023-09-27T11:18:08","date_gmt":"2023-09-27T11:18:08","guid":{"rendered":"https:\/\/www.hospitaldeclinicas.uba.ar\/?page_id=1179"},"modified":"2023-09-27T11:18:08","modified_gmt":"2023-09-27T11:18:08","slug":"la-enfermedad-cardiovascular-causa-la-muerte-del-27-de-las-mujeres-mayores-de-60-anos-en-argentina","status":"publish","type":"page","link":"https:\/\/www.hospitaldeclinicas.uba.ar\/?page_id=1179","title":{"rendered":"La enfermedad cardiovascular causa la muerte del 27% de las mujeres mayores de 60 a\u00f1os en Argentina"},"content":{"rendered":"\n<p><strong>La Red de Hospitales Universitarios, \u00e1rea de salud de la UBA que brinda atenci\u00f3n a m\u00e1s de 500.000 personas al a\u00f1o, advierte sobre esta afecci\u00f3n que es la principal causa de muerte en mujeres mayores de 60 a\u00f1os.<\/strong><\/p>\n\n\n\n<p>\u201cLos s\u00edntomas de la enfermedad cardiovascular son similares en el hombre y la mujer, en la mayor\u00eda de los casos (50% de los infartos en las mujeres tienen s\u00edntomas t\u00edpicos: dolor de pecho opresivo, falta de aire) pero puede presentarse con s\u00edntomas at\u00edpicos como la sensaci\u00f3n de cansancio extremo, debilidad, n\u00e1useas y v\u00f3mitos, dolor mandibular, dolor en mu\u00f1eca, sensaci\u00f3n de aturdimiento. Todos ellos hacen retrasar el diagn\u00f3stico ya que pueden confundirse con enfermedades como una contractura muscular, trastornos digestivos, por lo que se recomienda nunca subestimar estos s\u00edntomas cuando sean recurrentes\u201d sostiene la Dra. Anal\u00eda Aquieri, m\u00e9dica de la Divisi\u00f3n Cardiolog\u00eda del Hospital de Cl\u00ednicas de la UBA.&nbsp;<\/p>\n\n\n\n<p><br>De todas las muertes que se produjeron en Argentina en el a\u00f1o 2021, seg\u00fan las estad\u00edsticas publicadas por el <a href=\"https:\/\/www.argentina.gob.ar\/sites\/default\/files\/serie_5_nro_65_anuario_vitales_2021_-_web.pdfrie_5_nro_65_anuario_vitales_2021_-_web.pdf\">Ministerio de Salud de la Naci\u00f3n<\/a>, un 26,10% fueron por causas cardiovasculares, siendo la primera causa de muerte en Argentina. \u201cSi dividimos por sexo, las mujeres tuvieron un porcentaje mayor de muertes cardiovasculares con respecto al hombre 27,29% vs 24,52%, seg\u00fan la misma fuente. Esto demuestra la importancia de la concientizaci\u00f3n y prevenci\u00f3n de la enfermedad cardiovascular en la mujer\u201d alerta Aquieri.<\/p>\n\n\n\n<p>\u201cLa enfermedad cardiovascular tiene mayor incidencia a partir de los 60 a\u00f1os, cuando la mujer se encuentra en menopausia, ya que no tiene el \u201cefecto protector\u201d de los estr\u00f3genos (vasodilataci\u00f3n de los vasos sangu\u00edneos, descenso del colesterol malo) y comienza con aumento de los factores de riesgo cardiovascular como la dislipemia (colesterol alto), hipertensi\u00f3n arterial (presi\u00f3n alta), hay mayor sedentarismo, trastornos psicosociales como estr\u00e9s, depresi\u00f3n. Todos ellos, aumentan la posibilidad de sufrir un evento cardiovascular como es el infarto o el accidente cerebrovascular\u201d advierte la cardi\u00f3loga.<\/p>\n\n\n\n<p>La especialista remarca lo importante de la prevenci\u00f3n ya que \u201clas mujeres son vulnerables a cualquier edad. Por ejemplo, el embarazo es una prueba de esfuerzo para el coraz\u00f3n que debe transitar, posiblemente sin controles previos. Pueden existir enfermedades cong\u00e9nitas que ponen en riesgo a la mujer durante el embarazo. Tambi\u00e9n pueden tener trastornos hipertensivos durante el mismo, y esto aumenta su riesgo cardiovascular.&nbsp; Existen otros factores de riesgo propios de la mujer, como las enfermedades autoinmunes (lupus), menopausia precoz, diabetes gestacional, tratamiento de c\u00e1ncer de mama (radioterapia) que se suman a la lista de factores convencionales compartidos con el hombre. Son vulnerables, porque no hay concientizaci\u00f3n m\u00e9dica ni en la poblaci\u00f3n general, que existe este problema, y que debemos trabajar \u201clo antes posible\u201d para poder evitarlo\u201d.<\/p>\n\n\n\n<p>La prevenci\u00f3n es la mejor acci\u00f3n que podemos tomar respecto a esta problem\u00e1tica,&nbsp; ya que es la mejor forma de controlar los factores de riesgo sin esperar a encontrar s\u00edntomas con la enfermedad ya establecida. \u201cPodemos lograr disminuir el riesgo de complicaciones y muerte si controlamos los factores de riesgo cardiovascular. Se recomienda&nbsp; realizar controles con profesionales de forma peri\u00f3dica. Es importante conocer los valores de presi\u00f3n arterial, el peso y con un an\u00e1lisis de sangre, la glucemia y el colesterol. Lo que siempre se recomienda es dejar el tabaco en caso de que el paciente sea fumador, realizar actividad f\u00edsica y una dieta rica en frutas y verduras.<\/p>\n\n\n\n<p>\u201cConcientizar a la mujer, a la poblaci\u00f3n en general y a la comunidad m\u00e9dica sobre este problema. Pasan los a\u00f1os, las estad\u00edsticas siguen siendo desfavorables, las encuestas de percepci\u00f3n siguen mostrando que no hay conocimiento de esto\u201d cierra Aquieri respecto a la importancia del D\u00eda Mundial del Coraz\u00f3n.<\/p>\n\n\n\n<p><strong>SOBRE LA RED DE HOSPITALES UNIVERSITARIOS DE LA UBA<\/strong><\/p>\n\n\n\n<p>La Red de Hospitales Universitarios de la UBA comprende al Hospital de Cl\u00ednicas \u201cJos\u00e9 de San Mart\u00edn\u201d, el Instituto de Oncolog\u00eda \u00c1ngel H. Roffo, el Instituto de Investigaciones M\u00e9dicas Dr. Alfredo Lanari, el Instituto de Tisioneumonolog\u00eda \u00abProf. Dr. Ra\u00fal Vaccarezza\u00bb, al Hospital Odontol\u00f3gico y el Hospital Escuela de Ciencias Veterinarias de la Universidad de Buenos Aires.<\/p>\n\n\n\n<p>Est\u00e1 \u00e1rea de salud de la UBA tiene a la asistencia como uno de sus pilares fundamentales brindando atenci\u00f3n a m\u00e1s de 500.000 personas al a\u00f1o y complementando as\u00ed la docencia y la investigaci\u00f3n.<\/p>\n\n\n\n<p>En el marco de las pol\u00edticas p\u00fablicas de Salud la Red de Hospitales de la UBA pone sobre relieve la importancia de la difusi\u00f3n de informaci\u00f3n sobre salud que permita generar h\u00e1bitos saludables as\u00ed como contribuir a la prevenci\u00f3n y control de enfermedades.<\/p>\n","protected":false},"excerpt":{"rendered":"<p>La Red de Hospitales Universitarios, \u00e1rea de salud de la UBA que brinda atenci\u00f3n a m\u00e1s de 500.000 personas al a\u00f1o, advierte sobre esta afecci\u00f3n que es la principal causa de muerte en mujeres mayores de 60 a\u00f1os. \u201cLos s\u00edntomas de la enfermedad cardiovascular son similares en el hombre y la mujer, en la mayor\u00eda&hellip;<\/p>\n","protected":false},"author":6,"featured_media":0,"parent":0,"menu_order":0,"comment_status":"closed","ping_status":"closed","template":"","meta":{"footnotes":""},"class_list":["post-1179","page","type-page","status-publish","hentry"],"aioseo_notices":[],"_links":{"self":[{"href":"https:\/\/www.hospitaldeclinicas.uba.ar\/index.php?rest_route=\/wp\/v2\/pages\/1179","targetHints":{"allow":["GET"]}}],"collection":[{"href":"https:\/\/www.hospitaldeclinicas.uba.ar\/index.php?rest_route=\/wp\/v2\/pages"}],"about":[{"href":"https:\/\/www.hospitaldeclinicas.uba.ar\/index.php?rest_route=\/wp\/v2\/types\/page"}],"author":[{"embeddable":true,"href":"https:\/\/www.hospitaldeclinicas.uba.ar\/index.php?rest_route=\/wp\/v2\/users\/6"}],"replies":[{"embeddable":true,"href":"https:\/\/www.hospitaldeclinicas.uba.ar\/index.php?rest_route=%2Fwp%2Fv2%2Fcomments&post=1179"}],"version-history":[{"count":1,"href":"https:\/\/www.hospitaldeclinicas.uba.ar\/index.php?rest_route=\/wp\/v2\/pages\/1179\/revisions"}],"predecessor-version":[{"id":1180,"href":"https:\/\/www.hospitaldeclinicas.uba.ar\/index.php?rest_route=\/wp\/v2\/pages\/1179\/revisions\/1180"}],"wp:attachment":[{"href":"https:\/\/www.hospitaldeclinicas.uba.ar\/index.php?rest_route=%2Fwp%2Fv2%2Fmedia&parent=1179"}],"curies":[{"name":"wp","href":"https:\/\/api.w.org\/{rel}","templated":true}]}}