{"id":1164,"date":"2023-09-21T13:05:51","date_gmt":"2023-09-21T13:05:51","guid":{"rendered":"https:\/\/www.hospitaldeclinicas.uba.ar\/?page_id=1164"},"modified":"2023-09-21T13:05:51","modified_gmt":"2023-09-21T13:05:51","slug":"se-estima-que-el-60-de-las-personas-con-problemas-de-tiroides-desconoce-su-situacion","status":"publish","type":"page","link":"https:\/\/www.hospitaldeclinicas.uba.ar\/?page_id=1164","title":{"rendered":"Se estima que el 60% de las personas con problemas de tiroides desconoce su situaci\u00f3n"},"content":{"rendered":"\n<p><strong>El c\u00e1ncer de tiroides se caracteriza por el crecimiento anormal de c\u00e9lulas en la gl\u00e1ndula tiroides, ubicada en la parte frontal del cuello. Los s\u00edntomas m\u00e1s visibles est\u00e1n relacionados a bultos en el cuello, dificultad para tragar, cambios en la voz y, en algunos casos, dolor. Es m\u00e1s com\u00fan en mujeres que en hombres y se presenta en&nbsp;la edad media de las personas que va entre 20 y 60 a\u00f1os.<\/strong><\/p>\n\n\n\n<p>\u201cHablar de la enfermedad tiroidea es hablar de una patolog\u00eda que padecen 9 de cada 10 mujeres (en distintas formas c\u00f3mo hipotiroidismo, hipertiroidismo y n\u00f3dulos tiroideos entre otros). En&nbsp; casos donde se desarrolla un c\u00e1ncer, con un diagn\u00f3stico oportuno y tratamiento posterior, su esperanza de sobrevida asciende a m\u00e1s de 20 a\u00f1os, mucho m\u00e1s que en otro tipo de enfermedades oncol\u00f3gicas\u201d comenta el Dr. Diego Sinagra, jefa del Departamento de Cirug\u00eda Oncol\u00f3gica del Hospital de Cl\u00ednicas de la UBA.&nbsp;<\/p>\n\n\n\n<p>Si bien en muchos casos, la enfermedad tiroidea es benigna, para descartar la peligrosidad de la misma basta con una serie de estudios como una ecograf\u00eda y an\u00e1lisis de sangre. Se estima que alrededor de 750 millones de personas en el mundo sufren alg\u00fan tipo de afecci\u00f3n relacionada al funcionamiento de la gl\u00e1ndula endocrina y que el 60% de ellas desconoce su situaci\u00f3n seg\u00fan la OMS.&nbsp;<\/p>\n\n\n\n<p>\u201cTambi\u00e9n existen otros s\u00edntomas como los cambios abruptos en el humor, la dificultad para subir de peso (ya que las personas que presentan hipertiroidismo suelen ser muy delgadas), problemas para conciliar el sue\u00f1o, sudoraci\u00f3n e hipertensi\u00f3n arterial. Por lo que estar atentos a estos s\u00edntomas y consultar oportunamente al profesional hacen la diferencia a la hora de tratar las formas complejas de la enfermedad\u201d advierte el especialista.<\/p>\n\n\n\n<p>\u201cEl c\u00e1ncer de tiroides tiene tres formas: el c\u00e1ncer diferenciado, el m\u00e1s com\u00fan con el 95% de los casos, que se origina en las c\u00e9lulas foliculares. El c\u00e1ncer medular se origina en las c\u00e9lulas parafoliculares y por \u00faltimo, el anapl\u00e1sico que es el m\u00e1s agresivo pero tambi\u00e9n menos frecuente. El c\u00e1ncer de tiroides representa el octavo tumor m\u00e1s com\u00fan en Argentina con una tasa de mortalidad de 4000 personas al a\u00f1o, su aparici\u00f3n afecta la salud de forma integral de la persona por lo cual es tan importante hacer prevenci\u00f3n\u201d remarca Sinagra.&nbsp;<\/p>\n\n\n\n<p>\u201cEl tratamiento para el c\u00e1ncer de tiroides generalmente implica cirug\u00eda para extirpar la gl\u00e1ndula tiroides afectada, seguida de terapia con yodo radiactivo, radioterapia o terapia dirigida seg\u00fan el tipo y la etapa del c\u00e1ncer. La mayor\u00eda de los pacientes tienen un pron\u00f3stico favorable y pueden llevar una vida normal despu\u00e9s del tratamiento\u201d comenta Sinagra.<\/p>\n\n\n\n<p>Por eso \u201cdesde el 26 y hasta el 28 de septiembre de 9 a 12hs en el hall de entrepiso por el acceso de la calle Paraguay habr\u00e1 una campa\u00f1a de atenci\u00f3n a la comunidad de pacientes. La misma consta de una entrevista con un profesional para luego, dependiendo del caso, hacer an\u00e1lisis de sangre, una ecograf\u00eda y posterior punci\u00f3n para determinar qu\u00e9 clase de tumor es y qu\u00e9 riesgo existe\u201d cierra Sinagra.<\/p>\n","protected":false},"excerpt":{"rendered":"<p>El c\u00e1ncer de tiroides se caracteriza por el crecimiento anormal de c\u00e9lulas en la gl\u00e1ndula tiroides, ubicada en la parte frontal del cuello. Los s\u00edntomas m\u00e1s visibles est\u00e1n relacionados a bultos en el cuello, dificultad para tragar, cambios en la voz y, en algunos casos, dolor. Es m\u00e1s com\u00fan en mujeres que en hombres y&hellip;<\/p>\n","protected":false},"author":6,"featured_media":0,"parent":0,"menu_order":0,"comment_status":"closed","ping_status":"closed","template":"","meta":{"footnotes":""},"class_list":["post-1164","page","type-page","status-publish","hentry"],"aioseo_notices":[],"_links":{"self":[{"href":"https:\/\/www.hospitaldeclinicas.uba.ar\/index.php?rest_route=\/wp\/v2\/pages\/1164","targetHints":{"allow":["GET"]}}],"collection":[{"href":"https:\/\/www.hospitaldeclinicas.uba.ar\/index.php?rest_route=\/wp\/v2\/pages"}],"about":[{"href":"https:\/\/www.hospitaldeclinicas.uba.ar\/index.php?rest_route=\/wp\/v2\/types\/page"}],"author":[{"embeddable":true,"href":"https:\/\/www.hospitaldeclinicas.uba.ar\/index.php?rest_route=\/wp\/v2\/users\/6"}],"replies":[{"embeddable":true,"href":"https:\/\/www.hospitaldeclinicas.uba.ar\/index.php?rest_route=%2Fwp%2Fv2%2Fcomments&post=1164"}],"version-history":[{"count":1,"href":"https:\/\/www.hospitaldeclinicas.uba.ar\/index.php?rest_route=\/wp\/v2\/pages\/1164\/revisions"}],"predecessor-version":[{"id":1166,"href":"https:\/\/www.hospitaldeclinicas.uba.ar\/index.php?rest_route=\/wp\/v2\/pages\/1164\/revisions\/1166"}],"wp:attachment":[{"href":"https:\/\/www.hospitaldeclinicas.uba.ar\/index.php?rest_route=%2Fwp%2Fv2%2Fmedia&parent=1164"}],"curies":[{"name":"wp","href":"https:\/\/api.w.org\/{rel}","templated":true}]}}